{"id":164,"date":"2019-05-02T16:17:37","date_gmt":"2019-05-02T13:17:37","guid":{"rendered":"http:\/\/narvasteel.com\/%d0%ba%d1%80%d0%be%d0%b2%d0%b5%d0%bb%d1%8c%d0%bd%d1%8b%d0%b9-%d0%bc%d0%b0%d1%82%d0%b5%d1%80%d0%b8%d0%b0%d0%bb\/"},"modified":"2019-05-07T17:57:35","modified_gmt":"2019-05-07T14:57:35","slug":"%d0%ba%d1%80%d0%be%d0%b2%d0%b5%d0%bb%d1%8c%d0%bd%d1%8b%d0%b9-%d0%bc%d0%b0%d1%82%d0%b5%d1%80%d0%b8%d0%b0%d0%bb","status":"publish","type":"page","link":"https:\/\/narvasteel.com\/et\/%d0%ba%d1%80%d0%be%d0%b2%d0%b5%d0%bb%d1%8c%d0%bd%d1%8b%d0%b9-%d0%bc%d0%b0%d1%82%d0%b5%d1%80%d0%b8%d0%b0%d0%bb\/","title":{"rendered":"KATUS"},"content":{"rendered":"\n<div class=\"wp-block-image\"><figure class=\"alignright\"><img loading=\"lazy\" decoding=\"async\" width=\"347\" height=\"347\" src=\"http:\/\/narvasteel.com\/wp-content\/uploads\/2019\/04\/roofing-material_347x347-c.jpg\" alt=\"\" class=\"wp-image-80\" srcset=\"https:\/\/narvasteel.com\/wp-content\/uploads\/2019\/04\/roofing-material_347x347-c.jpg 347w, https:\/\/narvasteel.com\/wp-content\/uploads\/2019\/04\/roofing-material_347x347-c-150x150.jpg 150w, https:\/\/narvasteel.com\/wp-content\/uploads\/2019\/04\/roofing-material_347x347-c-300x300.jpg 300w, https:\/\/narvasteel.com\/wp-content\/uploads\/2019\/04\/roofing-material_347x347-c-146x146.jpg 146w, https:\/\/narvasteel.com\/wp-content\/uploads\/2019\/04\/roofing-material_347x347-c-50x50.jpg 50w, https:\/\/narvasteel.com\/wp-content\/uploads\/2019\/04\/roofing-material_347x347-c-75x75.jpg 75w, https:\/\/narvasteel.com\/wp-content\/uploads\/2019\/04\/roofing-material_347x347-c-85x85.jpg 85w, https:\/\/narvasteel.com\/wp-content\/uploads\/2019\/04\/roofing-material_347x347-c-80x80.jpg 80w\" sizes=\"auto, (max-width: 347px) 100vw, 347px\" \/><\/figure><\/div>\n\n\n\n<p>Katuset\u00f6\u00f6d ja ees metallprofiilide katmiseks kasutatakse katuste ja seinte hooned.&nbsp;Pakume oma klientidele k\u00f5ige levinum profiilid: plaatide, trapetsikujuline ja jahvatatakse.<\/p>\n\n\n\n<p><strong>KIVIPROFIIL<\/strong><\/p>\n\n\n\n<p><strong>TP20<\/strong><\/p>\n\n\n\n<p><strong>KLASSIK<\/strong><\/p>\n\n\n\n<p><strong>Valts<\/strong><\/p>\n\n\n\n<p>L\u00f5puleviimine vihmaveerennid s\u00fcsteemi ja tarvikud katused.&nbsp;R\u00e4\u00e4starennid on valmistatud tsingitud terasest, koos t\u00e4iendava kahepoolse kattega.<\/p>\n\n\n\n<p>Vorm kanalisatsiooni on kahte t\u00fc\u00fcpi: \u00fcmmargused ja ristk\u00fclikukujulised.<\/p>\n\n\n\n<p>T\u00e4iendavad elemendid tina (katuseharja, l\u00f5ppu \u00fchendavad elemendid), mis m\u00e4\u00e4rab \u00e4ra keerukus katuse kuju ja mida ei saa j\u00e4tta.<\/p>\n\n\n\n<p>Kvaliteedi tagamise 20 kuni 50 aastat.&nbsp;<\/p>\n\n\n\n<p><strong>Variante katted:<\/strong>&nbsp;PE, PUR<\/p>\n\n\n\n<p><strong>V\u00e4rvivalik:<\/strong>&nbsp;RR11, RR20, RR21, RR23, RR25, RR29, RR32, RR33, RR35, RR36, RR37<\/p>\n","protected":false},"excerpt":{"rendered":"<p>Katuset\u00f6\u00f6d ja ees metallprofiilide katmiseks kasutatakse katuste ja seinte hooned.&nbsp;Pakume oma klientidele k\u00f5ige levinum profiilid: plaatide, trapetsikujuline ja jahvatatakse. KIVIPROFIIL TP20 KLASSIK Valts L\u00f5puleviimine vihmaveerennid s\u00fcsteemi<span class=\"excerpt-hellip\"> [\u2026]<\/span><\/p>\n","protected":false},"author":1,"featured_media":0,"parent":0,"menu_order":0,"comment_status":"closed","ping_status":"closed","template":"","meta":{"footnotes":""},"class_list":["post-164","page","type-page","status-publish","hentry"],"_links":{"self":[{"href":"https:\/\/narvasteel.com\/et\/wp-json\/wp\/v2\/pages\/164","targetHints":{"allow":["GET"]}}],"collection":[{"href":"https:\/\/narvasteel.com\/et\/wp-json\/wp\/v2\/pages"}],"about":[{"href":"https:\/\/narvasteel.com\/et\/wp-json\/wp\/v2\/types\/page"}],"author":[{"embeddable":true,"href":"https:\/\/narvasteel.com\/et\/wp-json\/wp\/v2\/users\/1"}],"replies":[{"embeddable":true,"href":"https:\/\/narvasteel.com\/et\/wp-json\/wp\/v2\/comments?post=164"}],"version-history":[{"count":1,"href":"https:\/\/narvasteel.com\/et\/wp-json\/wp\/v2\/pages\/164\/revisions"}],"predecessor-version":[{"id":165,"href":"https:\/\/narvasteel.com\/et\/wp-json\/wp\/v2\/pages\/164\/revisions\/165"}],"wp:attachment":[{"href":"https:\/\/narvasteel.com\/et\/wp-json\/wp\/v2\/media?parent=164"}],"curies":[{"name":"wp","href":"https:\/\/api.w.org\/{rel}","templated":true}]}}