{"id":186,"date":"2019-05-02T16:10:41","date_gmt":"2019-05-02T13:10:41","guid":{"rendered":"http:\/\/narvasteel.com\/%d0%bd%d0%b5%d1%80%d0%b6%d0%b0%d0%b2%d0%b5%d1%8e%d1%89%d0%b0%d1%8f-%d1%81%d1%82%d0%b0%d0%bb%d1%8c\/"},"modified":"2019-05-07T20:33:26","modified_gmt":"2019-05-07T17:33:26","slug":"%d0%bd%d0%b5%d1%80%d0%b6%d0%b0%d0%b2%d0%b5%d1%8e%d1%89%d0%b0%d1%8f-%d1%81%d1%82%d0%b0%d0%bb%d1%8c","status":"publish","type":"page","link":"https:\/\/narvasteel.com\/et\/%d0%bd%d0%b5%d1%80%d0%b6%d0%b0%d0%b2%d0%b5%d1%8e%d1%89%d0%b0%d1%8f-%d1%81%d1%82%d0%b0%d0%bb%d1%8c\/","title":{"rendered":"ROOSTEVABA TERAS"},"content":{"rendered":"\r\n<div class=\"wp-block-image\">\r\n<figure class=\"alignright\"><img loading=\"lazy\" decoding=\"async\" width=\"347\" height=\"347\" class=\"wp-image-79\" src=\"http:\/\/narvasteel.com\/wp-content\/uploads\/2019\/04\/stainless-steel_347x347-c.jpg\" alt=\"\" srcset=\"https:\/\/narvasteel.com\/wp-content\/uploads\/2019\/04\/stainless-steel_347x347-c.jpg 347w, https:\/\/narvasteel.com\/wp-content\/uploads\/2019\/04\/stainless-steel_347x347-c-150x150.jpg 150w, https:\/\/narvasteel.com\/wp-content\/uploads\/2019\/04\/stainless-steel_347x347-c-300x300.jpg 300w, https:\/\/narvasteel.com\/wp-content\/uploads\/2019\/04\/stainless-steel_347x347-c-146x146.jpg 146w, https:\/\/narvasteel.com\/wp-content\/uploads\/2019\/04\/stainless-steel_347x347-c-50x50.jpg 50w, https:\/\/narvasteel.com\/wp-content\/uploads\/2019\/04\/stainless-steel_347x347-c-75x75.jpg 75w, https:\/\/narvasteel.com\/wp-content\/uploads\/2019\/04\/stainless-steel_347x347-c-85x85.jpg 85w, https:\/\/narvasteel.com\/wp-content\/uploads\/2019\/04\/stainless-steel_347x347-c-80x80.jpg 80w\" sizes=\"auto, (max-width: 347px) 100vw, 347px\" \/><\/figure>\r\n<\/div>\r\n\r\n\r\n\r\n<p><span>Roostevabast terasest metallist &#8211; see on korrosioonikindel, vastupidav ja mitmek\u00fclgne materjal, mida kasutatakse t\u00f6\u00f6stuses ja ehituses. Valik metallist on sadu objekte. Meie ettev\u00f5te pakub laia valikut lamedad ja pikad tooted roostevabast terasest tellida.<\/span><\/p>\r\n<p><strong><span>Tootevalik:<\/span><\/strong><\/p>\r\n<p><span>valtsitud lehtedest (kuumvaltsitud, k\u00fclm, dekoratiivsed);<\/span><\/p>\r\n<p><span>Toru (\u00f5mblusteta, \u00fcmmargused ja profileeritud elektriliselt);<\/span><\/p>\r\n<p><span>valtsitud osa (ruut, ring, traat, nurgas kuusnurk.);<\/span><\/p>\r\n<p><span>lukustus- ja \u00fchendavad armatuuri<\/span><\/p>\r\n<p><strong><span>Teras AISI:<\/span><\/strong><span> 304, 304L, 310S, 316, 316L, 316Ti, 321, 409L, 430, 430Ti<\/span><\/p>\r\n","protected":false},"excerpt":{"rendered":"<p>Roostevabast terasest metallist &#8211; see on korrosioonikindel, vastupidav ja mitmek\u00fclgne materjal, mida kasutatakse t\u00f6\u00f6stuses ja ehituses. Valik metallist on sadu objekte. Meie ettev\u00f5te pakub laia valikut<span class=\"excerpt-hellip\"> [\u2026]<\/span><\/p>\n","protected":false},"author":1,"featured_media":0,"parent":0,"menu_order":0,"comment_status":"closed","ping_status":"closed","template":"","meta":{"footnotes":""},"class_list":["post-186","page","type-page","status-publish","hentry"],"_links":{"self":[{"href":"https:\/\/narvasteel.com\/et\/wp-json\/wp\/v2\/pages\/186","targetHints":{"allow":["GET"]}}],"collection":[{"href":"https:\/\/narvasteel.com\/et\/wp-json\/wp\/v2\/pages"}],"about":[{"href":"https:\/\/narvasteel.com\/et\/wp-json\/wp\/v2\/types\/page"}],"author":[{"embeddable":true,"href":"https:\/\/narvasteel.com\/et\/wp-json\/wp\/v2\/users\/1"}],"replies":[{"embeddable":true,"href":"https:\/\/narvasteel.com\/et\/wp-json\/wp\/v2\/comments?post=186"}],"version-history":[{"count":1,"href":"https:\/\/narvasteel.com\/et\/wp-json\/wp\/v2\/pages\/186\/revisions"}],"predecessor-version":[{"id":187,"href":"https:\/\/narvasteel.com\/et\/wp-json\/wp\/v2\/pages\/186\/revisions\/187"}],"wp:attachment":[{"href":"https:\/\/narvasteel.com\/et\/wp-json\/wp\/v2\/media?parent=186"}],"curies":[{"name":"wp","href":"https:\/\/api.w.org\/{rel}","templated":true}]}}