{"id":207,"date":"2019-05-02T16:05:06","date_gmt":"2019-05-02T13:05:06","guid":{"rendered":"http:\/\/narvasteel.com\/%d0%bf%d0%b0%d0%bd%d0%b5%d0%bb%d1%8c%d0%bd%d1%8b%d0%b5-3d-%d0%be%d0%b3%d1%80%d0%b0%d0%b6%d0%b4%d0%b5%d0%bd%d0%b8%d1%8f\/"},"modified":"2019-05-07T20:41:48","modified_gmt":"2019-05-07T17:41:48","slug":"%d0%bf%d0%b0%d0%bd%d0%b5%d0%bb%d1%8c%d0%bd%d1%8b%d0%b5-3d-%d0%be%d0%b3%d1%80%d0%b0%d0%b6%d0%b4%d0%b5%d0%bd%d0%b8%d1%8f","status":"publish","type":"page","link":"https:\/\/narvasteel.com\/et\/%d0%bf%d0%b0%d0%bd%d0%b5%d0%bb%d1%8c%d0%bd%d1%8b%d0%b5-3d-%d0%be%d0%b3%d1%80%d0%b0%d0%b6%d0%b4%d0%b5%d0%bd%d0%b8%d1%8f\/","title":{"rendered":"3D PANEELAEDADEGA"},"content":{"rendered":"\r\n<div class=\"wp-block-image\">\r\n<figure class=\"alignright\"><img loading=\"lazy\" decoding=\"async\" width=\"347\" height=\"347\" class=\"wp-image-78\" src=\"http:\/\/narvasteel.com\/wp-content\/uploads\/2019\/04\/panel-fencing_347x347-c.jpg\" alt=\"\" srcset=\"https:\/\/narvasteel.com\/wp-content\/uploads\/2019\/04\/panel-fencing_347x347-c.jpg 347w, https:\/\/narvasteel.com\/wp-content\/uploads\/2019\/04\/panel-fencing_347x347-c-150x150.jpg 150w, https:\/\/narvasteel.com\/wp-content\/uploads\/2019\/04\/panel-fencing_347x347-c-300x300.jpg 300w, https:\/\/narvasteel.com\/wp-content\/uploads\/2019\/04\/panel-fencing_347x347-c-146x146.jpg 146w, https:\/\/narvasteel.com\/wp-content\/uploads\/2019\/04\/panel-fencing_347x347-c-50x50.jpg 50w, https:\/\/narvasteel.com\/wp-content\/uploads\/2019\/04\/panel-fencing_347x347-c-75x75.jpg 75w, https:\/\/narvasteel.com\/wp-content\/uploads\/2019\/04\/panel-fencing_347x347-c-85x85.jpg 85w, https:\/\/narvasteel.com\/wp-content\/uploads\/2019\/04\/panel-fencing_347x347-c-80x80.jpg 80w\" sizes=\"auto, (max-width: 347px) 100vw, 347px\" \/><\/figure>\r\n<\/div>\r\n\r\n\r\n\r\n<p><span>3d aias\u00fcsteem koosneb paneelid ja sammast erineva k\u00f5rgusega, koos kinnitustega ning suur hulk liugv\u00e4ravad kohandatud viib automaatselt ja Piirded. Kangid paneelid on V-kujuline paindub, mis annavad suurema j\u00e4ikuse paneeli. L\u00f5pptulemus paneeli 30 millimeetri eenduva kontakte. Soovitatav on tara avalike institutsioonide, laod, koolid, pargid, spordi- ja m\u00e4nguv\u00e4ljakud, t\u00f6\u00f6stus- ja erasektori valdkondades. Kvaliteetne, v\u00e4ga vastupidav ja pika eluea paneeli ja postitused on valmistatud tsingitud terasest ja kaetud pol\u00fcmeeriga vastavalt EN ISO 1461.<\/span><\/p>\r\n<p><strong><span>Postid ja FIXING<\/span><\/strong><\/p>\r\n<p><span>Paneelid on varustatud sammast profiili 60&#215;40 mm jagu. Tagak\u00fcljel sambal on luku \u00fchendus, mis annab t\u00e4iendavat j\u00e4ikust, esik\u00fcljel sambal on augud keermestatud p\u00f5\u00f5sad kinnitamiseks sees paneelid kinniti ja M6h40 kruvi sisekuuskant. Sammast on varustatud plastmassist korgiga.<\/span><\/p>\r\n<p><strong><span>Gates<\/span><\/strong><\/p>\r\n<p><span>Kiikumist ja liugukse paisu v\u00f5i lasta 60h40mm 80h60mm raami ja keskraami lisab tugevust. Pakendatud tooted on t\u00e4iesti sammastega 80&#215;80 \/ \u200b\u200b100&#215;100 ja k\u00f5ik vajalikud andmed.<\/span><\/p>\r\n<p><strong><span>Paneeli Pikkus:<\/span><\/strong><span> \u00a0 1230MM, 1530mm, 1730mm, 2030mm<\/span><\/p>\r\n<p><strong><span>Paneeli laius:<\/span><\/strong><span> \u00a02500 mm<\/span><\/p>\r\n<p><strong><span>V\u00f5rgusilma suurus: \u00a0<\/span><\/strong><span> \u00a050&#215;200 mm<\/span><\/p>\r\n<p><strong><span>Traadi l\u00e4bim\u00f5\u00f5t:<\/span><\/strong><span> \u00a04 mm, 5 mm<\/span><\/p>\r\n<p><strong><span>Kate:<\/span><\/strong><span> ZN + RAL6005 (roheline), RAL8017 (Brown)<\/span><\/p>\r\n","protected":false},"excerpt":{"rendered":"<p>3d aias\u00fcsteem koosneb paneelid ja sammast erineva k\u00f5rgusega, koos kinnitustega ning suur hulk liugv\u00e4ravad kohandatud viib automaatselt ja Piirded. Kangid paneelid on V-kujuline paindub, mis annavad<span class=\"excerpt-hellip\"> [\u2026]<\/span><\/p>\n","protected":false},"author":1,"featured_media":0,"parent":0,"menu_order":0,"comment_status":"closed","ping_status":"closed","template":"","meta":{"footnotes":""},"class_list":["post-207","page","type-page","status-publish","hentry"],"_links":{"self":[{"href":"https:\/\/narvasteel.com\/et\/wp-json\/wp\/v2\/pages\/207","targetHints":{"allow":["GET"]}}],"collection":[{"href":"https:\/\/narvasteel.com\/et\/wp-json\/wp\/v2\/pages"}],"about":[{"href":"https:\/\/narvasteel.com\/et\/wp-json\/wp\/v2\/types\/page"}],"author":[{"embeddable":true,"href":"https:\/\/narvasteel.com\/et\/wp-json\/wp\/v2\/users\/1"}],"replies":[{"embeddable":true,"href":"https:\/\/narvasteel.com\/et\/wp-json\/wp\/v2\/comments?post=207"}],"version-history":[{"count":1,"href":"https:\/\/narvasteel.com\/et\/wp-json\/wp\/v2\/pages\/207\/revisions"}],"predecessor-version":[{"id":208,"href":"https:\/\/narvasteel.com\/et\/wp-json\/wp\/v2\/pages\/207\/revisions\/208"}],"wp:attachment":[{"href":"https:\/\/narvasteel.com\/et\/wp-json\/wp\/v2\/media?parent=207"}],"curies":[{"name":"wp","href":"https:\/\/api.w.org\/{rel}","templated":true}]}}