{"id":228,"date":"2019-05-02T16:02:43","date_gmt":"2019-05-02T13:02:43","guid":{"rendered":"http:\/\/narvasteel.com\/%d0%bf%d0%b5%d1%80%d1%84%d0%be%d1%80%d0%b8%d1%80%d0%be%d0%b2%d0%b0%d0%bd%d0%bd%d1%8b%d0%b5-%d0%bb%d0%b8%d1%81%d1%82%d1%8b\/"},"modified":"2019-05-07T20:48:51","modified_gmt":"2019-05-07T17:48:51","slug":"%d0%bf%d0%b5%d1%80%d1%84%d0%be%d1%80%d0%b8%d1%80%d0%be%d0%b2%d0%b0%d0%bd%d0%bd%d1%8b%d0%b5-%d0%bb%d0%b8%d1%81%d1%82%d1%8b","status":"publish","type":"page","link":"https:\/\/narvasteel.com\/et\/%d0%bf%d0%b5%d1%80%d1%84%d0%be%d1%80%d0%b8%d1%80%d0%be%d0%b2%d0%b0%d0%bd%d0%bd%d1%8b%d0%b5-%d0%bb%d0%b8%d1%81%d1%82%d1%8b\/","title":{"rendered":"PERFOREERITUD LEHED"},"content":{"rendered":"\r\n<div class=\"wp-block-image\">\r\n<figure class=\"alignright\"><img loading=\"lazy\" decoding=\"async\" width=\"347\" height=\"347\" class=\"wp-image-77\" src=\"http:\/\/narvasteel.com\/wp-content\/uploads\/2019\/04\/perforated-sheet_347x347-c.jpg\" alt=\"\" srcset=\"https:\/\/narvasteel.com\/wp-content\/uploads\/2019\/04\/perforated-sheet_347x347-c.jpg 347w, https:\/\/narvasteel.com\/wp-content\/uploads\/2019\/04\/perforated-sheet_347x347-c-150x150.jpg 150w, https:\/\/narvasteel.com\/wp-content\/uploads\/2019\/04\/perforated-sheet_347x347-c-300x300.jpg 300w, https:\/\/narvasteel.com\/wp-content\/uploads\/2019\/04\/perforated-sheet_347x347-c-146x146.jpg 146w, https:\/\/narvasteel.com\/wp-content\/uploads\/2019\/04\/perforated-sheet_347x347-c-50x50.jpg 50w, https:\/\/narvasteel.com\/wp-content\/uploads\/2019\/04\/perforated-sheet_347x347-c-75x75.jpg 75w, https:\/\/narvasteel.com\/wp-content\/uploads\/2019\/04\/perforated-sheet_347x347-c-85x85.jpg 85w, https:\/\/narvasteel.com\/wp-content\/uploads\/2019\/04\/perforated-sheet_347x347-c-80x80.jpg 80w\" sizes=\"auto, (max-width: 347px) 100vw, 347px\" \/><\/figure>\r\n<\/div>\r\n\r\n\r\n\r\n<p><span>Perforeeritud lehed kasutatakse laialdaselt ventilatsiooniseade, m\u00f6\u00f6bli, kujunduselementide seadmega k\u00fcttes\u00fcsteemide, p\u00f5llumajandustehnika, jne<\/span><\/p>\r\n<p><strong><span>Materjalid:<\/span><\/strong><span> Teras ja tsingitud terasest, roostevabast terasest, alumiiniumist.<\/span><\/p>\r\n<p><strong><span>Paksus:<\/span><\/strong><span> 0,5-10,0 mm<\/span><\/p>\r\n<p><strong><span>Formaat:<\/span><\/strong><span> 1000 x 2000 mm, 1250 x 2500 mm, 1500 x 3000 mm<\/span><\/p>\r\n<p><strong><span>Kate:<\/span><\/strong><span> RAL maali, koorimine, PVC film.<\/span><\/p>\r\n<p><span>perforatsiooni liiki:<\/span><\/p>\r\n<p><span>&#8211; Round: kolmnurk \/ ruudu paigutus<\/span><\/p>\r\n<p><span>&#8211; kandilised: kolmnurk \/ ruudu paigutus<\/span><\/p>\r\n<p><span>&#8211; kuusnurkne, pilutaolise: vahelduva asukoha<\/span><\/p>\r\n","protected":false},"excerpt":{"rendered":"<p>Perforeeritud lehed kasutatakse laialdaselt ventilatsiooniseade, m\u00f6\u00f6bli, kujunduselementide seadmega k\u00fcttes\u00fcsteemide, p\u00f5llumajandustehnika, jne Materjalid: Teras ja tsingitud terasest, roostevabast terasest, alumiiniumist. Paksus: 0,5-10,0 mm Formaat: 1000 x 2000<span class=\"excerpt-hellip\"> [\u2026]<\/span><\/p>\n","protected":false},"author":1,"featured_media":0,"parent":0,"menu_order":0,"comment_status":"closed","ping_status":"closed","template":"","meta":{"footnotes":""},"class_list":["post-228","page","type-page","status-publish","hentry"],"_links":{"self":[{"href":"https:\/\/narvasteel.com\/et\/wp-json\/wp\/v2\/pages\/228","targetHints":{"allow":["GET"]}}],"collection":[{"href":"https:\/\/narvasteel.com\/et\/wp-json\/wp\/v2\/pages"}],"about":[{"href":"https:\/\/narvasteel.com\/et\/wp-json\/wp\/v2\/types\/page"}],"author":[{"embeddable":true,"href":"https:\/\/narvasteel.com\/et\/wp-json\/wp\/v2\/users\/1"}],"replies":[{"embeddable":true,"href":"https:\/\/narvasteel.com\/et\/wp-json\/wp\/v2\/comments?post=228"}],"version-history":[{"count":1,"href":"https:\/\/narvasteel.com\/et\/wp-json\/wp\/v2\/pages\/228\/revisions"}],"predecessor-version":[{"id":229,"href":"https:\/\/narvasteel.com\/et\/wp-json\/wp\/v2\/pages\/228\/revisions\/229"}],"wp:attachment":[{"href":"https:\/\/narvasteel.com\/et\/wp-json\/wp\/v2\/media?parent=228"}],"curies":[{"name":"wp","href":"https:\/\/api.w.org\/{rel}","templated":true}]}}