{"id":250,"date":"2019-05-02T15:57:03","date_gmt":"2019-05-02T12:57:03","guid":{"rendered":"http:\/\/narvasteel.com\/%d0%bf%d1%80%d0%be%d1%81%d0%b5%d1%87%d0%bd%d0%be-%d0%b2%d1%8b%d1%82%d1%8f%d0%b6%d0%bd%d1%8b%d0%b5-%d1%81%d0%b5%d1%82%d0%ba%d0%b8\/"},"modified":"2019-05-07T20:55:04","modified_gmt":"2019-05-07T17:55:04","slug":"%d0%bf%d1%80%d0%be%d1%81%d0%b5%d1%87%d0%bd%d0%be-%d0%b2%d1%8b%d1%82%d1%8f%d0%b6%d0%bd%d1%8b%d0%b5-%d1%81%d0%b5%d1%82%d0%ba%d0%b8","status":"publish","type":"page","link":"https:\/\/narvasteel.com\/et\/%d0%bf%d1%80%d0%be%d1%81%d0%b5%d1%87%d0%bd%d0%be-%d0%b2%d1%8b%d1%82%d1%8f%d0%b6%d0%bd%d1%8b%d0%b5-%d1%81%d0%b5%d1%82%d0%ba%d0%b8\/","title":{"rendered":"EXPANDED METALLV\u00d5RK"},"content":{"rendered":"\r\n<div class=\"wp-block-image\">\r\n<figure class=\"alignright\"><img loading=\"lazy\" decoding=\"async\" width=\"347\" height=\"347\" class=\"wp-image-76\" src=\"http:\/\/narvasteel.com\/wp-content\/uploads\/2019\/04\/expanded-drawn_347x347-c.jpg\" alt=\"\" srcset=\"https:\/\/narvasteel.com\/wp-content\/uploads\/2019\/04\/expanded-drawn_347x347-c.jpg 347w, https:\/\/narvasteel.com\/wp-content\/uploads\/2019\/04\/expanded-drawn_347x347-c-150x150.jpg 150w, https:\/\/narvasteel.com\/wp-content\/uploads\/2019\/04\/expanded-drawn_347x347-c-300x300.jpg 300w, https:\/\/narvasteel.com\/wp-content\/uploads\/2019\/04\/expanded-drawn_347x347-c-146x146.jpg 146w, https:\/\/narvasteel.com\/wp-content\/uploads\/2019\/04\/expanded-drawn_347x347-c-50x50.jpg 50w, https:\/\/narvasteel.com\/wp-content\/uploads\/2019\/04\/expanded-drawn_347x347-c-75x75.jpg 75w, https:\/\/narvasteel.com\/wp-content\/uploads\/2019\/04\/expanded-drawn_347x347-c-85x85.jpg 85w, https:\/\/narvasteel.com\/wp-content\/uploads\/2019\/04\/expanded-drawn_347x347-c-80x80.jpg 80w\" sizes=\"auto, (max-width: 347px) 100vw, 347px\" \/><\/figure>\r\n<\/div>\r\n\r\n\r\n\r\n<p><span>Laiendatud metallv\u00f5rk on mugav ehitusmaterjal.<\/span><\/p>\r\n<p><span>Eelised soonega grid on selle lihtsus ja libisemisvastase pinnaga. Prosechnye v\u00f5rgusilma on erinevaid rakendusi: liiv, kaitsev ja dekoratiivsed v\u00f5red, ripplagede, k\u00f5nniteed, trepid, kaldteed.<\/span><\/p>\r\n<p><strong><span>Materjal:<\/span><\/strong><span> Steel must, roostevaba teras, alumiinium<\/span><\/p>\r\n<p><strong><span>Plating:<\/span><\/strong><span> Tsingitud<\/span><\/p>\r\n<p><strong><span>Cell suurus:<\/span><\/strong><span> \u00a02.0 teha &#8211; 147,0 mm<\/span><\/p>\r\n<p><strong><span>Materjali paksus:<\/span><\/strong><span> \u00a00,5-4,0 mm<\/span><\/p>\r\n<p><strong><span>Standardi lehe m\u00f5\u00f5tudes:<\/span><\/strong><span> 1000h2000 mm, 1250h2500 mm, mm 1500h3000<\/span><\/p>\r\n<p><span>* Me teostada tellimusi v\u00f5rku ei ole standard suurused.<\/span><\/p>\r\n","protected":false},"excerpt":{"rendered":"<p>Laiendatud metallv\u00f5rk on mugav ehitusmaterjal. Eelised soonega grid on selle lihtsus ja libisemisvastase pinnaga. Prosechnye v\u00f5rgusilma on erinevaid rakendusi: liiv, kaitsev ja dekoratiivsed v\u00f5red, ripplagede, k\u00f5nniteed,<span class=\"excerpt-hellip\"> [\u2026]<\/span><\/p>\n","protected":false},"author":1,"featured_media":0,"parent":0,"menu_order":0,"comment_status":"closed","ping_status":"closed","template":"","meta":{"footnotes":""},"class_list":["post-250","page","type-page","status-publish","hentry"],"_links":{"self":[{"href":"https:\/\/narvasteel.com\/et\/wp-json\/wp\/v2\/pages\/250","targetHints":{"allow":["GET"]}}],"collection":[{"href":"https:\/\/narvasteel.com\/et\/wp-json\/wp\/v2\/pages"}],"about":[{"href":"https:\/\/narvasteel.com\/et\/wp-json\/wp\/v2\/types\/page"}],"author":[{"embeddable":true,"href":"https:\/\/narvasteel.com\/et\/wp-json\/wp\/v2\/users\/1"}],"replies":[{"embeddable":true,"href":"https:\/\/narvasteel.com\/et\/wp-json\/wp\/v2\/comments?post=250"}],"version-history":[{"count":1,"href":"https:\/\/narvasteel.com\/et\/wp-json\/wp\/v2\/pages\/250\/revisions"}],"predecessor-version":[{"id":251,"href":"https:\/\/narvasteel.com\/et\/wp-json\/wp\/v2\/pages\/250\/revisions\/251"}],"wp:attachment":[{"href":"https:\/\/narvasteel.com\/et\/wp-json\/wp\/v2\/media?parent=250"}],"curies":[{"name":"wp","href":"https:\/\/api.w.org\/{rel}","templated":true}]}}