{"id":271,"date":"2019-05-02T15:52:56","date_gmt":"2019-05-02T12:52:56","guid":{"rendered":"http:\/\/narvasteel.com\/%d1%80%d0%b0%d0%b1%d0%b8%d1%86%d0%b0-%d0%b8-%d0%ba%d0%be%d0%bb%d1%8e%d1%87%d0%b0%d1%8f-%d0%bf%d1%80%d0%be%d0%b2%d0%be%d0%bb%d0%be%d0%ba%d0%b0\/"},"modified":"2019-05-07T21:01:28","modified_gmt":"2019-05-07T18:01:28","slug":"%d1%80%d0%b0%d0%b1%d0%b8%d1%86%d0%b0-%d0%b8-%d0%ba%d0%be%d0%bb%d1%8e%d1%87%d0%b0%d1%8f-%d0%bf%d1%80%d0%be%d0%b2%d0%be%d0%bb%d0%be%d0%ba%d0%b0","status":"publish","type":"page","link":"https:\/\/narvasteel.com\/et\/%d1%80%d0%b0%d0%b1%d0%b8%d1%86%d0%b0-%d0%b8-%d0%ba%d0%be%d0%bb%d1%8e%d1%87%d0%b0%d1%8f-%d0%bf%d1%80%d0%be%d0%b2%d0%be%d0%bb%d0%be%d0%ba%d0%b0\/","title":{"rendered":"V\u00d5RGUD JA OKASTRAAT"},"content":{"rendered":"\r\n<div class=\"wp-block-image\">\r\n<figure class=\"alignright\"><img loading=\"lazy\" decoding=\"async\" width=\"347\" height=\"347\" class=\"wp-image-75\" src=\"http:\/\/narvasteel.com\/wp-content\/uploads\/2019\/04\/rabitz-barbed-wire_347x347-c.jpg\" alt=\"\" srcset=\"https:\/\/narvasteel.com\/wp-content\/uploads\/2019\/04\/rabitz-barbed-wire_347x347-c.jpg 347w, https:\/\/narvasteel.com\/wp-content\/uploads\/2019\/04\/rabitz-barbed-wire_347x347-c-150x150.jpg 150w, https:\/\/narvasteel.com\/wp-content\/uploads\/2019\/04\/rabitz-barbed-wire_347x347-c-300x300.jpg 300w, https:\/\/narvasteel.com\/wp-content\/uploads\/2019\/04\/rabitz-barbed-wire_347x347-c-146x146.jpg 146w, https:\/\/narvasteel.com\/wp-content\/uploads\/2019\/04\/rabitz-barbed-wire_347x347-c-50x50.jpg 50w, https:\/\/narvasteel.com\/wp-content\/uploads\/2019\/04\/rabitz-barbed-wire_347x347-c-75x75.jpg 75w, https:\/\/narvasteel.com\/wp-content\/uploads\/2019\/04\/rabitz-barbed-wire_347x347-c-85x85.jpg 85w, https:\/\/narvasteel.com\/wp-content\/uploads\/2019\/04\/rabitz-barbed-wire_347x347-c-80x80.jpg 80w\" sizes=\"auto, (max-width: 347px) 100vw, 347px\" \/><\/figure>\r\n<\/div>\r\n\r\n\r\n\r\n<p><span>Wicker tara v\u00f5i tasaarveldamine see on k\u00f5ige odavam ja mugavam lahendus kaitse eramud, karjamaad, koolid, t\u00f6\u00f6stuspiirkondades. V\u00f5re on valmistatud kuumt\u00f6\u00f6deldud tsingitud terastraadist v\u00f5i tsingitud terastraadist kaetud PVC.<\/span><\/p>\r\n<p><span>Lisaks saab osta postid ja kinnitusvahendid elemendid v\u00f5rku.<\/span><\/p>\r\n<p><span>\u2022 <\/span><strong><span>grid k\u00f5rgus:<\/span><\/strong><span> 1200 mm, 1500 mm<\/span><\/p>\r\n<p><span>\u2022 <\/span><strong><span>V\u00f5rgusilma suurus<\/span><\/strong><span> 50&#215;50 mm<\/span><\/p>\r\n<p><span>\u2022 <\/span><strong><span>Traadi l\u00e4bim\u00f5\u00f5t:<\/span><\/strong><span> 2 mm, 2,8 mm<\/span><\/p>\r\n<p><span>\u2022 <\/span><strong><span>Kate:<\/span><\/strong><span> ZN, ZN + PVC (roheline)<\/span><\/p>\r\n<p><span>\u2022 <\/span><strong><span>Rulli pikkus:<\/span><\/strong><span> 25 m<\/span><\/p>\r\n<p><strong><span>okastraat<\/span><\/strong><\/p>\r\n<p><span>Okastraat &#8211; see on suurep\u00e4rane lisaks mis tahes t\u00fc\u00fcpi aiad.<\/span><\/p>\r\n<p><span>Valides okastraat, siis t\u00f5sta 80% usaldusv\u00e4\u00e4rsuse tara.<\/span><\/p>\r\n<p><span>\u2022\u00a0 <\/span><strong><span>arv selg:<\/span><\/strong><span> 4<\/span><\/p>\r\n<p><span>\u2022\u00a0 <\/span><strong><span>Traadi l\u00e4bim\u00f5\u00f5t:<\/span><\/strong><span> 2.0 Me mm<\/span><\/p>\r\n<p><span>\u2022\u00a0 <\/span><strong><span>t\u00f6\u00f6tlemise \/ kate:<\/span><\/strong><span> ZN<\/span><\/p>\r\n<p><span>\u2022\u00a0 <\/span><strong><span>Rulli pikkus:<\/span><\/strong><span> 250 m<\/span><\/p>\r\n","protected":false},"excerpt":{"rendered":"<p>Wicker tara v\u00f5i tasaarveldamine see on k\u00f5ige odavam ja mugavam lahendus kaitse eramud, karjamaad, koolid, t\u00f6\u00f6stuspiirkondades. V\u00f5re on valmistatud kuumt\u00f6\u00f6deldud tsingitud terastraadist v\u00f5i tsingitud terastraadist kaetud<span class=\"excerpt-hellip\"> [\u2026]<\/span><\/p>\n","protected":false},"author":1,"featured_media":0,"parent":0,"menu_order":0,"comment_status":"closed","ping_status":"closed","template":"","meta":{"footnotes":""},"class_list":["post-271","page","type-page","status-publish","hentry"],"_links":{"self":[{"href":"https:\/\/narvasteel.com\/et\/wp-json\/wp\/v2\/pages\/271","targetHints":{"allow":["GET"]}}],"collection":[{"href":"https:\/\/narvasteel.com\/et\/wp-json\/wp\/v2\/pages"}],"about":[{"href":"https:\/\/narvasteel.com\/et\/wp-json\/wp\/v2\/types\/page"}],"author":[{"embeddable":true,"href":"https:\/\/narvasteel.com\/et\/wp-json\/wp\/v2\/users\/1"}],"replies":[{"embeddable":true,"href":"https:\/\/narvasteel.com\/et\/wp-json\/wp\/v2\/comments?post=271"}],"version-history":[{"count":1,"href":"https:\/\/narvasteel.com\/et\/wp-json\/wp\/v2\/pages\/271\/revisions"}],"predecessor-version":[{"id":272,"href":"https:\/\/narvasteel.com\/et\/wp-json\/wp\/v2\/pages\/271\/revisions\/272"}],"wp:attachment":[{"href":"https:\/\/narvasteel.com\/et\/wp-json\/wp\/v2\/media?parent=271"}],"curies":[{"name":"wp","href":"https:\/\/api.w.org\/{rel}","templated":true}]}}