{"id":292,"date":"2019-05-02T14:56:26","date_gmt":"2019-05-02T11:56:26","guid":{"rendered":"http:\/\/narvasteel.com\/%d1%80%d0%b5%d1%88%d0%b5%d1%82%d0%ba%d0%b8-%d0%b8-%d1%81%d1%82%d1%83%d0%bf%d0%b5%d0%bd%d0%b8\/"},"modified":"2019-05-07T21:07:23","modified_gmt":"2019-05-07T18:07:23","slug":"%d1%80%d0%b5%d1%88%d0%b5%d1%82%d0%ba%d0%b8-%d0%b8-%d1%81%d1%82%d1%83%d0%bf%d0%b5%d0%bd%d0%b8","status":"publish","type":"page","link":"https:\/\/narvasteel.com\/et\/%d1%80%d0%b5%d1%88%d0%b5%d1%82%d0%ba%d0%b8-%d0%b8-%d1%81%d1%82%d1%83%d0%bf%d0%b5%d0%bd%d0%b8\/","title":{"rendered":"TRELLIDE JA SAMMUD"},"content":{"rendered":"\r\n<div class=\"wp-block-image\">\r\n<figure class=\"alignright\"><img loading=\"lazy\" decoding=\"async\" width=\"347\" height=\"347\" class=\"wp-image-74\" src=\"http:\/\/narvasteel.com\/wp-content\/uploads\/2019\/04\/lattices-steps_347x347-c.jpg\" alt=\"\" srcset=\"https:\/\/narvasteel.com\/wp-content\/uploads\/2019\/04\/lattices-steps_347x347-c.jpg 347w, https:\/\/narvasteel.com\/wp-content\/uploads\/2019\/04\/lattices-steps_347x347-c-150x150.jpg 150w, https:\/\/narvasteel.com\/wp-content\/uploads\/2019\/04\/lattices-steps_347x347-c-300x300.jpg 300w, https:\/\/narvasteel.com\/wp-content\/uploads\/2019\/04\/lattices-steps_347x347-c-146x146.jpg 146w, https:\/\/narvasteel.com\/wp-content\/uploads\/2019\/04\/lattices-steps_347x347-c-50x50.jpg 50w, https:\/\/narvasteel.com\/wp-content\/uploads\/2019\/04\/lattices-steps_347x347-c-75x75.jpg 75w, https:\/\/narvasteel.com\/wp-content\/uploads\/2019\/04\/lattices-steps_347x347-c-85x85.jpg 85w, https:\/\/narvasteel.com\/wp-content\/uploads\/2019\/04\/lattices-steps_347x347-c-80x80.jpg 80w\" sizes=\"auto, (max-width: 347px) 100vw, 347px\" \/><\/figure>\r\n<\/div>\r\n\r\n\r\n\r\n<p><strong><span>&#8211; keevitatud ja pressitud restid<\/span><\/strong><\/p>\r\n<p><span>V\u00f5re terasest p\u00f5randakate on kaasaegne ja vastupidav materjal, mida kasutatakse laialdaselt t\u00f6\u00f6stuses ja ehituses. P\u00f5hijooneks keevitatud v\u00f5rega on kerge ja k\u00f5rge vastupidavus suurtel koormustel. Lattices hammas libisemisvastase pinnaga kasutatakse piirkondades, kus on oht, libistades liikumise.\u00a0<\/span><\/p>\r\n<p><span>Keevitatud restid on m\u00f5eldud raskeveokite Transporditehnika laadimine.<\/span><\/p>\r\n<p><span>Ulatus: jalgradade ja hooldus platvormid kate jalamatt poolt Sissep\u00e4\u00e4supaneeli rippus seina \u00fchikut ja hoonete fassaadide ja viaduktid hoiurestid\u00a0<\/span><\/p>\r\n<p><strong><span>Materjal:<\/span><\/strong><span> Steel must<\/span><\/p>\r\n<p><strong><span>Plating:<\/span><\/strong><span> Tsingitud<\/span><\/p>\r\n<p><strong><span>Cell suurus:<\/span><\/strong><span> \u00a019h50 mm, 34h11 mm, mm 34h76<\/span><\/p>\r\n<p><strong><span>Materjali paksus:<\/span><\/strong><span> \u00a02.0 teha &#8211; 5,0 mm<\/span><\/p>\r\n<p><strong><span>Standardsuurustega:<\/span><\/strong><span> \u00a06100h1000 mm<\/span><\/p>\r\n<p><span>Siin saad tellida tekkide ei ole standard suurused.<\/span><\/p>\r\n<p><strong><span>&#8211; Metal etapi<\/span><\/strong><\/p>\r\n<p><span>Pakume valmis etapis ehitatud vastavalt DIN 24531 standardile ja t\u00f6\u00f6deldud kuumtsinkimine. Nominaalne suurused samme tabelis n\u00e4idatud, kuid v\u00f5ib valmistada ka vastavalt sammu suurus klient seda n\u00f5uab. Stage on mugav lahendus hoone standard trepid k\u00f5igi kuju ja suurusega.<\/span><\/p>\r\n\r\n\r\n\r\n<div class=\"wp-block-image\">\r\n<figure class=\"aligncenter\"><img loading=\"lazy\" decoding=\"async\" width=\"459\" height=\"360\" class=\"wp-image-97\" src=\"http:\/\/narvasteel.com\/wp-content\/uploads\/2019\/05\/555.jpg\" alt=\"\" srcset=\"https:\/\/narvasteel.com\/wp-content\/uploads\/2019\/05\/555.jpg 459w, https:\/\/narvasteel.com\/wp-content\/uploads\/2019\/05\/555-300x235.jpg 300w, https:\/\/narvasteel.com\/wp-content\/uploads\/2019\/05\/555-186x146.jpg 186w, https:\/\/narvasteel.com\/wp-content\/uploads\/2019\/05\/555-50x39.jpg 50w, https:\/\/narvasteel.com\/wp-content\/uploads\/2019\/05\/555-96x75.jpg 96w\" sizes=\"auto, (max-width: 459px) 100vw, 459px\" \/><\/figure>\r\n<\/div>\r\n","protected":false},"excerpt":{"rendered":"<p>&#8211; keevitatud ja pressitud restid V\u00f5re terasest p\u00f5randakate on kaasaegne ja vastupidav materjal, mida kasutatakse laialdaselt t\u00f6\u00f6stuses ja ehituses. P\u00f5hijooneks keevitatud v\u00f5rega on kerge ja k\u00f5rge<span class=\"excerpt-hellip\"> [\u2026]<\/span><\/p>\n","protected":false},"author":1,"featured_media":0,"parent":0,"menu_order":0,"comment_status":"closed","ping_status":"closed","template":"","meta":{"footnotes":""},"class_list":["post-292","page","type-page","status-publish","hentry"],"_links":{"self":[{"href":"https:\/\/narvasteel.com\/et\/wp-json\/wp\/v2\/pages\/292","targetHints":{"allow":["GET"]}}],"collection":[{"href":"https:\/\/narvasteel.com\/et\/wp-json\/wp\/v2\/pages"}],"about":[{"href":"https:\/\/narvasteel.com\/et\/wp-json\/wp\/v2\/types\/page"}],"author":[{"embeddable":true,"href":"https:\/\/narvasteel.com\/et\/wp-json\/wp\/v2\/users\/1"}],"replies":[{"embeddable":true,"href":"https:\/\/narvasteel.com\/et\/wp-json\/wp\/v2\/comments?post=292"}],"version-history":[{"count":1,"href":"https:\/\/narvasteel.com\/et\/wp-json\/wp\/v2\/pages\/292\/revisions"}],"predecessor-version":[{"id":293,"href":"https:\/\/narvasteel.com\/et\/wp-json\/wp\/v2\/pages\/292\/revisions\/293"}],"wp:attachment":[{"href":"https:\/\/narvasteel.com\/et\/wp-json\/wp\/v2\/media?parent=292"}],"curies":[{"name":"wp","href":"https:\/\/api.w.org\/{rel}","templated":true}]}}