{"id":313,"date":"2019-05-02T14:51:09","date_gmt":"2019-05-02T11:51:09","guid":{"rendered":"http:\/\/narvasteel.com\/%d1%81%d0%b2%d0%b0%d1%80%d0%bd%d1%8b%d0%b5-%d1%81%d0%b5%d1%82%d0%ba%d0%b8\/"},"modified":"2019-05-07T21:18:48","modified_gmt":"2019-05-07T18:18:48","slug":"%d1%81%d0%b2%d0%b0%d1%80%d0%bd%d1%8b%d0%b5-%d1%81%d0%b5%d1%82%d0%ba%d0%b8","status":"publish","type":"page","link":"https:\/\/narvasteel.com\/et\/%d1%81%d0%b2%d0%b0%d1%80%d0%bd%d1%8b%d0%b5-%d1%81%d0%b5%d1%82%d0%ba%d0%b8\/","title":{"rendered":"KEEVITATUD TRAATV\u00d5RK"},"content":{"rendered":"\r\n<p><img loading=\"lazy\" decoding=\"async\" class=\"alignright wp-image-73 size-medium\" src=\"http:\/\/narvasteel.com\/wp-content\/uploads\/2019\/04\/welded-nets_347x347-c-300x300.jpg\" alt=\"\" width=\"300\" height=\"300\" srcset=\"https:\/\/narvasteel.com\/wp-content\/uploads\/2019\/04\/welded-nets_347x347-c-300x300.jpg 300w, https:\/\/narvasteel.com\/wp-content\/uploads\/2019\/04\/welded-nets_347x347-c-150x150.jpg 150w, https:\/\/narvasteel.com\/wp-content\/uploads\/2019\/04\/welded-nets_347x347-c-146x146.jpg 146w, https:\/\/narvasteel.com\/wp-content\/uploads\/2019\/04\/welded-nets_347x347-c-50x50.jpg 50w, https:\/\/narvasteel.com\/wp-content\/uploads\/2019\/04\/welded-nets_347x347-c-75x75.jpg 75w, https:\/\/narvasteel.com\/wp-content\/uploads\/2019\/04\/welded-nets_347x347-c-85x85.jpg 85w, https:\/\/narvasteel.com\/wp-content\/uploads\/2019\/04\/welded-nets_347x347-c-80x80.jpg 80w, https:\/\/narvasteel.com\/wp-content\/uploads\/2019\/04\/welded-nets_347x347-c.jpg 347w\" sizes=\"auto, (max-width: 300px) 100vw, 300px\" \/><\/p>\r\n<p><span>Keevitatud v\u00f5rk on populaarne materjal roostevaba teras, mida kasutatakse ehituses ja t\u00f6\u00f6stuses. Keevitatud v\u00f5rk on mugav paigaldus, kui see on madal erikaal. Keevitatud traatv\u00f5rk on praktiline lahendus tugevdamist aiad, v\u00e4ravad, uksed, vaheseinad, ripplaed ja muud dekoratiivsed kujundused, mis on oluline lihtsus, l\u00e4bipaistvus ja tugevust.<\/span><\/p>\r\n<p><strong><span>Materjal:<\/span><\/strong><span> Steel must, roostevabast terasest<\/span><\/p>\r\n<p><strong><span>Plating:<\/span><\/strong><span> Tsingitud<\/span><\/p>\r\n<p><strong><span>Raku m\u00f5\u00f5tmed:<\/span><\/strong><span> \u00a020-50 mm<\/span><\/p>\r\n<p><strong><span>Traadi l\u00e4bim\u00f5\u00f5t:<\/span><\/strong><span> \u00a02,0-4,0 mm<\/span><\/p>\r\n<p><strong><span>Standardi lehe m\u00f5\u00f5tudes:<\/span><\/strong><span> 1000h2000 mm, 1250h2500 mm, mm 1500h3000<\/span><\/p>\r\n<p><span>* Me teostada tellimusi v\u00f5rku ei ole standard suurused.<\/span><\/p>\r\n","protected":false},"excerpt":{"rendered":"<p>Keevitatud v\u00f5rk on populaarne materjal roostevaba teras, mida kasutatakse ehituses ja t\u00f6\u00f6stuses. Keevitatud v\u00f5rk on mugav paigaldus, kui see on madal erikaal. Keevitatud traatv\u00f5rk on praktiline<span class=\"excerpt-hellip\"> [\u2026]<\/span><\/p>\n","protected":false},"author":1,"featured_media":0,"parent":0,"menu_order":0,"comment_status":"closed","ping_status":"closed","template":"","meta":{"footnotes":""},"class_list":["post-313","page","type-page","status-publish","hentry"],"_links":{"self":[{"href":"https:\/\/narvasteel.com\/et\/wp-json\/wp\/v2\/pages\/313","targetHints":{"allow":["GET"]}}],"collection":[{"href":"https:\/\/narvasteel.com\/et\/wp-json\/wp\/v2\/pages"}],"about":[{"href":"https:\/\/narvasteel.com\/et\/wp-json\/wp\/v2\/types\/page"}],"author":[{"embeddable":true,"href":"https:\/\/narvasteel.com\/et\/wp-json\/wp\/v2\/users\/1"}],"replies":[{"embeddable":true,"href":"https:\/\/narvasteel.com\/et\/wp-json\/wp\/v2\/comments?post=313"}],"version-history":[{"count":2,"href":"https:\/\/narvasteel.com\/et\/wp-json\/wp\/v2\/pages\/313\/revisions"}],"predecessor-version":[{"id":316,"href":"https:\/\/narvasteel.com\/et\/wp-json\/wp\/v2\/pages\/313\/revisions\/316"}],"wp:attachment":[{"href":"https:\/\/narvasteel.com\/et\/wp-json\/wp\/v2\/media?parent=313"}],"curies":[{"name":"wp","href":"https:\/\/api.w.org\/{rel}","templated":true}]}}