{"id":336,"date":"2019-05-02T14:44:42","date_gmt":"2019-05-02T11:44:42","guid":{"rendered":"http:\/\/narvasteel.com\/%d1%82%d0%b5%d1%85%d0%bd%d0%b8%d1%87%d0%b5%d1%81%d0%ba%d0%b0%d1%8f-%d1%82%d0%ba%d0%b0%d0%bd%d1%8c\/"},"modified":"2019-05-07T21:55:42","modified_gmt":"2019-05-07T18:55:42","slug":"%d1%82%d0%b5%d1%85%d0%bd%d0%b8%d1%87%d0%b5%d1%81%d0%ba%d0%b0%d1%8f-%d1%82%d0%ba%d0%b0%d0%bd%d1%8c","status":"publish","type":"page","link":"https:\/\/narvasteel.com\/et\/%d1%82%d0%b5%d1%85%d0%bd%d0%b8%d1%87%d0%b5%d1%81%d0%ba%d0%b0%d1%8f-%d1%82%d0%ba%d0%b0%d0%bd%d1%8c\/","title":{"rendered":"T\u00d6\u00d6STUSSTRUKTUURIS"},"content":{"rendered":"\r\n<div class=\"wp-block-image\">\r\n<figure class=\"alignright\"><img loading=\"lazy\" decoding=\"async\" width=\"347\" height=\"347\" class=\"wp-image-72\" src=\"http:\/\/narvasteel.com\/wp-content\/uploads\/2019\/04\/technical-fabric_347x347-c.jpg\" alt=\"\" srcset=\"https:\/\/narvasteel.com\/wp-content\/uploads\/2019\/04\/technical-fabric_347x347-c.jpg 347w, https:\/\/narvasteel.com\/wp-content\/uploads\/2019\/04\/technical-fabric_347x347-c-150x150.jpg 150w, https:\/\/narvasteel.com\/wp-content\/uploads\/2019\/04\/technical-fabric_347x347-c-300x300.jpg 300w, https:\/\/narvasteel.com\/wp-content\/uploads\/2019\/04\/technical-fabric_347x347-c-146x146.jpg 146w, https:\/\/narvasteel.com\/wp-content\/uploads\/2019\/04\/technical-fabric_347x347-c-50x50.jpg 50w, https:\/\/narvasteel.com\/wp-content\/uploads\/2019\/04\/technical-fabric_347x347-c-75x75.jpg 75w, https:\/\/narvasteel.com\/wp-content\/uploads\/2019\/04\/technical-fabric_347x347-c-85x85.jpg 85w, https:\/\/narvasteel.com\/wp-content\/uploads\/2019\/04\/technical-fabric_347x347-c-80x80.jpg 80w\" sizes=\"auto, (max-width: 347px) 100vw, 347px\" \/><\/figure>\r\n<\/div>\r\n\r\n<p><span><span class=\"\">Pakume tehnilist kangast valmistatud roostevabast terasest.<\/span><\/span><\/p>\r\n<p><span>Steel kangast tulevad erinevaid ja p\u00f5hi\u00fclesanne sorteerimine ja filtreerimine pinnale.<\/span><\/p>\r\n<p><strong><span>Materjal:<\/span><\/strong><span> roostevaba teras<\/span><\/p>\r\n<p><strong><span>Raku m\u00f5\u00f5tmed: \u00a0<\/span><\/strong><span> 0,1-3,2 mm<\/span><\/p>\r\n<p><strong><span>Traadi l\u00e4bim\u00f5\u00f5t:<\/span><\/strong><span> ,063-1,2 mm<\/span><\/p>\r\n<p><strong><span>Roll laius:<\/span><\/strong><span> \u00a01000 mm<\/span><\/p>\r\n<p><strong><span>Rulli pikkus:<\/span><\/strong><span> 30 m<\/span><\/p>\r\n<p><span>* Siin saad tellida neid. kanga ei ole standard suurused.<\/span><\/p>\r\n<!-- \/wp:post-content -->","protected":false},"excerpt":{"rendered":"<p>Pakume tehnilist kangast valmistatud roostevabast terasest. Steel kangast tulevad erinevaid ja p\u00f5hi\u00fclesanne sorteerimine ja filtreerimine pinnale. Materjal: roostevaba teras Raku m\u00f5\u00f5tmed: \u00a0 0,1-3,2 mm Traadi l\u00e4bim\u00f5\u00f5t:<span class=\"excerpt-hellip\"> [\u2026]<\/span><\/p>\n","protected":false},"author":1,"featured_media":0,"parent":0,"menu_order":0,"comment_status":"closed","ping_status":"closed","template":"","meta":{"footnotes":""},"class_list":["post-336","page","type-page","status-publish","hentry"],"_links":{"self":[{"href":"https:\/\/narvasteel.com\/et\/wp-json\/wp\/v2\/pages\/336","targetHints":{"allow":["GET"]}}],"collection":[{"href":"https:\/\/narvasteel.com\/et\/wp-json\/wp\/v2\/pages"}],"about":[{"href":"https:\/\/narvasteel.com\/et\/wp-json\/wp\/v2\/types\/page"}],"author":[{"embeddable":true,"href":"https:\/\/narvasteel.com\/et\/wp-json\/wp\/v2\/users\/1"}],"replies":[{"embeddable":true,"href":"https:\/\/narvasteel.com\/et\/wp-json\/wp\/v2\/comments?post=336"}],"version-history":[{"count":3,"href":"https:\/\/narvasteel.com\/et\/wp-json\/wp\/v2\/pages\/336\/revisions"}],"predecessor-version":[{"id":340,"href":"https:\/\/narvasteel.com\/et\/wp-json\/wp\/v2\/pages\/336\/revisions\/340"}],"wp:attachment":[{"href":"https:\/\/narvasteel.com\/et\/wp-json\/wp\/v2\/media?parent=336"}],"curies":[{"name":"wp","href":"https:\/\/api.w.org\/{rel}","templated":true}]}}