{"id":360,"date":"2019-05-01T22:59:57","date_gmt":"2019-05-01T19:59:57","guid":{"rendered":"http:\/\/narvasteel.com\/%d1%82%d1%80%d1%83%d0%b1%d1%8b-%d0%b8-%d1%84%d0%b8%d1%82%d0%b8%d0%bd%d0%b3%d0%b8\/"},"modified":"2019-05-07T22:02:18","modified_gmt":"2019-05-07T19:02:18","slug":"%d1%82%d1%80%d1%83%d0%b1%d1%8b-%d0%b8-%d1%84%d0%b8%d1%82%d0%b8%d0%bd%d0%b3%d0%b8","status":"publish","type":"page","link":"https:\/\/narvasteel.com\/et\/%d1%82%d1%80%d1%83%d0%b1%d1%8b-%d0%b8-%d1%84%d0%b8%d1%82%d0%b8%d0%bd%d0%b3%d0%b8\/","title":{"rendered":"TORUD JA LIITMIKUD"},"content":{"rendered":"\r\n<div class=\"wp-block-image\">\r\n<figure class=\"alignright\"><img loading=\"lazy\" decoding=\"async\" width=\"347\" height=\"347\" class=\"wp-image-71\" src=\"http:\/\/narvasteel.com\/wp-content\/uploads\/2019\/04\/pipes-fittings.1_347x347-c.jpg\" alt=\"\" srcset=\"https:\/\/narvasteel.com\/wp-content\/uploads\/2019\/04\/pipes-fittings.1_347x347-c.jpg 347w, https:\/\/narvasteel.com\/wp-content\/uploads\/2019\/04\/pipes-fittings.1_347x347-c-150x150.jpg 150w, https:\/\/narvasteel.com\/wp-content\/uploads\/2019\/04\/pipes-fittings.1_347x347-c-300x300.jpg 300w, https:\/\/narvasteel.com\/wp-content\/uploads\/2019\/04\/pipes-fittings.1_347x347-c-146x146.jpg 146w, https:\/\/narvasteel.com\/wp-content\/uploads\/2019\/04\/pipes-fittings.1_347x347-c-50x50.jpg 50w, https:\/\/narvasteel.com\/wp-content\/uploads\/2019\/04\/pipes-fittings.1_347x347-c-75x75.jpg 75w, https:\/\/narvasteel.com\/wp-content\/uploads\/2019\/04\/pipes-fittings.1_347x347-c-85x85.jpg 85w, https:\/\/narvasteel.com\/wp-content\/uploads\/2019\/04\/pipes-fittings.1_347x347-c-80x80.jpg 80w\" sizes=\"auto, (max-width: 347px) 100vw, 347px\" \/><\/figure>\r\n<\/div>\r\n\r\n\r\n\r\n<p><span>T\u00e4na, metalltorude levinud erinevates valdkondades. Tugevuse ja vastupidavuse, suurep\u00e4rase vastupidavuse deformatsiooni tagab usaldusv\u00e4\u00e4rsuse struktuure. Tootmine ja ehitus, kus torud on kasutatud, on \u00fcsna mitmekesine. Terastoru vajalik riistvara torujuhtmete transport erinevate vedelike ja gaasidega. nelikanttoru on tugevam tugevdusribide ja praktiline, kui hoone korjuseid.<\/span><\/p>\r\n<p><span>Pakume laia valikut torud ja liitmikud.<\/span><\/p>\r\n<p><span>kroomitud torud<\/span><\/p>\r\n<p><span>torud elektriline<\/span><\/p>\r\n<p><span>katlatorude<\/span><\/p>\r\n<p><span>torujuhtme tarvikud<\/span><\/p>\r\n<p><span>ventiil<\/span><\/p>\r\n","protected":false},"excerpt":{"rendered":"<p>T\u00e4na, metalltorude levinud erinevates valdkondades. Tugevuse ja vastupidavuse, suurep\u00e4rase vastupidavuse deformatsiooni tagab usaldusv\u00e4\u00e4rsuse struktuure. Tootmine ja ehitus, kus torud on kasutatud, on \u00fcsna mitmekesine. Terastoru vajalik<span class=\"excerpt-hellip\"> [\u2026]<\/span><\/p>\n","protected":false},"author":1,"featured_media":0,"parent":0,"menu_order":0,"comment_status":"closed","ping_status":"closed","template":"","meta":{"footnotes":""},"class_list":["post-360","page","type-page","status-publish","hentry"],"_links":{"self":[{"href":"https:\/\/narvasteel.com\/et\/wp-json\/wp\/v2\/pages\/360","targetHints":{"allow":["GET"]}}],"collection":[{"href":"https:\/\/narvasteel.com\/et\/wp-json\/wp\/v2\/pages"}],"about":[{"href":"https:\/\/narvasteel.com\/et\/wp-json\/wp\/v2\/types\/page"}],"author":[{"embeddable":true,"href":"https:\/\/narvasteel.com\/et\/wp-json\/wp\/v2\/users\/1"}],"replies":[{"embeddable":true,"href":"https:\/\/narvasteel.com\/et\/wp-json\/wp\/v2\/comments?post=360"}],"version-history":[{"count":1,"href":"https:\/\/narvasteel.com\/et\/wp-json\/wp\/v2\/pages\/360\/revisions"}],"predecessor-version":[{"id":361,"href":"https:\/\/narvasteel.com\/et\/wp-json\/wp\/v2\/pages\/360\/revisions\/361"}],"wp:attachment":[{"href":"https:\/\/narvasteel.com\/et\/wp-json\/wp\/v2\/media?parent=360"}],"curies":[{"name":"wp","href":"https:\/\/api.w.org\/{rel}","templated":true}]}}