{"id":381,"date":"2019-05-01T22:44:30","date_gmt":"2019-05-01T19:44:30","guid":{"rendered":"http:\/\/narvasteel.com\/%d1%86%d0%b2%d0%b5%d1%82%d0%bd%d0%be%d0%b9-%d0%bc%d0%b5%d1%82%d0%b0%d0%bb%d0%bb\/"},"modified":"2019-05-07T22:08:21","modified_gmt":"2019-05-07T19:08:21","slug":"%d1%86%d0%b2%d0%b5%d1%82%d0%bd%d0%be%d0%b9-%d0%bc%d0%b5%d1%82%d0%b0%d0%bb%d0%bb","status":"publish","type":"page","link":"https:\/\/narvasteel.com\/et\/%d1%86%d0%b2%d0%b5%d1%82%d0%bd%d0%be%d0%b9-%d0%bc%d0%b5%d1%82%d0%b0%d0%bb%d0%bb\/","title":{"rendered":"V\u00c4RVILISE METALLI"},"content":{"rendered":"\r\n<div class=\"wp-block-image\">\r\n<figure class=\"alignright\"><img loading=\"lazy\" decoding=\"async\" width=\"347\" height=\"347\" class=\"wp-image-70\" src=\"http:\/\/narvasteel.com\/wp-content\/uploads\/2019\/04\/non-ferrous-metal_347x347-c.jpg\" alt=\"\" srcset=\"https:\/\/narvasteel.com\/wp-content\/uploads\/2019\/04\/non-ferrous-metal_347x347-c.jpg 347w, https:\/\/narvasteel.com\/wp-content\/uploads\/2019\/04\/non-ferrous-metal_347x347-c-150x150.jpg 150w, https:\/\/narvasteel.com\/wp-content\/uploads\/2019\/04\/non-ferrous-metal_347x347-c-300x300.jpg 300w, https:\/\/narvasteel.com\/wp-content\/uploads\/2019\/04\/non-ferrous-metal_347x347-c-146x146.jpg 146w, https:\/\/narvasteel.com\/wp-content\/uploads\/2019\/04\/non-ferrous-metal_347x347-c-50x50.jpg 50w, https:\/\/narvasteel.com\/wp-content\/uploads\/2019\/04\/non-ferrous-metal_347x347-c-75x75.jpg 75w, https:\/\/narvasteel.com\/wp-content\/uploads\/2019\/04\/non-ferrous-metal_347x347-c-85x85.jpg 85w, https:\/\/narvasteel.com\/wp-content\/uploads\/2019\/04\/non-ferrous-metal_347x347-c-80x80.jpg 80w\" sizes=\"auto, (max-width: 347px) 100vw, 347px\" \/><\/figure>\r\n<\/div>\r\n\r\n\r\n\r\n<p><span>\u00dcks peamisi suundi meie firma on realiseerimise artiklid alumiiniumist, vasest ja sulamid p\u00f5hineb nende metallide. V\u00e4rviliste metallide kasutatakse laialdaselt erinevates valdkondades t\u00f6\u00f6stuse ja ehituse. T\u00e4nu oma omadustele, V\u00e4rvilise metalli ei ole alternatiive. Me t\u00f6\u00f6tame ainult usaldusv\u00e4\u00e4rsed tarnijad, kes pakuvad kvaliteetseid tooteid.<\/span><\/p>\r\n<p><span>alumiinium<\/span><\/p>\r\n<p><span>vask<\/span><\/p>\r\n<p><span>pronks<\/span><\/p>\r\n<p><span>messing<\/span><\/p>\r\n<p><span>Titan<\/span><\/p>\r\n<p><span>tsink<\/span><\/p>\r\n<p><span>Babbitt<\/span><\/p>\r\n<p><span>tina<\/span><\/p>\r\n<p><span>nikkel<\/span><\/p>\r\n","protected":false},"excerpt":{"rendered":"<p>\u00dcks peamisi suundi meie firma on realiseerimise artiklid alumiiniumist, vasest ja sulamid p\u00f5hineb nende metallide. V\u00e4rviliste metallide kasutatakse laialdaselt erinevates valdkondades t\u00f6\u00f6stuse ja ehituse. T\u00e4nu oma<span class=\"excerpt-hellip\"> [\u2026]<\/span><\/p>\n","protected":false},"author":1,"featured_media":0,"parent":0,"menu_order":0,"comment_status":"closed","ping_status":"closed","template":"","meta":{"footnotes":""},"class_list":["post-381","page","type-page","status-publish","hentry"],"_links":{"self":[{"href":"https:\/\/narvasteel.com\/et\/wp-json\/wp\/v2\/pages\/381","targetHints":{"allow":["GET"]}}],"collection":[{"href":"https:\/\/narvasteel.com\/et\/wp-json\/wp\/v2\/pages"}],"about":[{"href":"https:\/\/narvasteel.com\/et\/wp-json\/wp\/v2\/types\/page"}],"author":[{"embeddable":true,"href":"https:\/\/narvasteel.com\/et\/wp-json\/wp\/v2\/users\/1"}],"replies":[{"embeddable":true,"href":"https:\/\/narvasteel.com\/et\/wp-json\/wp\/v2\/comments?post=381"}],"version-history":[{"count":1,"href":"https:\/\/narvasteel.com\/et\/wp-json\/wp\/v2\/pages\/381\/revisions"}],"predecessor-version":[{"id":382,"href":"https:\/\/narvasteel.com\/et\/wp-json\/wp\/v2\/pages\/381\/revisions\/382"}],"wp:attachment":[{"href":"https:\/\/narvasteel.com\/et\/wp-json\/wp\/v2\/media?parent=381"}],"curies":[{"name":"wp","href":"https:\/\/api.w.org\/{rel}","templated":true}]}}