{"id":167,"date":"2019-05-02T16:17:37","date_gmt":"2019-05-02T13:17:37","guid":{"rendered":"http:\/\/narvasteel.com\/%d0%ba%d1%80%d0%be%d0%b2%d0%b5%d0%bb%d1%8c%d0%bd%d1%8b%d0%b9-%d0%bc%d0%b0%d1%82%d0%b5%d1%80%d0%b8%d0%b0%d0%bb\/"},"modified":"2019-05-07T18:00:36","modified_gmt":"2019-05-07T15:00:36","slug":"%d0%ba%d1%80%d0%be%d0%b2%d0%b5%d0%bb%d1%8c%d0%bd%d1%8b%d0%b9-%d0%bc%d0%b0%d1%82%d0%b5%d1%80%d0%b8%d0%b0%d0%bb","status":"publish","type":"page","link":"https:\/\/narvasteel.com\/fi\/%d0%ba%d1%80%d0%be%d0%b2%d0%b5%d0%bb%d1%8c%d0%bd%d1%8b%d0%b9-%d0%bc%d0%b0%d1%82%d0%b5%d1%80%d0%b8%d0%b0%d0%bb\/","title":{"rendered":"KATE"},"content":{"rendered":"\n<div class=\"wp-block-image\"><figure class=\"alignright\"><img loading=\"lazy\" decoding=\"async\" width=\"347\" height=\"347\" src=\"http:\/\/narvasteel.com\/wp-content\/uploads\/2019\/04\/roofing-material_347x347-c.jpg\" alt=\"\" class=\"wp-image-80\" srcset=\"https:\/\/narvasteel.com\/wp-content\/uploads\/2019\/04\/roofing-material_347x347-c.jpg 347w, https:\/\/narvasteel.com\/wp-content\/uploads\/2019\/04\/roofing-material_347x347-c-150x150.jpg 150w, https:\/\/narvasteel.com\/wp-content\/uploads\/2019\/04\/roofing-material_347x347-c-300x300.jpg 300w, https:\/\/narvasteel.com\/wp-content\/uploads\/2019\/04\/roofing-material_347x347-c-146x146.jpg 146w, https:\/\/narvasteel.com\/wp-content\/uploads\/2019\/04\/roofing-material_347x347-c-50x50.jpg 50w, https:\/\/narvasteel.com\/wp-content\/uploads\/2019\/04\/roofing-material_347x347-c-75x75.jpg 75w, https:\/\/narvasteel.com\/wp-content\/uploads\/2019\/04\/roofing-material_347x347-c-85x85.jpg 85w, https:\/\/narvasteel.com\/wp-content\/uploads\/2019\/04\/roofing-material_347x347-c-80x80.jpg 80w\" sizes=\"auto, (max-width: 347px) 100vw, 347px\" \/><\/figure><\/div>\n\n\n\n<p>Kuulokkeet metallia profiileja k\u00e4ytet\u00e4\u00e4n kattamaan kattojen ja seinien rakennusten.&nbsp;Tarjoamme asiakkaillemme yleisimpi\u00e4 profiileja: laatta, puolisuunnikkaan ja jauhetaan.<\/p>\n\n\n\n<p><strong>KIVIPROFIIL<\/strong><\/p>\n\n\n\n<p><strong>TP20<\/strong><\/p>\n\n\n\n<p><strong>KLASSIK<\/strong><\/p>\n\n\n\n<p><strong>Valts<\/strong><\/p>\n\n\n\n<p>Suorittaminen katuojaan j\u00e4rjestelm\u00e4 ja tarvikkeet katoille.&nbsp;Kourut ovat sinkitty\u00e4 ter\u00e4st\u00e4, jossa on lis\u00e4ksi kaksipuolinen p\u00e4\u00e4llystetty.<\/p>\n\n\n\n<p>Muoto viem\u00e4riin on kahta tyyppi\u00e4: py\u00f6re\u00e4 ja suorakulmainen.<\/p>\n\n\n\n<p>Lis\u00e4elementit tina (Ridge, p\u00e4\u00e4, liitoselementit), jotka m\u00e4\u00e4r\u00e4ytyv\u00e4t muodon monimutkaisuuden katon ja joita ei voida luopua.<\/p>\n\n\n\n<p>Laatutakuu 20-50 vuotta.&nbsp;<\/p>\n\n\n\n<p><strong>Muunnelmia p\u00e4\u00e4llysteet:<\/strong>&nbsp;PE, PUR<\/p>\n\n\n\n<p><strong>V\u00e4rivalikoima:<\/strong>&nbsp;RR11, RR20, RR21, RR23, RR25, RR29, RR32, RR33, RR35, RR36, RR37<\/p>\n","protected":false},"excerpt":{"rendered":"<p>Kuulokkeet metallia profiileja k\u00e4ytet\u00e4\u00e4n kattamaan kattojen ja seinien rakennusten.&nbsp;Tarjoamme asiakkaillemme yleisimpi\u00e4 profiileja: laatta, puolisuunnikkaan ja jauhetaan. KIVIPROFIIL TP20 KLASSIK Valts Suorittaminen katuojaan j\u00e4rjestelm\u00e4 ja tarvikkeet katoille.&nbsp;Kourut<span class=\"excerpt-hellip\"> [\u2026]<\/span><\/p>\n","protected":false},"author":1,"featured_media":0,"parent":0,"menu_order":0,"comment_status":"closed","ping_status":"closed","template":"","meta":{"footnotes":""},"class_list":["post-167","page","type-page","status-publish","hentry"],"_links":{"self":[{"href":"https:\/\/narvasteel.com\/fi\/wp-json\/wp\/v2\/pages\/167","targetHints":{"allow":["GET"]}}],"collection":[{"href":"https:\/\/narvasteel.com\/fi\/wp-json\/wp\/v2\/pages"}],"about":[{"href":"https:\/\/narvasteel.com\/fi\/wp-json\/wp\/v2\/types\/page"}],"author":[{"embeddable":true,"href":"https:\/\/narvasteel.com\/fi\/wp-json\/wp\/v2\/users\/1"}],"replies":[{"embeddable":true,"href":"https:\/\/narvasteel.com\/fi\/wp-json\/wp\/v2\/comments?post=167"}],"version-history":[{"count":1,"href":"https:\/\/narvasteel.com\/fi\/wp-json\/wp\/v2\/pages\/167\/revisions"}],"predecessor-version":[{"id":168,"href":"https:\/\/narvasteel.com\/fi\/wp-json\/wp\/v2\/pages\/167\/revisions\/168"}],"wp:attachment":[{"href":"https:\/\/narvasteel.com\/fi\/wp-json\/wp\/v2\/media?parent=167"}],"curies":[{"name":"wp","href":"https:\/\/api.w.org\/{rel}","templated":true}]}}