{"id":210,"date":"2019-05-02T16:05:06","date_gmt":"2019-05-02T13:05:06","guid":{"rendered":"http:\/\/narvasteel.com\/%d0%bf%d0%b0%d0%bd%d0%b5%d0%bb%d1%8c%d0%bd%d1%8b%d0%b5-3d-%d0%be%d0%b3%d1%80%d0%b0%d0%b6%d0%b4%d0%b5%d0%bd%d0%b8%d1%8f\/"},"modified":"2019-05-07T20:42:56","modified_gmt":"2019-05-07T17:42:56","slug":"%d0%bf%d0%b0%d0%bd%d0%b5%d0%bb%d1%8c%d0%bd%d1%8b%d0%b5-3d-%d0%be%d0%b3%d1%80%d0%b0%d0%b6%d0%b4%d0%b5%d0%bd%d0%b8%d1%8f","status":"publish","type":"page","link":"https:\/\/narvasteel.com\/fi\/%d0%bf%d0%b0%d0%bd%d0%b5%d0%bb%d1%8c%d0%bd%d1%8b%d0%b5-3d-%d0%be%d0%b3%d1%80%d0%b0%d0%b6%d0%b4%d0%b5%d0%bd%d0%b8%d1%8f\/","title":{"rendered":"3D PANEELI AIDAT"},"content":{"rendered":"\r\n<div class=\"wp-block-image\">\r\n<figure class=\"alignright\"><img loading=\"lazy\" decoding=\"async\" width=\"347\" height=\"347\" class=\"wp-image-78\" src=\"http:\/\/narvasteel.com\/wp-content\/uploads\/2019\/04\/panel-fencing_347x347-c.jpg\" alt=\"\" srcset=\"https:\/\/narvasteel.com\/wp-content\/uploads\/2019\/04\/panel-fencing_347x347-c.jpg 347w, https:\/\/narvasteel.com\/wp-content\/uploads\/2019\/04\/panel-fencing_347x347-c-150x150.jpg 150w, https:\/\/narvasteel.com\/wp-content\/uploads\/2019\/04\/panel-fencing_347x347-c-300x300.jpg 300w, https:\/\/narvasteel.com\/wp-content\/uploads\/2019\/04\/panel-fencing_347x347-c-146x146.jpg 146w, https:\/\/narvasteel.com\/wp-content\/uploads\/2019\/04\/panel-fencing_347x347-c-50x50.jpg 50w, https:\/\/narvasteel.com\/wp-content\/uploads\/2019\/04\/panel-fencing_347x347-c-75x75.jpg 75w, https:\/\/narvasteel.com\/wp-content\/uploads\/2019\/04\/panel-fencing_347x347-c-85x85.jpg 85w, https:\/\/narvasteel.com\/wp-content\/uploads\/2019\/04\/panel-fencing_347x347-c-80x80.jpg 80w\" sizes=\"auto, (max-width: 347px) 100vw, 347px\" \/><\/figure>\r\n<\/div>\r\n\r\n\r\n\r\n<p><span><span class=\"\">3d aidat koostuu paneelien ja pilarit eri korkeuksia, jossa on kiinnikkeet, ja laaja valikoima swing ja liuku- sovitettu automaattisesti johtaa ja esteet. <\/span>Poikittaispalkit paneelit ovat V-muotoiset mutkat, jotka antavat suuremman j\u00e4ykkyyden paneeliin. P\u00e4\u00e4ttyy paneeli 30 mm ulkonevat tapit. On suositeltavaa aitauslankana julkisten laitosten, varastojen, koulut, puistot, urheilu- ja leikkikent\u00e4t, teollisuus- ja yksityisell\u00e4 alueella. Laadukas, eritt\u00e4in kest\u00e4v\u00e4 pitk\u00e4ik\u00e4isten paneelin ja virkojen sinkitty\u00e4 ter\u00e4st\u00e4 ja p\u00e4\u00e4llystetty polymeerin standardin EN ISO 1461.<\/span><\/p>\r\n<p><strong><span>POLES ja kiinnitys<\/span><\/strong><\/p>\r\n<p><span>Paneelit on varustettu pilarin profiili 60&#215;40 mm: n osa. Takapuolelle pilarit on-lock-liit\u00e4nt\u00e4, joka antaa lis\u00e4j\u00e4ykkyytt\u00e4, etupuolella pilarit on rei\u00e4t kierteitetyt holkit kiinnitt\u00e4miseksi sis\u00e4ll\u00e4 paneelit nippuside ja M6h40 ruuvi kuusiokolo. Pilarit ovat mukana muovinen suojus.<\/span><\/p>\r\n<p><strong><span>Gates<\/span><\/strong><\/p>\r\n<p><span>Keinuvat ja liukuovi, portti tai on 60h40mm 80h60mm runko ja keskeinen runko lis\u00e4voimaa. Pakatut tuotteet ovat t\u00e4ysin pilarit 80&#215;80 \/ \u200b\u200b100&#215;100 ja kaikki tarvittavat tiedot.<\/span><\/p>\r\n<p><strong><span>Elementin korkeus:<\/span><\/strong><span> \u00a0 1230MM, 1530mm, 1730mm, 2030mm<\/span><\/p>\r\n<p><strong><span>Paneeli leveys:<\/span><\/strong><span> \u00a02500 mm<\/span><\/p>\r\n<p><strong><span>Silm\u00e4koko: \u00a0<\/span><\/strong><span> \u00a050&#215;200 mm<\/span><\/p>\r\n<p><strong><span>Langan halkaisija:<\/span><\/strong><span> \u00a04 mm, 5 mm<\/span><\/p>\r\n<p><strong><span>Pinnoite:<\/span><\/strong><span> ZN + RAL6005 (vihre\u00e4), RAL8017 (Brown)<\/span><\/p>\r\n","protected":false},"excerpt":{"rendered":"<p>3d aidat koostuu paneelien ja pilarit eri korkeuksia, jossa on kiinnikkeet, ja laaja valikoima swing ja liuku- sovitettu automaattisesti johtaa ja esteet. Poikittaispalkit paneelit ovat V-muotoiset<span class=\"excerpt-hellip\"> [\u2026]<\/span><\/p>\n","protected":false},"author":1,"featured_media":0,"parent":0,"menu_order":0,"comment_status":"closed","ping_status":"closed","template":"","meta":{"footnotes":""},"class_list":["post-210","page","type-page","status-publish","hentry"],"_links":{"self":[{"href":"https:\/\/narvasteel.com\/fi\/wp-json\/wp\/v2\/pages\/210","targetHints":{"allow":["GET"]}}],"collection":[{"href":"https:\/\/narvasteel.com\/fi\/wp-json\/wp\/v2\/pages"}],"about":[{"href":"https:\/\/narvasteel.com\/fi\/wp-json\/wp\/v2\/types\/page"}],"author":[{"embeddable":true,"href":"https:\/\/narvasteel.com\/fi\/wp-json\/wp\/v2\/users\/1"}],"replies":[{"embeddable":true,"href":"https:\/\/narvasteel.com\/fi\/wp-json\/wp\/v2\/comments?post=210"}],"version-history":[{"count":1,"href":"https:\/\/narvasteel.com\/fi\/wp-json\/wp\/v2\/pages\/210\/revisions"}],"predecessor-version":[{"id":211,"href":"https:\/\/narvasteel.com\/fi\/wp-json\/wp\/v2\/pages\/210\/revisions\/211"}],"wp:attachment":[{"href":"https:\/\/narvasteel.com\/fi\/wp-json\/wp\/v2\/media?parent=210"}],"curies":[{"name":"wp","href":"https:\/\/api.w.org\/{rel}","templated":true}]}}