{"id":231,"date":"2019-05-02T16:02:43","date_gmt":"2019-05-02T13:02:43","guid":{"rendered":"http:\/\/narvasteel.com\/%d0%bf%d0%b5%d1%80%d1%84%d0%be%d1%80%d0%b8%d1%80%d0%be%d0%b2%d0%b0%d0%bd%d0%bd%d1%8b%d0%b5-%d0%bb%d0%b8%d1%81%d1%82%d1%8b\/"},"modified":"2019-05-07T20:49:39","modified_gmt":"2019-05-07T17:49:39","slug":"%d0%bf%d0%b5%d1%80%d1%84%d0%be%d1%80%d0%b8%d1%80%d0%be%d0%b2%d0%b0%d0%bd%d0%bd%d1%8b%d0%b5-%d0%bb%d0%b8%d1%81%d1%82%d1%8b","status":"publish","type":"page","link":"https:\/\/narvasteel.com\/fi\/%d0%bf%d0%b5%d1%80%d1%84%d0%be%d1%80%d0%b8%d1%80%d0%be%d0%b2%d0%b0%d0%bd%d0%bd%d1%8b%d0%b5-%d0%bb%d0%b8%d1%81%d1%82%d1%8b\/","title":{"rendered":"REIK\u00c4LEVY"},"content":{"rendered":"\r\n<div class=\"wp-block-image\">\r\n<figure class=\"alignright\"><img loading=\"lazy\" decoding=\"async\" width=\"347\" height=\"347\" class=\"wp-image-77\" src=\"http:\/\/narvasteel.com\/wp-content\/uploads\/2019\/04\/perforated-sheet_347x347-c.jpg\" alt=\"\" srcset=\"https:\/\/narvasteel.com\/wp-content\/uploads\/2019\/04\/perforated-sheet_347x347-c.jpg 347w, https:\/\/narvasteel.com\/wp-content\/uploads\/2019\/04\/perforated-sheet_347x347-c-150x150.jpg 150w, https:\/\/narvasteel.com\/wp-content\/uploads\/2019\/04\/perforated-sheet_347x347-c-300x300.jpg 300w, https:\/\/narvasteel.com\/wp-content\/uploads\/2019\/04\/perforated-sheet_347x347-c-146x146.jpg 146w, https:\/\/narvasteel.com\/wp-content\/uploads\/2019\/04\/perforated-sheet_347x347-c-50x50.jpg 50w, https:\/\/narvasteel.com\/wp-content\/uploads\/2019\/04\/perforated-sheet_347x347-c-75x75.jpg 75w, https:\/\/narvasteel.com\/wp-content\/uploads\/2019\/04\/perforated-sheet_347x347-c-85x85.jpg 85w, https:\/\/narvasteel.com\/wp-content\/uploads\/2019\/04\/perforated-sheet_347x347-c-80x80.jpg 80w\" sizes=\"auto, (max-width: 347px) 100vw, 347px\" \/><\/figure>\r\n<\/div>\r\n\r\n\r\n\r\n<p><span>Reik\u00e4levy k\u00e4ytet\u00e4\u00e4n laajasti ilmanvaihtolaitteen, huonekaluihin, sisustuselementtej\u00e4, laitteen l\u00e4mmitysj\u00e4rjestelmiin, maatalouskoneita, jne<\/span><\/p>\r\n<p><strong><span>Materiaalit:<\/span><\/strong><span> Ter\u00e4s ja galvanoitu ter\u00e4s, ruostumaton ter\u00e4s, alumiini.<\/span><\/p>\r\n<p><strong><span>Paksuus:<\/span><\/strong><span> 0,5-10,0 mm<\/span><\/p>\r\n<p><strong><span>Formaatti:<\/span><\/strong><span> 1000 x 2000 mm, 1250 x 2500 mm, 1500 x 3000 mm<\/span><\/p>\r\n<p><strong><span>Pinnoite:<\/span><\/strong><span> RAL maalaus, pinnoitus, PVC-kalvo.<\/span><\/p>\r\n<p><span>rei&#8217;itys tyypit:<\/span><\/p>\r\n<p><span>&#8211; Py\u00f6re\u00e4: kolmio \/ neli\u00f6 j\u00e4rjestely<\/span><\/p>\r\n<p><span>&#8211; nelikulmaiset: kolmio \/ neli\u00f6 j\u00e4rjestely<\/span><\/p>\r\n<p><span>&#8211; kuusikulmainen, viiltomaisella: ajoittainen sijainti<\/span><\/p>\r\n","protected":false},"excerpt":{"rendered":"<p>Reik\u00e4levy k\u00e4ytet\u00e4\u00e4n laajasti ilmanvaihtolaitteen, huonekaluihin, sisustuselementtej\u00e4, laitteen l\u00e4mmitysj\u00e4rjestelmiin, maatalouskoneita, jne Materiaalit: Ter\u00e4s ja galvanoitu ter\u00e4s, ruostumaton ter\u00e4s, alumiini. Paksuus: 0,5-10,0 mm Formaatti: 1000 x 2000 mm,<span class=\"excerpt-hellip\"> [\u2026]<\/span><\/p>\n","protected":false},"author":1,"featured_media":0,"parent":0,"menu_order":0,"comment_status":"closed","ping_status":"closed","template":"","meta":{"footnotes":""},"class_list":["post-231","page","type-page","status-publish","hentry"],"_links":{"self":[{"href":"https:\/\/narvasteel.com\/fi\/wp-json\/wp\/v2\/pages\/231","targetHints":{"allow":["GET"]}}],"collection":[{"href":"https:\/\/narvasteel.com\/fi\/wp-json\/wp\/v2\/pages"}],"about":[{"href":"https:\/\/narvasteel.com\/fi\/wp-json\/wp\/v2\/types\/page"}],"author":[{"embeddable":true,"href":"https:\/\/narvasteel.com\/fi\/wp-json\/wp\/v2\/users\/1"}],"replies":[{"embeddable":true,"href":"https:\/\/narvasteel.com\/fi\/wp-json\/wp\/v2\/comments?post=231"}],"version-history":[{"count":1,"href":"https:\/\/narvasteel.com\/fi\/wp-json\/wp\/v2\/pages\/231\/revisions"}],"predecessor-version":[{"id":232,"href":"https:\/\/narvasteel.com\/fi\/wp-json\/wp\/v2\/pages\/231\/revisions\/232"}],"wp:attachment":[{"href":"https:\/\/narvasteel.com\/fi\/wp-json\/wp\/v2\/media?parent=231"}],"curies":[{"name":"wp","href":"https:\/\/api.w.org\/{rel}","templated":true}]}}