{"id":274,"date":"2019-05-02T15:52:56","date_gmt":"2019-05-02T12:52:56","guid":{"rendered":"http:\/\/narvasteel.com\/%d1%80%d0%b0%d0%b1%d0%b8%d1%86%d0%b0-%d0%b8-%d0%ba%d0%be%d0%bb%d1%8e%d1%87%d0%b0%d1%8f-%d0%bf%d1%80%d0%be%d0%b2%d0%be%d0%bb%d0%be%d0%ba%d0%b0\/"},"modified":"2019-05-07T21:02:15","modified_gmt":"2019-05-07T18:02:15","slug":"%d1%80%d0%b0%d0%b1%d0%b8%d1%86%d0%b0-%d0%b8-%d0%ba%d0%be%d0%bb%d1%8e%d1%87%d0%b0%d1%8f-%d0%bf%d1%80%d0%be%d0%b2%d0%be%d0%bb%d0%be%d0%ba%d0%b0","status":"publish","type":"page","link":"https:\/\/narvasteel.com\/fi\/%d1%80%d0%b0%d0%b1%d0%b8%d1%86%d0%b0-%d0%b8-%d0%ba%d0%be%d0%bb%d1%8e%d1%87%d0%b0%d1%8f-%d0%bf%d1%80%d0%be%d0%b2%d0%be%d0%bb%d0%be%d0%ba%d0%b0\/","title":{"rendered":"NETTOUTUS JA PIIKKILANKAA"},"content":{"rendered":"\r\n<div class=\"wp-block-image\">\r\n<figure class=\"alignright\"><img loading=\"lazy\" decoding=\"async\" width=\"347\" height=\"347\" class=\"wp-image-75\" src=\"http:\/\/narvasteel.com\/wp-content\/uploads\/2019\/04\/rabitz-barbed-wire_347x347-c.jpg\" alt=\"\" srcset=\"https:\/\/narvasteel.com\/wp-content\/uploads\/2019\/04\/rabitz-barbed-wire_347x347-c.jpg 347w, https:\/\/narvasteel.com\/wp-content\/uploads\/2019\/04\/rabitz-barbed-wire_347x347-c-150x150.jpg 150w, https:\/\/narvasteel.com\/wp-content\/uploads\/2019\/04\/rabitz-barbed-wire_347x347-c-300x300.jpg 300w, https:\/\/narvasteel.com\/wp-content\/uploads\/2019\/04\/rabitz-barbed-wire_347x347-c-146x146.jpg 146w, https:\/\/narvasteel.com\/wp-content\/uploads\/2019\/04\/rabitz-barbed-wire_347x347-c-50x50.jpg 50w, https:\/\/narvasteel.com\/wp-content\/uploads\/2019\/04\/rabitz-barbed-wire_347x347-c-75x75.jpg 75w, https:\/\/narvasteel.com\/wp-content\/uploads\/2019\/04\/rabitz-barbed-wire_347x347-c-85x85.jpg 85w, https:\/\/narvasteel.com\/wp-content\/uploads\/2019\/04\/rabitz-barbed-wire_347x347-c-80x80.jpg 80w\" sizes=\"auto, (max-width: 347px) 100vw, 347px\" \/><\/figure>\r\n<\/div>\r\n\r\n\r\n\r\n<p><span>Paju aita tai verkkomateriaalia se on halvin ja mukava ratkaisu suojelemiseksi omakotitalojen, laitumia, koulut, teollisuusalueet. Ruudukko on valmistettu l\u00e4mp\u00f6k\u00e4sitellyst\u00e4 galvanoitu ter\u00e4slanka tai galvanoitu ter\u00e4slanka p\u00e4\u00e4llystetty PVC.<\/span><\/p>\r\n<p><span>Lis\u00e4ksi voit ostaa pylv\u00e4\u00e4t ja kiinnikkeet elementtej\u00e4 verkkoon.<\/span><\/p>\r\n<p><span>\u2022 <\/span><strong><span>grid korkeus:<\/span><\/strong><span> 1200 mm, 1500 mm<\/span><\/p>\r\n<p><span>\u2022 <\/span><strong><span>Mesh koko<\/span><\/strong><span> 50&#215;50 mm<\/span><\/p>\r\n<p><span>\u2022 <\/span><strong><span>Langan halkaisija:<\/span><\/strong><span> 2 mm, 2,8 mm<\/span><\/p>\r\n<p><span>\u2022 <\/span><strong><span>Pinnoitus:<\/span><\/strong><span> ZN ZN + PVC (vihre\u00e4)<\/span><\/p>\r\n<p><span>\u2022 <\/span><strong><span>Rullan pituus:<\/span><\/strong><span> 25 m<\/span><\/p>\r\n<p><strong><span>piikkilanka<\/span><\/strong><\/p>\r\n<p><span>Piikkilanka &#8211; t\u00e4m\u00e4 on suuri lis\u00e4ksi tahansa aidat.<\/span><\/p>\r\n<p><span>Valitsemalla piikkilanka, nostat 80%: n luotettavuustasolla aita.<\/span><\/p>\r\n<p><span>\u2022\u00a0 <\/span><strong><span>m\u00e4\u00e4r\u00e4 piikit:<\/span><\/strong><span> 4<\/span><\/p>\r\n<p><span>\u2022\u00a0 <\/span><strong><span>Langan halkaisija:<\/span><\/strong><span> 2,0 Teemme mm<\/span><\/p>\r\n<p><span>\u2022\u00a0 <\/span><strong><span>K\u00e4sittely \/ Pinnoite:<\/span><\/strong><span> ZN<\/span><\/p>\r\n<p><span>\u2022\u00a0 <\/span><strong><span>Rullan pituus:<\/span><\/strong><span> 250 m<\/span><\/p>\r\n","protected":false},"excerpt":{"rendered":"<p>Paju aita tai verkkomateriaalia se on halvin ja mukava ratkaisu suojelemiseksi omakotitalojen, laitumia, koulut, teollisuusalueet. Ruudukko on valmistettu l\u00e4mp\u00f6k\u00e4sitellyst\u00e4 galvanoitu ter\u00e4slanka tai galvanoitu ter\u00e4slanka p\u00e4\u00e4llystetty PVC.<span class=\"excerpt-hellip\"> [\u2026]<\/span><\/p>\n","protected":false},"author":1,"featured_media":0,"parent":0,"menu_order":0,"comment_status":"closed","ping_status":"closed","template":"","meta":{"footnotes":""},"class_list":["post-274","page","type-page","status-publish","hentry"],"_links":{"self":[{"href":"https:\/\/narvasteel.com\/fi\/wp-json\/wp\/v2\/pages\/274","targetHints":{"allow":["GET"]}}],"collection":[{"href":"https:\/\/narvasteel.com\/fi\/wp-json\/wp\/v2\/pages"}],"about":[{"href":"https:\/\/narvasteel.com\/fi\/wp-json\/wp\/v2\/types\/page"}],"author":[{"embeddable":true,"href":"https:\/\/narvasteel.com\/fi\/wp-json\/wp\/v2\/users\/1"}],"replies":[{"embeddable":true,"href":"https:\/\/narvasteel.com\/fi\/wp-json\/wp\/v2\/comments?post=274"}],"version-history":[{"count":1,"href":"https:\/\/narvasteel.com\/fi\/wp-json\/wp\/v2\/pages\/274\/revisions"}],"predecessor-version":[{"id":275,"href":"https:\/\/narvasteel.com\/fi\/wp-json\/wp\/v2\/pages\/274\/revisions\/275"}],"wp:attachment":[{"href":"https:\/\/narvasteel.com\/fi\/wp-json\/wp\/v2\/media?parent=274"}],"curies":[{"name":"wp","href":"https:\/\/api.w.org\/{rel}","templated":true}]}}