{"id":295,"date":"2019-05-02T14:56:26","date_gmt":"2019-05-02T11:56:26","guid":{"rendered":"http:\/\/narvasteel.com\/%d1%80%d0%b5%d1%88%d0%b5%d1%82%d0%ba%d0%b8-%d0%b8-%d1%81%d1%82%d1%83%d0%bf%d0%b5%d0%bd%d0%b8\/"},"modified":"2019-05-07T21:08:10","modified_gmt":"2019-05-07T18:08:10","slug":"%d1%80%d0%b5%d1%88%d0%b5%d1%82%d0%ba%d0%b8-%d0%b8-%d1%81%d1%82%d1%83%d0%bf%d0%b5%d0%bd%d0%b8","status":"publish","type":"page","link":"https:\/\/narvasteel.com\/fi\/%d1%80%d0%b5%d1%88%d0%b5%d1%82%d0%ba%d0%b8-%d0%b8-%d1%81%d1%82%d1%83%d0%bf%d0%b5%d0%bd%d0%b8\/","title":{"rendered":"RITIL\u00c4 JA PORTAAT"},"content":{"rendered":"\r\n<div class=\"wp-block-image\">\r\n<figure class=\"alignright\"><img loading=\"lazy\" decoding=\"async\" width=\"347\" height=\"347\" class=\"wp-image-74\" src=\"http:\/\/narvasteel.com\/wp-content\/uploads\/2019\/04\/lattices-steps_347x347-c.jpg\" alt=\"\" srcset=\"https:\/\/narvasteel.com\/wp-content\/uploads\/2019\/04\/lattices-steps_347x347-c.jpg 347w, https:\/\/narvasteel.com\/wp-content\/uploads\/2019\/04\/lattices-steps_347x347-c-150x150.jpg 150w, https:\/\/narvasteel.com\/wp-content\/uploads\/2019\/04\/lattices-steps_347x347-c-300x300.jpg 300w, https:\/\/narvasteel.com\/wp-content\/uploads\/2019\/04\/lattices-steps_347x347-c-146x146.jpg 146w, https:\/\/narvasteel.com\/wp-content\/uploads\/2019\/04\/lattices-steps_347x347-c-50x50.jpg 50w, https:\/\/narvasteel.com\/wp-content\/uploads\/2019\/04\/lattices-steps_347x347-c-75x75.jpg 75w, https:\/\/narvasteel.com\/wp-content\/uploads\/2019\/04\/lattices-steps_347x347-c-85x85.jpg 85w, https:\/\/narvasteel.com\/wp-content\/uploads\/2019\/04\/lattices-steps_347x347-c-80x80.jpg 80w\" sizes=\"auto, (max-width: 347px) 100vw, 347px\" \/><\/figure>\r\n<\/div>\r\n\r\n\r\n\r\n<p><strong><span><span class=\"\">&#8211; hitsatut ja puristetaan ritil\u00e4t<\/span><\/span><\/strong><\/p>\r\n<p><span>Ristikko ter\u00e4s lattia on moderni, kest\u00e4v\u00e4 materiaali, jota k\u00e4ytet\u00e4\u00e4n laajasti teollisuudessa ja rakentamisessa. T\u00e4rkein ominaisuus on hitsattu ritil\u00e4 on kevyt ja kest\u00e4\u00e4 hyvin korkeita kuormituksia. Ristikoita, joissa hammastetut liukumaton pinta k\u00e4ytet\u00e4\u00e4n alueilla, joilla on olemassa vaara, ett\u00e4 liukuva liike.\u00a0<\/span><\/p>\r\n<p><span>Hitsatut ritil\u00e4t on suunniteltu raskaiden kuljetuskalusto lastaus.<\/span><\/p>\r\n<p><span>Laajuus: polkuja ja huolto alustojen pinnoite kynnysmatto sis\u00e4\u00e4nk\u00e4ynnin paneelin roikkuu sein\u00e4elementit ja rakennusten julkisivujen ja ylikulkutiet varastointitelineiden\u00a0<\/span><\/p>\r\n<p><strong><span>Materiaali:<\/span><\/strong><span> Ter\u00e4s musta<\/span><\/p>\r\n<p><strong><span>Pinnoitus:<\/span><\/strong><span> Galvanoitu<\/span><\/p>\r\n<p><strong><span>Solukoko:<\/span><\/strong><span> \u00a019h50 mm, 34h11 mm, mm 34h76<\/span><\/p>\r\n<p><strong><span>Materiaalin paksuus:<\/span><\/strong><span> \u00a02,0 Me teemme &#8211; 5,0 mm<\/span><\/p>\r\n<p><strong><span>Standardi koot:<\/span><\/strong><span> \u00a06100h1000 mm<\/span><\/p>\r\n<p><span>T\u00e4st\u00e4 voit tilata kannet eiv\u00e4t ole standardikokoa.<\/span><\/p>\r\n<p><strong><span>&#8211; Metal vaihe<\/span><\/strong><\/p>\r\n<p><span>Tarjoamme valmiita vaiheessa rakennettu DIN 24531 -standardin ja k\u00e4sittelee kuumasinkitys. Nimellinen koot vaiheiden taulukon, mutta voidaan my\u00f6s valmistaa mukaisesti askelkoko asiakkaan pyynn\u00f6st\u00e4. Vaihe on k\u00e4tev\u00e4 ratkaisu rakentaa standardin portaat kaikki muodot ja koot.<\/span><\/p>\r\n\r\n\r\n\r\n<div class=\"wp-block-image\">\r\n<figure class=\"aligncenter\"><img loading=\"lazy\" decoding=\"async\" width=\"459\" height=\"360\" class=\"wp-image-97\" src=\"http:\/\/narvasteel.com\/wp-content\/uploads\/2019\/05\/555.jpg\" alt=\"\" srcset=\"https:\/\/narvasteel.com\/wp-content\/uploads\/2019\/05\/555.jpg 459w, https:\/\/narvasteel.com\/wp-content\/uploads\/2019\/05\/555-300x235.jpg 300w, https:\/\/narvasteel.com\/wp-content\/uploads\/2019\/05\/555-186x146.jpg 186w, https:\/\/narvasteel.com\/wp-content\/uploads\/2019\/05\/555-50x39.jpg 50w, https:\/\/narvasteel.com\/wp-content\/uploads\/2019\/05\/555-96x75.jpg 96w\" sizes=\"auto, (max-width: 459px) 100vw, 459px\" \/><\/figure>\r\n<\/div>\r\n","protected":false},"excerpt":{"rendered":"<p>&#8211; hitsatut ja puristetaan ritil\u00e4t Ristikko ter\u00e4s lattia on moderni, kest\u00e4v\u00e4 materiaali, jota k\u00e4ytet\u00e4\u00e4n laajasti teollisuudessa ja rakentamisessa. T\u00e4rkein ominaisuus on hitsattu ritil\u00e4 on kevyt ja<span class=\"excerpt-hellip\"> [\u2026]<\/span><\/p>\n","protected":false},"author":1,"featured_media":0,"parent":0,"menu_order":0,"comment_status":"closed","ping_status":"closed","template":"","meta":{"footnotes":""},"class_list":["post-295","page","type-page","status-publish","hentry"],"_links":{"self":[{"href":"https:\/\/narvasteel.com\/fi\/wp-json\/wp\/v2\/pages\/295","targetHints":{"allow":["GET"]}}],"collection":[{"href":"https:\/\/narvasteel.com\/fi\/wp-json\/wp\/v2\/pages"}],"about":[{"href":"https:\/\/narvasteel.com\/fi\/wp-json\/wp\/v2\/types\/page"}],"author":[{"embeddable":true,"href":"https:\/\/narvasteel.com\/fi\/wp-json\/wp\/v2\/users\/1"}],"replies":[{"embeddable":true,"href":"https:\/\/narvasteel.com\/fi\/wp-json\/wp\/v2\/comments?post=295"}],"version-history":[{"count":1,"href":"https:\/\/narvasteel.com\/fi\/wp-json\/wp\/v2\/pages\/295\/revisions"}],"predecessor-version":[{"id":296,"href":"https:\/\/narvasteel.com\/fi\/wp-json\/wp\/v2\/pages\/295\/revisions\/296"}],"wp:attachment":[{"href":"https:\/\/narvasteel.com\/fi\/wp-json\/wp\/v2\/media?parent=295"}],"curies":[{"name":"wp","href":"https:\/\/api.w.org\/{rel}","templated":true}]}}