{"id":318,"date":"2019-05-02T14:51:09","date_gmt":"2019-05-02T11:51:09","guid":{"rendered":"http:\/\/narvasteel.com\/%d1%81%d0%b2%d0%b0%d1%80%d0%bd%d1%8b%d0%b5-%d1%81%d0%b5%d1%82%d0%ba%d0%b8\/"},"modified":"2019-05-07T21:19:45","modified_gmt":"2019-05-07T18:19:45","slug":"%d1%81%d0%b2%d0%b0%d1%80%d0%bd%d1%8b%d0%b5-%d1%81%d0%b5%d1%82%d0%ba%d0%b8","status":"publish","type":"page","link":"https:\/\/narvasteel.com\/fi\/%d1%81%d0%b2%d0%b0%d1%80%d0%bd%d1%8b%d0%b5-%d1%81%d0%b5%d1%82%d0%ba%d0%b8\/","title":{"rendered":"HITSATTU TER\u00c4SVERKKO"},"content":{"rendered":"\r\n<p><img loading=\"lazy\" decoding=\"async\" class=\"alignright wp-image-73 size-medium\" src=\"http:\/\/narvasteel.com\/wp-content\/uploads\/2019\/04\/welded-nets_347x347-c-300x300.jpg\" alt=\"\" width=\"300\" height=\"300\" srcset=\"https:\/\/narvasteel.com\/wp-content\/uploads\/2019\/04\/welded-nets_347x347-c-300x300.jpg 300w, https:\/\/narvasteel.com\/wp-content\/uploads\/2019\/04\/welded-nets_347x347-c-150x150.jpg 150w, https:\/\/narvasteel.com\/wp-content\/uploads\/2019\/04\/welded-nets_347x347-c-146x146.jpg 146w, https:\/\/narvasteel.com\/wp-content\/uploads\/2019\/04\/welded-nets_347x347-c-50x50.jpg 50w, https:\/\/narvasteel.com\/wp-content\/uploads\/2019\/04\/welded-nets_347x347-c-75x75.jpg 75w, https:\/\/narvasteel.com\/wp-content\/uploads\/2019\/04\/welded-nets_347x347-c-85x85.jpg 85w, https:\/\/narvasteel.com\/wp-content\/uploads\/2019\/04\/welded-nets_347x347-c-80x80.jpg 80w, https:\/\/narvasteel.com\/wp-content\/uploads\/2019\/04\/welded-nets_347x347-c.jpg 347w\" sizes=\"auto, (max-width: 300px) 100vw, 300px\" \/><\/p>\r\n<p><span><span class=\"\">Hitsattu verkko on suosittu materiaali ruostumatonta ter\u00e4st\u00e4, jota k\u00e4ytet\u00e4\u00e4n rakentamisessa ja teollisuudessa. <\/span>Hitsattu verkko on k\u00e4tev\u00e4 asennus, koska sill\u00e4 on alhainen ominaispaino. Hitsattu metalliverkko on k\u00e4yt\u00e4nn\u00f6llinen ratkaisu vahvistaminen aidat, portit, ovet, v\u00e4lisein\u00e4t, v\u00e4likattojen ja muut koristekuvioita, jotka ovat t\u00e4rkeit\u00e4 helppous, avoimuus ja lujuus.<\/span><\/p>\r\n<p><strong><span>Materiaali:<\/span><\/strong><span> Ter\u00e4s musta, ruostumaton ter\u00e4s<\/span><\/p>\r\n<p><strong><span>Pinnoitus:<\/span><\/strong><span> Galvanoitu<\/span><\/p>\r\n<p><strong><span>Kammion mitat:<\/span><\/strong><span> \u00a020-50 mm<\/span><\/p>\r\n<p><strong><span>Langan halkaisija:<\/span><\/strong><span> \u00a02,0-4,0 mm<\/span><\/p>\r\n<p><strong><span>Standardi arkki koot:<\/span><\/strong><span> 1000h2000 mm, 1250h2500 mm, mm 1500h3000<\/span><\/p>\r\n<p><span>* Teemme toimeksiantoja verkkoon ei ole vakio kokoja.<\/span><\/p>\r\n","protected":false},"excerpt":{"rendered":"<p>Hitsattu verkko on suosittu materiaali ruostumatonta ter\u00e4st\u00e4, jota k\u00e4ytet\u00e4\u00e4n rakentamisessa ja teollisuudessa. Hitsattu verkko on k\u00e4tev\u00e4 asennus, koska sill\u00e4 on alhainen ominaispaino. Hitsattu metalliverkko on k\u00e4yt\u00e4nn\u00f6llinen<span class=\"excerpt-hellip\"> [\u2026]<\/span><\/p>\n","protected":false},"author":1,"featured_media":0,"parent":0,"menu_order":0,"comment_status":"closed","ping_status":"closed","template":"","meta":{"footnotes":""},"class_list":["post-318","page","type-page","status-publish","hentry"],"_links":{"self":[{"href":"https:\/\/narvasteel.com\/fi\/wp-json\/wp\/v2\/pages\/318","targetHints":{"allow":["GET"]}}],"collection":[{"href":"https:\/\/narvasteel.com\/fi\/wp-json\/wp\/v2\/pages"}],"about":[{"href":"https:\/\/narvasteel.com\/fi\/wp-json\/wp\/v2\/types\/page"}],"author":[{"embeddable":true,"href":"https:\/\/narvasteel.com\/fi\/wp-json\/wp\/v2\/users\/1"}],"replies":[{"embeddable":true,"href":"https:\/\/narvasteel.com\/fi\/wp-json\/wp\/v2\/comments?post=318"}],"version-history":[{"count":1,"href":"https:\/\/narvasteel.com\/fi\/wp-json\/wp\/v2\/pages\/318\/revisions"}],"predecessor-version":[{"id":319,"href":"https:\/\/narvasteel.com\/fi\/wp-json\/wp\/v2\/pages\/318\/revisions\/319"}],"wp:attachment":[{"href":"https:\/\/narvasteel.com\/fi\/wp-json\/wp\/v2\/media?parent=318"}],"curies":[{"name":"wp","href":"https:\/\/api.w.org\/{rel}","templated":true}]}}