{"id":363,"date":"2019-05-01T22:59:57","date_gmt":"2019-05-01T19:59:57","guid":{"rendered":"http:\/\/narvasteel.com\/%d1%82%d1%80%d1%83%d0%b1%d1%8b-%d0%b8-%d1%84%d0%b8%d1%82%d0%b8%d0%bd%d0%b3%d0%b8\/"},"modified":"2019-05-07T22:03:11","modified_gmt":"2019-05-07T19:03:11","slug":"%d1%82%d1%80%d1%83%d0%b1%d1%8b-%d0%b8-%d1%84%d0%b8%d1%82%d0%b8%d0%bd%d0%b3%d0%b8","status":"publish","type":"page","link":"https:\/\/narvasteel.com\/fi\/%d1%82%d1%80%d1%83%d0%b1%d1%8b-%d0%b8-%d1%84%d0%b8%d1%82%d0%b8%d0%bd%d0%b3%d0%b8\/","title":{"rendered":"PUTKET JA LIITTIMET"},"content":{"rendered":"\r\n<div class=\"wp-block-image\">\r\n<figure class=\"alignright\"><img loading=\"lazy\" decoding=\"async\" width=\"347\" height=\"347\" class=\"wp-image-71\" src=\"http:\/\/narvasteel.com\/wp-content\/uploads\/2019\/04\/pipes-fittings.1_347x347-c.jpg\" alt=\"\" srcset=\"https:\/\/narvasteel.com\/wp-content\/uploads\/2019\/04\/pipes-fittings.1_347x347-c.jpg 347w, https:\/\/narvasteel.com\/wp-content\/uploads\/2019\/04\/pipes-fittings.1_347x347-c-150x150.jpg 150w, https:\/\/narvasteel.com\/wp-content\/uploads\/2019\/04\/pipes-fittings.1_347x347-c-300x300.jpg 300w, https:\/\/narvasteel.com\/wp-content\/uploads\/2019\/04\/pipes-fittings.1_347x347-c-146x146.jpg 146w, https:\/\/narvasteel.com\/wp-content\/uploads\/2019\/04\/pipes-fittings.1_347x347-c-50x50.jpg 50w, https:\/\/narvasteel.com\/wp-content\/uploads\/2019\/04\/pipes-fittings.1_347x347-c-75x75.jpg 75w, https:\/\/narvasteel.com\/wp-content\/uploads\/2019\/04\/pipes-fittings.1_347x347-c-85x85.jpg 85w, https:\/\/narvasteel.com\/wp-content\/uploads\/2019\/04\/pipes-fittings.1_347x347-c-80x80.jpg 80w\" sizes=\"auto, (max-width: 347px) 100vw, 347px\" \/><\/figure>\r\n<\/div>\r\n\r\n\r\n\r\n<p><span>Nyky\u00e4\u00e4n metalliputket k\u00e4ytet\u00e4\u00e4n yleisesti eri aloilla. Lujuus ja kest\u00e4vyys, erinomainen kest\u00e4vyys muodonmuutosta takaa luotettavuuden rakenteita. Valmistus ja rakentaminen, jossa k\u00e4ytet\u00e4\u00e4n putkia, ovat varsin vaihtelevia. Ter\u00e4sputki tarvittavat laitteet putkistojen kuljetukseen erilaisten nesteiden ja kaasujen. neli\u00f6 putki on vahvempi vahvisterivat ja k\u00e4yt\u00e4nn\u00f6n rakennettaessa ruhoja.<\/span><\/p>\r\n<p><span>Tarjoamme laajan valikoiman putket ja liittimet.<\/span><\/p>\r\n<p><span>pinnoitettu putket<\/span><\/p>\r\n<p><span>putket, s\u00e4hk\u00f6<\/span><\/p>\r\n<p><span>kattilaputket<\/span><\/p>\r\n<p><span>putkenosat<\/span><\/p>\r\n<p><span>venttiilist\u00f6<\/span><\/p>\r\n","protected":false},"excerpt":{"rendered":"<p>Nyky\u00e4\u00e4n metalliputket k\u00e4ytet\u00e4\u00e4n yleisesti eri aloilla. Lujuus ja kest\u00e4vyys, erinomainen kest\u00e4vyys muodonmuutosta takaa luotettavuuden rakenteita. Valmistus ja rakentaminen, jossa k\u00e4ytet\u00e4\u00e4n putkia, ovat varsin vaihtelevia. Ter\u00e4sputki tarvittavat<span class=\"excerpt-hellip\"> [\u2026]<\/span><\/p>\n","protected":false},"author":1,"featured_media":0,"parent":0,"menu_order":0,"comment_status":"closed","ping_status":"closed","template":"","meta":{"footnotes":""},"class_list":["post-363","page","type-page","status-publish","hentry"],"_links":{"self":[{"href":"https:\/\/narvasteel.com\/fi\/wp-json\/wp\/v2\/pages\/363","targetHints":{"allow":["GET"]}}],"collection":[{"href":"https:\/\/narvasteel.com\/fi\/wp-json\/wp\/v2\/pages"}],"about":[{"href":"https:\/\/narvasteel.com\/fi\/wp-json\/wp\/v2\/types\/page"}],"author":[{"embeddable":true,"href":"https:\/\/narvasteel.com\/fi\/wp-json\/wp\/v2\/users\/1"}],"replies":[{"embeddable":true,"href":"https:\/\/narvasteel.com\/fi\/wp-json\/wp\/v2\/comments?post=363"}],"version-history":[{"count":1,"href":"https:\/\/narvasteel.com\/fi\/wp-json\/wp\/v2\/pages\/363\/revisions"}],"predecessor-version":[{"id":364,"href":"https:\/\/narvasteel.com\/fi\/wp-json\/wp\/v2\/pages\/363\/revisions\/364"}],"wp:attachment":[{"href":"https:\/\/narvasteel.com\/fi\/wp-json\/wp\/v2\/media?parent=363"}],"curies":[{"name":"wp","href":"https:\/\/api.w.org\/{rel}","templated":true}]}}