{"id":384,"date":"2019-05-01T22:44:30","date_gmt":"2019-05-01T19:44:30","guid":{"rendered":"http:\/\/narvasteel.com\/%d1%86%d0%b2%d0%b5%d1%82%d0%bd%d0%be%d0%b9-%d0%bc%d0%b5%d1%82%d0%b0%d0%bb%d0%bb\/"},"modified":"2019-05-07T22:09:43","modified_gmt":"2019-05-07T19:09:43","slug":"%d1%86%d0%b2%d0%b5%d1%82%d0%bd%d0%be%d0%b9-%d0%bc%d0%b5%d1%82%d0%b0%d0%bb%d0%bb","status":"publish","type":"page","link":"https:\/\/narvasteel.com\/fi\/%d1%86%d0%b2%d0%b5%d1%82%d0%bd%d0%be%d0%b9-%d0%bc%d0%b5%d1%82%d0%b0%d0%bb%d0%bb\/","title":{"rendered":"V\u00c4RIMETALLIEN"},"content":{"rendered":"\r\n<div class=\"wp-block-image\">\r\n<figure class=\"alignright\"><img loading=\"lazy\" decoding=\"async\" width=\"347\" height=\"347\" class=\"wp-image-70\" src=\"http:\/\/narvasteel.com\/wp-content\/uploads\/2019\/04\/non-ferrous-metal_347x347-c.jpg\" alt=\"\" srcset=\"https:\/\/narvasteel.com\/wp-content\/uploads\/2019\/04\/non-ferrous-metal_347x347-c.jpg 347w, https:\/\/narvasteel.com\/wp-content\/uploads\/2019\/04\/non-ferrous-metal_347x347-c-150x150.jpg 150w, https:\/\/narvasteel.com\/wp-content\/uploads\/2019\/04\/non-ferrous-metal_347x347-c-300x300.jpg 300w, https:\/\/narvasteel.com\/wp-content\/uploads\/2019\/04\/non-ferrous-metal_347x347-c-146x146.jpg 146w, https:\/\/narvasteel.com\/wp-content\/uploads\/2019\/04\/non-ferrous-metal_347x347-c-50x50.jpg 50w, https:\/\/narvasteel.com\/wp-content\/uploads\/2019\/04\/non-ferrous-metal_347x347-c-75x75.jpg 75w, https:\/\/narvasteel.com\/wp-content\/uploads\/2019\/04\/non-ferrous-metal_347x347-c-85x85.jpg 85w, https:\/\/narvasteel.com\/wp-content\/uploads\/2019\/04\/non-ferrous-metal_347x347-c-80x80.jpg 80w\" sizes=\"auto, (max-width: 347px) 100vw, 347px\" \/><\/figure>\r\n<\/div>\r\n\r\n\r\n\r\n<p><span>Yksi t\u00e4rkeimmist\u00e4 suuntiin yhti\u00f6mme on toteutumista alumiinitavarat, kupari ja seokset perustuvat n\u00e4iden metallien. Ei-rautametallien k\u00e4ytet\u00e4\u00e4n laajalti eri teollisuuden aloilla ja rakentamisessa. Koska sen ominaisuudet, v\u00e4rimetallien ei ole vaihtoehtoja. Ty\u00f6skentelemme vain luotettavia toimittajia, jotka tarjoavat laadukkaita tuotteita.<\/span><\/p>\r\n<p><span>alumiini<\/span><\/p>\r\n<p><span>kupari<\/span><\/p>\r\n<p><span>pronssi<\/span><\/p>\r\n<p><span>messinki<\/span><\/p>\r\n<p><span>Titaani<\/span><\/p>\r\n<p><span>sinkki<\/span><\/p>\r\n<p><span>Babbitt<\/span><\/p>\r\n<p><span>tina<\/span><\/p>\r\n<p><span>nikkeli<\/span><\/p>\r\n","protected":false},"excerpt":{"rendered":"<p>Yksi t\u00e4rkeimmist\u00e4 suuntiin yhti\u00f6mme on toteutumista alumiinitavarat, kupari ja seokset perustuvat n\u00e4iden metallien. Ei-rautametallien k\u00e4ytet\u00e4\u00e4n laajalti eri teollisuuden aloilla ja rakentamisessa. Koska sen ominaisuudet, v\u00e4rimetallien ei<span class=\"excerpt-hellip\"> [\u2026]<\/span><\/p>\n","protected":false},"author":1,"featured_media":0,"parent":0,"menu_order":0,"comment_status":"closed","ping_status":"closed","template":"","meta":{"footnotes":""},"class_list":["post-384","page","type-page","status-publish","hentry"],"_links":{"self":[{"href":"https:\/\/narvasteel.com\/fi\/wp-json\/wp\/v2\/pages\/384","targetHints":{"allow":["GET"]}}],"collection":[{"href":"https:\/\/narvasteel.com\/fi\/wp-json\/wp\/v2\/pages"}],"about":[{"href":"https:\/\/narvasteel.com\/fi\/wp-json\/wp\/v2\/types\/page"}],"author":[{"embeddable":true,"href":"https:\/\/narvasteel.com\/fi\/wp-json\/wp\/v2\/users\/1"}],"replies":[{"embeddable":true,"href":"https:\/\/narvasteel.com\/fi\/wp-json\/wp\/v2\/comments?post=384"}],"version-history":[{"count":1,"href":"https:\/\/narvasteel.com\/fi\/wp-json\/wp\/v2\/pages\/384\/revisions"}],"predecessor-version":[{"id":385,"href":"https:\/\/narvasteel.com\/fi\/wp-json\/wp\/v2\/pages\/384\/revisions\/385"}],"wp:attachment":[{"href":"https:\/\/narvasteel.com\/fi\/wp-json\/wp\/v2\/media?parent=384"}],"curies":[{"name":"wp","href":"https:\/\/api.w.org\/{rel}","templated":true}]}}