{"id":174,"date":"2019-05-02T16:17:37","date_gmt":"2019-05-02T13:17:37","guid":{"rendered":"http:\/\/narvasteel.com\/%d0%ba%d1%80%d0%be%d0%b2%d0%b5%d0%bb%d1%8c%d0%bd%d1%8b%d0%b9-%d0%bc%d0%b0%d1%82%d0%b5%d1%80%d0%b8%d0%b0%d0%bb\/"},"modified":"2019-05-07T18:07:29","modified_gmt":"2019-05-07T15:07:29","slug":"%d0%ba%d1%80%d0%be%d0%b2%d0%b5%d0%bb%d1%8c%d0%bd%d1%8b%d0%b9-%d0%bc%d0%b0%d1%82%d0%b5%d1%80%d0%b8%d0%b0%d0%bb","status":"publish","type":"page","link":"https:\/\/narvasteel.com\/lt\/%d0%ba%d1%80%d0%be%d0%b2%d0%b5%d0%bb%d1%8c%d0%bd%d1%8b%d0%b9-%d0%bc%d0%b0%d1%82%d0%b5%d1%80%d0%b8%d0%b0%d0%bb\/","title":{"rendered":"STOG\u0172"},"content":{"rendered":"\r\n<div class=\"wp-block-image\">\r\n<figure class=\"alignright\"><img loading=\"lazy\" decoding=\"async\" width=\"347\" height=\"347\" class=\"wp-image-80\" src=\"http:\/\/narvasteel.com\/wp-content\/uploads\/2019\/04\/roofing-material_347x347-c.jpg\" alt=\"\" srcset=\"https:\/\/narvasteel.com\/wp-content\/uploads\/2019\/04\/roofing-material_347x347-c.jpg 347w, https:\/\/narvasteel.com\/wp-content\/uploads\/2019\/04\/roofing-material_347x347-c-150x150.jpg 150w, https:\/\/narvasteel.com\/wp-content\/uploads\/2019\/04\/roofing-material_347x347-c-300x300.jpg 300w, https:\/\/narvasteel.com\/wp-content\/uploads\/2019\/04\/roofing-material_347x347-c-146x146.jpg 146w, https:\/\/narvasteel.com\/wp-content\/uploads\/2019\/04\/roofing-material_347x347-c-50x50.jpg 50w, https:\/\/narvasteel.com\/wp-content\/uploads\/2019\/04\/roofing-material_347x347-c-75x75.jpg 75w, https:\/\/narvasteel.com\/wp-content\/uploads\/2019\/04\/roofing-material_347x347-c-85x85.jpg 85w, https:\/\/narvasteel.com\/wp-content\/uploads\/2019\/04\/roofing-material_347x347-c-80x80.jpg 80w\" sizes=\"auto, (max-width: 347px) 100vw, 347px\" \/><\/figure>\r\n<\/div>\r\n\r\n\r\n\r\n<p><span>Stogo ir vis\u0105 metaliniai profiliai yra naudojami padengti stogams bei sienoms pastat\u0173. Mes si\u016blome savo klientams da\u017eniausios profilius: plyteli\u0173, trapecijos formos ir sumalta.<\/span><\/p>\r\n<p><strong><span>KIVIPROFIIL<\/span><\/strong><\/p>\r\n<p><strong><span>TP20<\/span><\/strong><\/p>\r\n<p><strong><span>KLASSIK<\/span><\/strong><\/p>\r\n<p><strong><span>Valts<\/span><\/strong><\/p>\r\n<p><span>U\u017ebaigti latak\u0173 sistem\u0105 ir priedai stogams. Latakai yra pagaminti i\u0161 galvanizuoto plieno, su dar dvipusis padengtas.<\/span><\/p>\r\n<p><span>Forma kanalizacij\u0105 yra dviej\u0173 tip\u0173: apvalus ir sta\u010diakampio formos.<\/span><\/p>\r\n<p><span>Papildomi elementai alavas (kraigo, pabaiga, jungiamieji elementai), kurios yra nustatomas pagal stogo ir kuri formos sud\u0117tingumo negali b\u016bti neatliekamas.<\/span><\/p>\r\n<p><span>Kokyb\u0117s garantija nuo 20 iki 50 met\u0173.<\/span>\u00a0<\/p>\r\n<p><strong><span>Variantai danga:<\/span><\/strong><span> PE, PUR<\/span><\/p>\r\n<p><strong><span>Spalv\u0173 gama:<\/span><\/strong><span> RR11, RR20, RR21, RR23, RR25, RR29, RR32, RR33, RR35, RR36, RR37<\/span><\/p>\r\n","protected":false},"excerpt":{"rendered":"<p>Stogo ir vis\u0105 metaliniai profiliai yra naudojami padengti stogams bei sienoms pastat\u0173. Mes si\u016blome savo klientams da\u017eniausios profilius: plyteli\u0173, trapecijos formos ir sumalta. KIVIPROFIIL TP20 KLASSIK<span class=\"excerpt-hellip\"> [\u2026]<\/span><\/p>\n","protected":false},"author":1,"featured_media":0,"parent":0,"menu_order":0,"comment_status":"closed","ping_status":"closed","template":"","meta":{"footnotes":""},"class_list":["post-174","page","type-page","status-publish","hentry"],"_links":{"self":[{"href":"https:\/\/narvasteel.com\/lt\/wp-json\/wp\/v2\/pages\/174","targetHints":{"allow":["GET"]}}],"collection":[{"href":"https:\/\/narvasteel.com\/lt\/wp-json\/wp\/v2\/pages"}],"about":[{"href":"https:\/\/narvasteel.com\/lt\/wp-json\/wp\/v2\/types\/page"}],"author":[{"embeddable":true,"href":"https:\/\/narvasteel.com\/lt\/wp-json\/wp\/v2\/users\/1"}],"replies":[{"embeddable":true,"href":"https:\/\/narvasteel.com\/lt\/wp-json\/wp\/v2\/comments?post=174"}],"version-history":[{"count":1,"href":"https:\/\/narvasteel.com\/lt\/wp-json\/wp\/v2\/pages\/174\/revisions"}],"predecessor-version":[{"id":175,"href":"https:\/\/narvasteel.com\/lt\/wp-json\/wp\/v2\/pages\/174\/revisions\/175"}],"wp:attachment":[{"href":"https:\/\/narvasteel.com\/lt\/wp-json\/wp\/v2\/media?parent=174"}],"curies":[{"name":"wp","href":"https:\/\/api.w.org\/{rel}","templated":true}]}}