{"id":195,"date":"2019-05-02T16:10:41","date_gmt":"2019-05-02T13:10:41","guid":{"rendered":"http:\/\/narvasteel.com\/%d0%bd%d0%b5%d1%80%d0%b6%d0%b0%d0%b2%d0%b5%d1%8e%d1%89%d0%b0%d1%8f-%d1%81%d1%82%d0%b0%d0%bb%d1%8c\/"},"modified":"2019-05-07T20:36:03","modified_gmt":"2019-05-07T17:36:03","slug":"%d0%bd%d0%b5%d1%80%d0%b6%d0%b0%d0%b2%d0%b5%d1%8e%d1%89%d0%b0%d1%8f-%d1%81%d1%82%d0%b0%d0%bb%d1%8c","status":"publish","type":"page","link":"https:\/\/narvasteel.com\/lt\/%d0%bd%d0%b5%d1%80%d0%b6%d0%b0%d0%b2%d0%b5%d1%8e%d1%89%d0%b0%d1%8f-%d1%81%d1%82%d0%b0%d0%bb%d1%8c\/","title":{"rendered":"NER\u016aDIJANTIS PLIENAS"},"content":{"rendered":"\r\n<div class=\"wp-block-image\">\r\n<figure class=\"alignright\"><img loading=\"lazy\" decoding=\"async\" width=\"347\" height=\"347\" class=\"wp-image-79\" src=\"http:\/\/narvasteel.com\/wp-content\/uploads\/2019\/04\/stainless-steel_347x347-c.jpg\" alt=\"\" srcset=\"https:\/\/narvasteel.com\/wp-content\/uploads\/2019\/04\/stainless-steel_347x347-c.jpg 347w, https:\/\/narvasteel.com\/wp-content\/uploads\/2019\/04\/stainless-steel_347x347-c-150x150.jpg 150w, https:\/\/narvasteel.com\/wp-content\/uploads\/2019\/04\/stainless-steel_347x347-c-300x300.jpg 300w, https:\/\/narvasteel.com\/wp-content\/uploads\/2019\/04\/stainless-steel_347x347-c-146x146.jpg 146w, https:\/\/narvasteel.com\/wp-content\/uploads\/2019\/04\/stainless-steel_347x347-c-50x50.jpg 50w, https:\/\/narvasteel.com\/wp-content\/uploads\/2019\/04\/stainless-steel_347x347-c-75x75.jpg 75w, https:\/\/narvasteel.com\/wp-content\/uploads\/2019\/04\/stainless-steel_347x347-c-85x85.jpg 85w, https:\/\/narvasteel.com\/wp-content\/uploads\/2019\/04\/stainless-steel_347x347-c-80x80.jpg 80w\" sizes=\"auto, (max-width: 347px) 100vw, 347px\" \/><\/figure>\r\n<\/div>\r\n\r\n\r\n\r\n<p><span>Ner\u016bdijan\u010dio plieno metalo &#8211; tai atsparus korozijai, patvarus ir universalus med\u017eiaga, kuri yra naudojama pramon\u0117je ir statyboje. Asortimentas metalo turi \u0161imtus daikt\u0173. M\u016bs\u0173 \u012fmon\u0117 si\u016blo plat\u0173 plok\u0161\u010di\u0173 ir ilg\u0173 gamini\u0173 i\u0161 ner\u016bdijan\u010dio plieno tvarka.<\/span><\/p>\r\n<p><strong><span>Produkt\u0173 asortimentas:<\/span><\/strong><\/p>\r\n<p><span>valcavimo lak\u0161tai (kar\u0161to valcavimo, \u0161alto, dekoratyvinis);<\/span><\/p>\r\n<p><span>vamzdis (vientisas, apvalios ir profiliuoti elektri\u0161kai);<\/span><\/p>\r\n<p><span>ko skyri\u0173 (kvadratinis, apskritimas, viela, kampas \u0161e\u0161iakampio.);<\/span><\/p>\r\n<p><span>fiksavimo ir jungiantis armat\u016bra<\/span><\/p>\r\n<p><strong><span>Plienas AISI:<\/span><\/strong><span> 304, 304L, 310S, 316, 316L, 316Ti, 321, 409L, 430, 430Ti<\/span><\/p>\r\n","protected":false},"excerpt":{"rendered":"<p>Ner\u016bdijan\u010dio plieno metalo &#8211; tai atsparus korozijai, patvarus ir universalus med\u017eiaga, kuri yra naudojama pramon\u0117je ir statyboje. Asortimentas metalo turi \u0161imtus daikt\u0173. M\u016bs\u0173 \u012fmon\u0117 si\u016blo plat\u0173<span class=\"excerpt-hellip\"> [\u2026]<\/span><\/p>\n","protected":false},"author":1,"featured_media":0,"parent":0,"menu_order":0,"comment_status":"closed","ping_status":"closed","template":"","meta":{"footnotes":""},"class_list":["post-195","page","type-page","status-publish","hentry"],"_links":{"self":[{"href":"https:\/\/narvasteel.com\/lt\/wp-json\/wp\/v2\/pages\/195","targetHints":{"allow":["GET"]}}],"collection":[{"href":"https:\/\/narvasteel.com\/lt\/wp-json\/wp\/v2\/pages"}],"about":[{"href":"https:\/\/narvasteel.com\/lt\/wp-json\/wp\/v2\/types\/page"}],"author":[{"embeddable":true,"href":"https:\/\/narvasteel.com\/lt\/wp-json\/wp\/v2\/users\/1"}],"replies":[{"embeddable":true,"href":"https:\/\/narvasteel.com\/lt\/wp-json\/wp\/v2\/comments?post=195"}],"version-history":[{"count":1,"href":"https:\/\/narvasteel.com\/lt\/wp-json\/wp\/v2\/pages\/195\/revisions"}],"predecessor-version":[{"id":196,"href":"https:\/\/narvasteel.com\/lt\/wp-json\/wp\/v2\/pages\/195\/revisions\/196"}],"wp:attachment":[{"href":"https:\/\/narvasteel.com\/lt\/wp-json\/wp\/v2\/media?parent=195"}],"curies":[{"name":"wp","href":"https:\/\/api.w.org\/{rel}","templated":true}]}}