{"id":237,"date":"2019-05-02T16:02:43","date_gmt":"2019-05-02T13:02:43","guid":{"rendered":"http:\/\/narvasteel.com\/%d0%bf%d0%b5%d1%80%d1%84%d0%be%d1%80%d0%b8%d1%80%d0%be%d0%b2%d0%b0%d0%bd%d0%bd%d1%8b%d0%b5-%d0%bb%d0%b8%d1%81%d1%82%d1%8b\/"},"modified":"2019-05-07T20:51:10","modified_gmt":"2019-05-07T17:51:10","slug":"%d0%bf%d0%b5%d1%80%d1%84%d0%be%d1%80%d0%b8%d1%80%d0%be%d0%b2%d0%b0%d0%bd%d0%bd%d1%8b%d0%b5-%d0%bb%d0%b8%d1%81%d1%82%d1%8b","status":"publish","type":"page","link":"https:\/\/narvasteel.com\/lt\/%d0%bf%d0%b5%d1%80%d1%84%d0%be%d1%80%d0%b8%d1%80%d0%be%d0%b2%d0%b0%d0%bd%d0%bd%d1%8b%d0%b5-%d0%bb%d0%b8%d1%81%d1%82%d1%8b\/","title":{"rendered":"PERFORUOTOS LAK\u0160TAI"},"content":{"rendered":"\r\n<div class=\"wp-block-image\">\r\n<figure class=\"alignright\"><img loading=\"lazy\" decoding=\"async\" width=\"347\" height=\"347\" class=\"wp-image-77\" src=\"http:\/\/narvasteel.com\/wp-content\/uploads\/2019\/04\/perforated-sheet_347x347-c.jpg\" alt=\"\" srcset=\"https:\/\/narvasteel.com\/wp-content\/uploads\/2019\/04\/perforated-sheet_347x347-c.jpg 347w, https:\/\/narvasteel.com\/wp-content\/uploads\/2019\/04\/perforated-sheet_347x347-c-150x150.jpg 150w, https:\/\/narvasteel.com\/wp-content\/uploads\/2019\/04\/perforated-sheet_347x347-c-300x300.jpg 300w, https:\/\/narvasteel.com\/wp-content\/uploads\/2019\/04\/perforated-sheet_347x347-c-146x146.jpg 146w, https:\/\/narvasteel.com\/wp-content\/uploads\/2019\/04\/perforated-sheet_347x347-c-50x50.jpg 50w, https:\/\/narvasteel.com\/wp-content\/uploads\/2019\/04\/perforated-sheet_347x347-c-75x75.jpg 75w, https:\/\/narvasteel.com\/wp-content\/uploads\/2019\/04\/perforated-sheet_347x347-c-85x85.jpg 85w, https:\/\/narvasteel.com\/wp-content\/uploads\/2019\/04\/perforated-sheet_347x347-c-80x80.jpg 80w\" sizes=\"auto, (max-width: 347px) 100vw, 347px\" \/><\/figure>\r\n<\/div>\r\n\r\n\r\n\r\n<p><span>Perforuoti lak\u0161tai yra pla\u010diai naudojami v\u0117dinimo \u012frengin\u012f, bald\u0173, dizaino elementai, su prietaisu \u0161ildymo sistem\u0173, \u017eem\u0117s \u016bkio technika ir tt<\/span><\/p>\r\n<p><strong><span>Med\u017eiagos:<\/span><\/strong><span> Plieno ir galvanizuoto plieno, ner\u016bdijan\u010dio plieno, aliuminio.<\/span><\/p>\r\n<p><strong><span>Storis:<\/span><\/strong><span> 0,5 &#8211; 10,0 mm<\/span><\/p>\r\n<p><strong><span>Formatas:<\/span><\/strong><span> 1000 x 2000 mm, 1250 x 2500 mm, 1500 x 3000 mm<\/span><\/p>\r\n<p><strong><span>Danga:<\/span><\/strong><span> RAL tapyba, klojimas, PVC pl\u0117vel\u0117s.<\/span><\/p>\r\n<p><span>prakiurimas tipai:<\/span><\/p>\r\n<p><span>&#8211; turas: trikampis \/ kv i\u0161d\u0117stymas<\/span><\/p>\r\n<p><span>&#8211; keturkamp\u0117: trikampis \/ kv i\u0161d\u0117stymas<\/span><\/p>\r\n<p><span>&#8211; \u0161e\u0161iakamp\u0117s ply\u0161io kaip: pertraukiamas viet\u0105<\/span><\/p>\r\n","protected":false},"excerpt":{"rendered":"<p>Perforuoti lak\u0161tai yra pla\u010diai naudojami v\u0117dinimo \u012frengin\u012f, bald\u0173, dizaino elementai, su prietaisu \u0161ildymo sistem\u0173, \u017eem\u0117s \u016bkio technika ir tt Med\u017eiagos: Plieno ir galvanizuoto plieno, ner\u016bdijan\u010dio plieno,<span class=\"excerpt-hellip\"> [\u2026]<\/span><\/p>\n","protected":false},"author":1,"featured_media":0,"parent":0,"menu_order":0,"comment_status":"closed","ping_status":"closed","template":"","meta":{"footnotes":""},"class_list":["post-237","page","type-page","status-publish","hentry"],"_links":{"self":[{"href":"https:\/\/narvasteel.com\/lt\/wp-json\/wp\/v2\/pages\/237","targetHints":{"allow":["GET"]}}],"collection":[{"href":"https:\/\/narvasteel.com\/lt\/wp-json\/wp\/v2\/pages"}],"about":[{"href":"https:\/\/narvasteel.com\/lt\/wp-json\/wp\/v2\/types\/page"}],"author":[{"embeddable":true,"href":"https:\/\/narvasteel.com\/lt\/wp-json\/wp\/v2\/users\/1"}],"replies":[{"embeddable":true,"href":"https:\/\/narvasteel.com\/lt\/wp-json\/wp\/v2\/comments?post=237"}],"version-history":[{"count":1,"href":"https:\/\/narvasteel.com\/lt\/wp-json\/wp\/v2\/pages\/237\/revisions"}],"predecessor-version":[{"id":238,"href":"https:\/\/narvasteel.com\/lt\/wp-json\/wp\/v2\/pages\/237\/revisions\/238"}],"wp:attachment":[{"href":"https:\/\/narvasteel.com\/lt\/wp-json\/wp\/v2\/media?parent=237"}],"curies":[{"name":"wp","href":"https:\/\/api.w.org\/{rel}","templated":true}]}}