{"id":259,"date":"2019-05-02T15:57:03","date_gmt":"2019-05-02T12:57:03","guid":{"rendered":"http:\/\/narvasteel.com\/%d0%bf%d1%80%d0%be%d1%81%d0%b5%d1%87%d0%bd%d0%be-%d0%b2%d1%8b%d1%82%d1%8f%d0%b6%d0%bd%d1%8b%d0%b5-%d1%81%d0%b5%d1%82%d0%ba%d0%b8\/"},"modified":"2019-05-07T20:57:30","modified_gmt":"2019-05-07T17:57:30","slug":"%d0%bf%d1%80%d0%be%d1%81%d0%b5%d1%87%d0%bd%d0%be-%d0%b2%d1%8b%d1%82%d1%8f%d0%b6%d0%bd%d1%8b%d0%b5-%d1%81%d0%b5%d1%82%d0%ba%d0%b8","status":"publish","type":"page","link":"https:\/\/narvasteel.com\/lt\/%d0%bf%d1%80%d0%be%d1%81%d0%b5%d1%87%d0%bd%d0%be-%d0%b2%d1%8b%d1%82%d1%8f%d0%b6%d0%bd%d1%8b%d0%b5-%d1%81%d0%b5%d1%82%d0%ba%d0%b8\/","title":{"rendered":"I\u0160PL\u0116STOS METALO TINKLELIO"},"content":{"rendered":"\r\n<div class=\"wp-block-image\">\r\n<figure class=\"alignright\"><img loading=\"lazy\" decoding=\"async\" width=\"347\" height=\"347\" class=\"wp-image-76\" src=\"http:\/\/narvasteel.com\/wp-content\/uploads\/2019\/04\/expanded-drawn_347x347-c.jpg\" alt=\"\" srcset=\"https:\/\/narvasteel.com\/wp-content\/uploads\/2019\/04\/expanded-drawn_347x347-c.jpg 347w, https:\/\/narvasteel.com\/wp-content\/uploads\/2019\/04\/expanded-drawn_347x347-c-150x150.jpg 150w, https:\/\/narvasteel.com\/wp-content\/uploads\/2019\/04\/expanded-drawn_347x347-c-300x300.jpg 300w, https:\/\/narvasteel.com\/wp-content\/uploads\/2019\/04\/expanded-drawn_347x347-c-146x146.jpg 146w, https:\/\/narvasteel.com\/wp-content\/uploads\/2019\/04\/expanded-drawn_347x347-c-50x50.jpg 50w, https:\/\/narvasteel.com\/wp-content\/uploads\/2019\/04\/expanded-drawn_347x347-c-75x75.jpg 75w, https:\/\/narvasteel.com\/wp-content\/uploads\/2019\/04\/expanded-drawn_347x347-c-85x85.jpg 85w, https:\/\/narvasteel.com\/wp-content\/uploads\/2019\/04\/expanded-drawn_347x347-c-80x80.jpg 80w\" sizes=\"auto, (max-width: 347px) 100vw, 347px\" \/><\/figure>\r\n<\/div>\r\n\r\n\r\n\r\n<p><span>I\u0161pl\u0117sta metalo tinklelio yra patogu med\u017eiaga statybos.<\/span><\/p>\r\n<p><span>Privalumai i\u0161dro\u017eomis tinklel\u012f yra jos paprastumas ir Neslystantis pavir\u0161ius. Prosechnye tinklelio turi \u012fvairi\u0173 program\u0173: tur\u0117kl\u0173, apsaugini\u0173 ir dekoratyvini\u0173 groteli\u0173, pakabinam\u0173 lub\u0173, takai, laipt\u0173, ramp\u0173.<\/span><\/p>\r\n<p><strong><span>Med\u017eiaga:<\/span><\/strong><span> plienas juoda, ner\u016bdijan\u010dio plieno, aliuminio<\/span><\/p>\r\n<p><strong><span>Implantavimas:<\/span><\/strong><span> Cinkuota<\/span><\/p>\r\n<p><strong><span>Mobilusis dydis:<\/span><\/strong><span> \u00a02.0 Mes &#8211; 147.0 mm<\/span><\/p>\r\n<p><strong><span>Med\u017eiagos storis:<\/span><\/strong><span> \u00a00,5 &#8211; 4,0 mm,<\/span><\/p>\r\n<p><strong><span>Standartiniai lapas dyd\u017eiai:<\/span><\/strong><span> 1000h2000 mm, 1250h2500 mm, mm, 1500h3000<\/span><\/p>\r\n<p><span>* Mes atliekame u\u017esakymus ant groteli\u0173 n\u0117ra standartini\u0173 dyd\u017ei\u0173.<\/span><\/p>\r\n","protected":false},"excerpt":{"rendered":"<p>I\u0161pl\u0117sta metalo tinklelio yra patogu med\u017eiaga statybos. Privalumai i\u0161dro\u017eomis tinklel\u012f yra jos paprastumas ir Neslystantis pavir\u0161ius. Prosechnye tinklelio turi \u012fvairi\u0173 program\u0173: tur\u0117kl\u0173, apsaugini\u0173 ir dekoratyvini\u0173 groteli\u0173,<span class=\"excerpt-hellip\"> [\u2026]<\/span><\/p>\n","protected":false},"author":1,"featured_media":0,"parent":0,"menu_order":0,"comment_status":"closed","ping_status":"closed","template":"","meta":{"footnotes":""},"class_list":["post-259","page","type-page","status-publish","hentry"],"_links":{"self":[{"href":"https:\/\/narvasteel.com\/lt\/wp-json\/wp\/v2\/pages\/259","targetHints":{"allow":["GET"]}}],"collection":[{"href":"https:\/\/narvasteel.com\/lt\/wp-json\/wp\/v2\/pages"}],"about":[{"href":"https:\/\/narvasteel.com\/lt\/wp-json\/wp\/v2\/types\/page"}],"author":[{"embeddable":true,"href":"https:\/\/narvasteel.com\/lt\/wp-json\/wp\/v2\/users\/1"}],"replies":[{"embeddable":true,"href":"https:\/\/narvasteel.com\/lt\/wp-json\/wp\/v2\/comments?post=259"}],"version-history":[{"count":1,"href":"https:\/\/narvasteel.com\/lt\/wp-json\/wp\/v2\/pages\/259\/revisions"}],"predecessor-version":[{"id":260,"href":"https:\/\/narvasteel.com\/lt\/wp-json\/wp\/v2\/pages\/259\/revisions\/260"}],"wp:attachment":[{"href":"https:\/\/narvasteel.com\/lt\/wp-json\/wp\/v2\/media?parent=259"}],"curies":[{"name":"wp","href":"https:\/\/api.w.org\/{rel}","templated":true}]}}