{"id":280,"date":"2019-05-02T15:52:56","date_gmt":"2019-05-02T12:52:56","guid":{"rendered":"http:\/\/narvasteel.com\/%d1%80%d0%b0%d0%b1%d0%b8%d1%86%d0%b0-%d0%b8-%d0%ba%d0%be%d0%bb%d1%8e%d1%87%d0%b0%d1%8f-%d0%bf%d1%80%d0%be%d0%b2%d0%be%d0%bb%d0%be%d0%ba%d0%b0\/"},"modified":"2019-05-07T21:03:48","modified_gmt":"2019-05-07T18:03:48","slug":"%d1%80%d0%b0%d0%b1%d0%b8%d1%86%d0%b0-%d0%b8-%d0%ba%d0%be%d0%bb%d1%8e%d1%87%d0%b0%d1%8f-%d0%bf%d1%80%d0%be%d0%b2%d0%be%d0%bb%d0%be%d0%ba%d0%b0","status":"publish","type":"page","link":"https:\/\/narvasteel.com\/lt\/%d1%80%d0%b0%d0%b1%d0%b8%d1%86%d0%b0-%d0%b8-%d0%ba%d0%be%d0%bb%d1%8e%d1%87%d0%b0%d1%8f-%d0%bf%d1%80%d0%be%d0%b2%d0%be%d0%bb%d0%be%d0%ba%d0%b0\/","title":{"rendered":"TINKLAI IR SPYGLIUOTA VIELA"},"content":{"rendered":"\r\n<div class=\"wp-block-image\">\r\n<figure class=\"alignright\"><img loading=\"lazy\" decoding=\"async\" width=\"347\" height=\"347\" class=\"wp-image-75\" src=\"http:\/\/narvasteel.com\/wp-content\/uploads\/2019\/04\/rabitz-barbed-wire_347x347-c.jpg\" alt=\"\" srcset=\"https:\/\/narvasteel.com\/wp-content\/uploads\/2019\/04\/rabitz-barbed-wire_347x347-c.jpg 347w, https:\/\/narvasteel.com\/wp-content\/uploads\/2019\/04\/rabitz-barbed-wire_347x347-c-150x150.jpg 150w, https:\/\/narvasteel.com\/wp-content\/uploads\/2019\/04\/rabitz-barbed-wire_347x347-c-300x300.jpg 300w, https:\/\/narvasteel.com\/wp-content\/uploads\/2019\/04\/rabitz-barbed-wire_347x347-c-146x146.jpg 146w, https:\/\/narvasteel.com\/wp-content\/uploads\/2019\/04\/rabitz-barbed-wire_347x347-c-50x50.jpg 50w, https:\/\/narvasteel.com\/wp-content\/uploads\/2019\/04\/rabitz-barbed-wire_347x347-c-75x75.jpg 75w, https:\/\/narvasteel.com\/wp-content\/uploads\/2019\/04\/rabitz-barbed-wire_347x347-c-85x85.jpg 85w, https:\/\/narvasteel.com\/wp-content\/uploads\/2019\/04\/rabitz-barbed-wire_347x347-c-80x80.jpg 80w\" sizes=\"auto, (max-width: 347px) 100vw, 347px\" \/><\/figure>\r\n<\/div>\r\n\r\n\r\n\r\n<p><span>Pinti tvora arba u\u017eskaitos Tai pigiausias ir patogus sprendimas priva\u010di\u0173 nam\u0173, ganykl\u0173, mokyklose, pramoniniuose rajonuose apsaug\u0105. Tinklelis yra pagamintas i\u0161 termi\u0161kai apdoroto cinkuotos plienin\u0117s vielos arba cinkuoto plieno vielos, padengto PVC.<\/span><\/p>\r\n<p><span>Be to, galite \u012fsigyti stulpus ir tvirtinimo detal\u0117s elementai tinklel\u012f.<\/span><\/p>\r\n<p><span>\u2022 <\/span><strong><span>tinklelis auk\u0161tis:<\/span><\/strong><span> 1200 mm, 1500 mm,<\/span><\/p>\r\n<p><span>\u2022 <\/span><strong><span>tinklo akies dydis<\/span><\/strong><span> 50&#215;50 mm,<\/span><\/p>\r\n<p><span>\u2022 <\/span><strong><span>vielos skersmuo:<\/span><\/strong><span> 2 mm, 2,8 mm<\/span><\/p>\r\n<p><span>\u2022 <\/span><strong><span>Padengimas:<\/span><\/strong><span> Zn, Zn + PVC, (\u017ealia)<\/span><\/p>\r\n<p><span>\u2022 <\/span><strong><span>Ritinio ilgis:<\/span><\/strong><span> 25 m<\/span><\/p>\r\n<p><strong><span>spygliuota viela<\/span><\/strong><\/p>\r\n<p><span>Spygliuota viela &#8211; tai yra puikus papildymas bet tvoros tipo.<\/span><\/p>\r\n<p><span>Pasirinkus spygliuota viela, jums padidinti 80% patikimumu tvora.<\/span><\/p>\r\n<p><span>\u2022\u00a0 <\/span><strong><span>I\u0161 spygliais numeris:<\/span><\/strong><span> 4<\/span><\/p>\r\n<p><span>\u2022\u00a0 <\/span><strong><span>Laido skersmuo:<\/span><\/strong><span> 2.0 mm<\/span><\/p>\r\n<p><span>\u2022\u00a0 <\/span><strong><span>perdirbimas \/ Padengimas:<\/span><\/strong><span> Zn<\/span><\/p>\r\n<p><span>\u2022\u00a0 <\/span><strong><span>Ritinio ilgis:<\/span><\/strong><span> 250 m,<\/span><\/p>\r\n","protected":false},"excerpt":{"rendered":"<p>Pinti tvora arba u\u017eskaitos Tai pigiausias ir patogus sprendimas priva\u010di\u0173 nam\u0173, ganykl\u0173, mokyklose, pramoniniuose rajonuose apsaug\u0105. Tinklelis yra pagamintas i\u0161 termi\u0161kai apdoroto cinkuotos plienin\u0117s vielos arba<span class=\"excerpt-hellip\"> [\u2026]<\/span><\/p>\n","protected":false},"author":1,"featured_media":0,"parent":0,"menu_order":0,"comment_status":"closed","ping_status":"closed","template":"","meta":{"footnotes":""},"class_list":["post-280","page","type-page","status-publish","hentry"],"_links":{"self":[{"href":"https:\/\/narvasteel.com\/lt\/wp-json\/wp\/v2\/pages\/280","targetHints":{"allow":["GET"]}}],"collection":[{"href":"https:\/\/narvasteel.com\/lt\/wp-json\/wp\/v2\/pages"}],"about":[{"href":"https:\/\/narvasteel.com\/lt\/wp-json\/wp\/v2\/types\/page"}],"author":[{"embeddable":true,"href":"https:\/\/narvasteel.com\/lt\/wp-json\/wp\/v2\/users\/1"}],"replies":[{"embeddable":true,"href":"https:\/\/narvasteel.com\/lt\/wp-json\/wp\/v2\/comments?post=280"}],"version-history":[{"count":1,"href":"https:\/\/narvasteel.com\/lt\/wp-json\/wp\/v2\/pages\/280\/revisions"}],"predecessor-version":[{"id":281,"href":"https:\/\/narvasteel.com\/lt\/wp-json\/wp\/v2\/pages\/280\/revisions\/281"}],"wp:attachment":[{"href":"https:\/\/narvasteel.com\/lt\/wp-json\/wp\/v2\/media?parent=280"}],"curies":[{"name":"wp","href":"https:\/\/api.w.org\/{rel}","templated":true}]}}