{"id":301,"date":"2019-05-02T14:56:26","date_gmt":"2019-05-02T11:56:26","guid":{"rendered":"http:\/\/narvasteel.com\/%d1%80%d0%b5%d1%88%d0%b5%d1%82%d0%ba%d0%b8-%d0%b8-%d1%81%d1%82%d1%83%d0%bf%d0%b5%d0%bd%d0%b8\/"},"modified":"2019-05-07T21:09:51","modified_gmt":"2019-05-07T18:09:51","slug":"%d1%80%d0%b5%d1%88%d0%b5%d1%82%d0%ba%d0%b8-%d0%b8-%d1%81%d1%82%d1%83%d0%bf%d0%b5%d0%bd%d0%b8","status":"publish","type":"page","link":"https:\/\/narvasteel.com\/lt\/%d1%80%d0%b5%d1%88%d0%b5%d1%82%d0%ba%d0%b8-%d0%b8-%d1%81%d1%82%d1%83%d0%bf%d0%b5%d0%bd%d0%b8\/","title":{"rendered":"GROTEL\u0116S IR \u017dINGSNIAI"},"content":{"rendered":"\r\n<div class=\"wp-block-image\">\r\n<figure class=\"alignright\"><img loading=\"lazy\" decoding=\"async\" width=\"347\" height=\"347\" class=\"wp-image-74\" src=\"http:\/\/narvasteel.com\/wp-content\/uploads\/2019\/04\/lattices-steps_347x347-c.jpg\" alt=\"\" srcset=\"https:\/\/narvasteel.com\/wp-content\/uploads\/2019\/04\/lattices-steps_347x347-c.jpg 347w, https:\/\/narvasteel.com\/wp-content\/uploads\/2019\/04\/lattices-steps_347x347-c-150x150.jpg 150w, https:\/\/narvasteel.com\/wp-content\/uploads\/2019\/04\/lattices-steps_347x347-c-300x300.jpg 300w, https:\/\/narvasteel.com\/wp-content\/uploads\/2019\/04\/lattices-steps_347x347-c-146x146.jpg 146w, https:\/\/narvasteel.com\/wp-content\/uploads\/2019\/04\/lattices-steps_347x347-c-50x50.jpg 50w, https:\/\/narvasteel.com\/wp-content\/uploads\/2019\/04\/lattices-steps_347x347-c-75x75.jpg 75w, https:\/\/narvasteel.com\/wp-content\/uploads\/2019\/04\/lattices-steps_347x347-c-85x85.jpg 85w, https:\/\/narvasteel.com\/wp-content\/uploads\/2019\/04\/lattices-steps_347x347-c-80x80.jpg 80w\" sizes=\"auto, (max-width: 347px) 100vw, 347px\" \/><\/figure>\r\n<\/div>\r\n\r\n\r\n\r\n<p><strong><span><span class=\"\">&#8211; Suvirintos ir presuoti grotel\u0117s<\/span><\/span><\/strong><\/p>\r\n<p><span>Grotel\u0117s plieno grindys yra modernus, patvari med\u017eiaga, kuri yra pla\u010diai naudojami pramon\u0117je ir statyboje. Pagrindinis bruo\u017eas suvirint\u0173 groteli\u0173 yra lengvas ir didelis atsparumas didel\u0117ms apkrovoms. Grotel\u0117s su dantytu slydimo pavir\u0161iaus yra naudojami tose srityse, kuriose yra pavojus, su slydimo jud\u0117jimo.\u00a0<\/span><\/p>\r\n<p><span>Suvirinti grotel\u0117s yra skirtos sunki\u0173j\u0173 transportavimo priemon\u0117s pakrovimo.<\/span><\/p>\r\n<p><span>Apimtis: ir p\u0117s\u010di\u0173j\u0173 ir prie\u017ei\u016bros platformos danga S\u0142omianka pagal \u012f\u0117jimo panelio kabinti sien\u0173 vienet\u0173 ir pastat\u0173 fasad\u0173 ir viadukai sand\u0117liavimo stela\u017eai\u00a0<\/span><\/p>\r\n<p><strong><span>Med\u017eiaga:<\/span><\/strong><span> plienas juodas<\/span><\/p>\r\n<p><strong><span>Implantavimas:<\/span><\/strong><span> Cinkuota<\/span><\/p>\r\n<p><strong><span>Mobilusis dydis:<\/span><\/strong><span> \u00a019h50 mm 34h11 mm mm, 34h76<\/span><\/p>\r\n<p><strong><span>Med\u017eiagos storis:<\/span><\/strong><span> \u00a02.0 Mes &#8211; 5.0 mm<\/span><\/p>\r\n<p><strong><span>Standartiniai dyd\u017eiai:<\/span><\/strong><span> \u00a06100h1000 mm<\/span><\/p>\r\n<p><span>\u010cia galite u\u017esisakyti deniai n\u0117ra standartini\u0173 dyd\u017ei\u0173.<\/span><\/p>\r\n<p><strong><span>&#8211; metalo etapas<\/span><\/strong><\/p>\r\n<p><span>Si\u016blome paruo\u0161t\u0105 etap\u0105, pagaminta pagal DIN 24531 standart\u0105 ir tvarkomi kar\u0161to cinkavimo. Nominalus dyd\u017ei\u0173 \u017eingsni\u0173 nurodyta lentel\u0117je, ta\u010diau taip pat gali b\u016bti pagaminti pagal \u017eingsnio dyd\u017eio pra\u0161om\u0105 klientui. Etapas yra patogu sprendimas statyb\u0173 standartines laiptini\u0173 vis\u0173 form\u0173 ir dyd\u017ei\u0173.<\/span><\/p>\r\n<p><img loading=\"lazy\" decoding=\"async\" width=\"459\" height=\"360\" class=\"wp-image-97\" src=\"http:\/\/narvasteel.com\/wp-content\/uploads\/2019\/05\/555.jpg\" alt=\"\" srcset=\"https:\/\/narvasteel.com\/wp-content\/uploads\/2019\/05\/555.jpg 459w, https:\/\/narvasteel.com\/wp-content\/uploads\/2019\/05\/555-300x235.jpg 300w, https:\/\/narvasteel.com\/wp-content\/uploads\/2019\/05\/555-186x146.jpg 186w, https:\/\/narvasteel.com\/wp-content\/uploads\/2019\/05\/555-50x39.jpg 50w, https:\/\/narvasteel.com\/wp-content\/uploads\/2019\/05\/555-96x75.jpg 96w\" sizes=\"auto, (max-width: 459px) 100vw, 459px\" \/><\/p>\r\n","protected":false},"excerpt":{"rendered":"<p>&#8211; Suvirintos ir presuoti grotel\u0117s Grotel\u0117s plieno grindys yra modernus, patvari med\u017eiaga, kuri yra pla\u010diai naudojami pramon\u0117je ir statyboje. Pagrindinis bruo\u017eas suvirint\u0173 groteli\u0173 yra lengvas ir<span class=\"excerpt-hellip\"> [\u2026]<\/span><\/p>\n","protected":false},"author":1,"featured_media":0,"parent":0,"menu_order":0,"comment_status":"closed","ping_status":"closed","template":"","meta":{"footnotes":""},"class_list":["post-301","page","type-page","status-publish","hentry"],"_links":{"self":[{"href":"https:\/\/narvasteel.com\/lt\/wp-json\/wp\/v2\/pages\/301","targetHints":{"allow":["GET"]}}],"collection":[{"href":"https:\/\/narvasteel.com\/lt\/wp-json\/wp\/v2\/pages"}],"about":[{"href":"https:\/\/narvasteel.com\/lt\/wp-json\/wp\/v2\/types\/page"}],"author":[{"embeddable":true,"href":"https:\/\/narvasteel.com\/lt\/wp-json\/wp\/v2\/users\/1"}],"replies":[{"embeddable":true,"href":"https:\/\/narvasteel.com\/lt\/wp-json\/wp\/v2\/comments?post=301"}],"version-history":[{"count":1,"href":"https:\/\/narvasteel.com\/lt\/wp-json\/wp\/v2\/pages\/301\/revisions"}],"predecessor-version":[{"id":302,"href":"https:\/\/narvasteel.com\/lt\/wp-json\/wp\/v2\/pages\/301\/revisions\/302"}],"wp:attachment":[{"href":"https:\/\/narvasteel.com\/lt\/wp-json\/wp\/v2\/media?parent=301"}],"curies":[{"name":"wp","href":"https:\/\/api.w.org\/{rel}","templated":true}]}}