{"id":324,"date":"2019-05-02T14:51:09","date_gmt":"2019-05-02T11:51:09","guid":{"rendered":"http:\/\/narvasteel.com\/%d1%81%d0%b2%d0%b0%d1%80%d0%bd%d1%8b%d0%b5-%d1%81%d0%b5%d1%82%d0%ba%d0%b8\/"},"modified":"2019-05-07T21:21:25","modified_gmt":"2019-05-07T18:21:25","slug":"%d1%81%d0%b2%d0%b0%d1%80%d0%bd%d1%8b%d0%b5-%d1%81%d0%b5%d1%82%d0%ba%d0%b8","status":"publish","type":"page","link":"https:\/\/narvasteel.com\/lt\/%d1%81%d0%b2%d0%b0%d1%80%d0%bd%d1%8b%d0%b5-%d1%81%d0%b5%d1%82%d0%ba%d0%b8\/","title":{"rendered":"SUVIRINIMO VIELOS TINKLO"},"content":{"rendered":"\r\n<p><img loading=\"lazy\" decoding=\"async\" class=\"alignright wp-image-73 size-medium\" src=\"http:\/\/narvasteel.com\/wp-content\/uploads\/2019\/04\/welded-nets_347x347-c-300x300.jpg\" alt=\"\" width=\"300\" height=\"300\" srcset=\"https:\/\/narvasteel.com\/wp-content\/uploads\/2019\/04\/welded-nets_347x347-c-300x300.jpg 300w, https:\/\/narvasteel.com\/wp-content\/uploads\/2019\/04\/welded-nets_347x347-c-150x150.jpg 150w, https:\/\/narvasteel.com\/wp-content\/uploads\/2019\/04\/welded-nets_347x347-c-146x146.jpg 146w, https:\/\/narvasteel.com\/wp-content\/uploads\/2019\/04\/welded-nets_347x347-c-50x50.jpg 50w, https:\/\/narvasteel.com\/wp-content\/uploads\/2019\/04\/welded-nets_347x347-c-75x75.jpg 75w, https:\/\/narvasteel.com\/wp-content\/uploads\/2019\/04\/welded-nets_347x347-c-85x85.jpg 85w, https:\/\/narvasteel.com\/wp-content\/uploads\/2019\/04\/welded-nets_347x347-c-80x80.jpg 80w, https:\/\/narvasteel.com\/wp-content\/uploads\/2019\/04\/welded-nets_347x347-c.jpg 347w\" sizes=\"auto, (max-width: 300px) 100vw, 300px\" \/><\/p>\r\n<p><span>Suvirintas tinklas yra populiarus med\u017eiaga ner\u016bdijantis plienas, kuris yra naudojamas statybose ir pramon\u0117je. Suvirintas tinklas yra patogu montuoti, nes ji turi ma\u017e\u0105 savitasis sunkis. Suvirinimo vielos tinklo yra praktinis sprendimas d\u0117l Tvoros, vartai, durys, pertvaros, pakabinamos lubos ir kit\u0173 dekoratyvini\u0173 dizaino, kuris yra svarbus paprastumas, skaidrumas ir stiprumo armavimo.<\/span><\/p>\r\n<p><strong><span>Med\u017eiaga:<\/span><\/strong><span> plienas juoda, ner\u016bdijan\u010dio plieno<\/span><\/p>\r\n<p><strong><span>Implantavimas:<\/span><\/strong><span> Cinkuota<\/span><\/p>\r\n<p><strong><span>Kameros matmenys:<\/span><\/strong><span> \u00a020 &#8211; 50 mm<\/span><\/p>\r\n<p><strong><span>Vielos skersmuo:<\/span><\/strong><span> \u00a02,0-4,0 mm<\/span><\/p>\r\n<p><strong><span>Standartiniai lapas dyd\u017eiai:<\/span><\/strong><span> 1000h2000 mm, 1250h2500 mm, mm, 1500h3000<\/span><\/p>\r\n<p><span>* Mes atliekame u\u017esakymus ant groteli\u0173 n\u0117ra standartini\u0173 dyd\u017ei\u0173.<\/span><\/p>\r\n","protected":false},"excerpt":{"rendered":"<p>Suvirintas tinklas yra populiarus med\u017eiaga ner\u016bdijantis plienas, kuris yra naudojamas statybose ir pramon\u0117je. Suvirintas tinklas yra patogu montuoti, nes ji turi ma\u017e\u0105 savitasis sunkis. Suvirinimo vielos<span class=\"excerpt-hellip\"> [\u2026]<\/span><\/p>\n","protected":false},"author":1,"featured_media":0,"parent":0,"menu_order":0,"comment_status":"closed","ping_status":"closed","template":"","meta":{"footnotes":""},"class_list":["post-324","page","type-page","status-publish","hentry"],"_links":{"self":[{"href":"https:\/\/narvasteel.com\/lt\/wp-json\/wp\/v2\/pages\/324","targetHints":{"allow":["GET"]}}],"collection":[{"href":"https:\/\/narvasteel.com\/lt\/wp-json\/wp\/v2\/pages"}],"about":[{"href":"https:\/\/narvasteel.com\/lt\/wp-json\/wp\/v2\/types\/page"}],"author":[{"embeddable":true,"href":"https:\/\/narvasteel.com\/lt\/wp-json\/wp\/v2\/users\/1"}],"replies":[{"embeddable":true,"href":"https:\/\/narvasteel.com\/lt\/wp-json\/wp\/v2\/comments?post=324"}],"version-history":[{"count":1,"href":"https:\/\/narvasteel.com\/lt\/wp-json\/wp\/v2\/pages\/324\/revisions"}],"predecessor-version":[{"id":325,"href":"https:\/\/narvasteel.com\/lt\/wp-json\/wp\/v2\/pages\/324\/revisions\/325"}],"wp:attachment":[{"href":"https:\/\/narvasteel.com\/lt\/wp-json\/wp\/v2\/media?parent=324"}],"curies":[{"name":"wp","href":"https:\/\/api.w.org\/{rel}","templated":true}]}}