{"id":348,"date":"2019-05-02T14:44:42","date_gmt":"2019-05-02T11:44:42","guid":{"rendered":"http:\/\/narvasteel.com\/%d1%82%d0%b5%d1%85%d0%bd%d0%b8%d1%87%d0%b5%d1%81%d0%ba%d0%b0%d1%8f-%d1%82%d0%ba%d0%b0%d0%bd%d1%8c\/"},"modified":"2019-05-07T21:58:29","modified_gmt":"2019-05-07T18:58:29","slug":"%d1%82%d0%b5%d1%85%d0%bd%d0%b8%d1%87%d0%b5%d1%81%d0%ba%d0%b0%d1%8f-%d1%82%d0%ba%d0%b0%d0%bd%d1%8c","status":"publish","type":"page","link":"https:\/\/narvasteel.com\/lt\/%d1%82%d0%b5%d1%85%d0%bd%d0%b8%d1%87%d0%b5%d1%81%d0%ba%d0%b0%d1%8f-%d1%82%d0%ba%d0%b0%d0%bd%d1%8c\/","title":{"rendered":"PRAMONINIO AUDINIO"},"content":{"rendered":"\r\n<div class=\"wp-block-image\">\r\n<figure class=\"alignright\"><img loading=\"lazy\" decoding=\"async\" width=\"347\" height=\"347\" class=\"wp-image-72\" src=\"http:\/\/narvasteel.com\/wp-content\/uploads\/2019\/04\/technical-fabric_347x347-c.jpg\" alt=\"\" srcset=\"https:\/\/narvasteel.com\/wp-content\/uploads\/2019\/04\/technical-fabric_347x347-c.jpg 347w, https:\/\/narvasteel.com\/wp-content\/uploads\/2019\/04\/technical-fabric_347x347-c-150x150.jpg 150w, https:\/\/narvasteel.com\/wp-content\/uploads\/2019\/04\/technical-fabric_347x347-c-300x300.jpg 300w, https:\/\/narvasteel.com\/wp-content\/uploads\/2019\/04\/technical-fabric_347x347-c-146x146.jpg 146w, https:\/\/narvasteel.com\/wp-content\/uploads\/2019\/04\/technical-fabric_347x347-c-50x50.jpg 50w, https:\/\/narvasteel.com\/wp-content\/uploads\/2019\/04\/technical-fabric_347x347-c-75x75.jpg 75w, https:\/\/narvasteel.com\/wp-content\/uploads\/2019\/04\/technical-fabric_347x347-c-85x85.jpg 85w, https:\/\/narvasteel.com\/wp-content\/uploads\/2019\/04\/technical-fabric_347x347-c-80x80.jpg 80w\" sizes=\"auto, (max-width: 347px) 100vw, 347px\" \/><\/figure>\r\n<\/div>\r\n\r\n<p><span><span class=\"\">Mes tiekiame technin\u0117 audinio pagamintas i\u0161 ner\u016bdijan\u010dio plieno.<\/span><\/span><\/p>\r\n<p><span>Plieno audinys b\u016bna \u012fvairi\u0173 r\u016b\u0161i\u0173 ir tarnauti daugiausia r\u016b\u0161iavimo ir filtravimo pavir\u0161ius.<\/span><\/p>\r\n<p><strong><span>Med\u017eiaga:<\/span><\/strong><span> Ner\u016bdijantis plienas<\/span><\/p>\r\n<p><strong><span>Kameros matmenys: \u00a0<\/span><\/strong><span> 0,1 &#8211; 3,2 mm<\/span><\/p>\r\n<p><strong><span>Vielos skersmuo:<\/span><\/strong><span> 0.063 &#8211; 1,2 mm<\/span><\/p>\r\n<p><strong><span>Rulono plotis:<\/span><\/strong><span> \u00a01000 mm<\/span><\/p>\r\n<p><strong><span>Ritinio ilgis:<\/span><\/strong><span> 30 m<\/span><\/p>\r\n<p><span>* \u010cia galite u\u017esisakyti tie. audinys yra ne standartiniai dyd\u017eiai.<\/span><\/p>\r\n<!-- \/wp:post-content -->","protected":false},"excerpt":{"rendered":"<p>Mes tiekiame technin\u0117 audinio pagamintas i\u0161 ner\u016bdijan\u010dio plieno. Plieno audinys b\u016bna \u012fvairi\u0173 r\u016b\u0161i\u0173 ir tarnauti daugiausia r\u016b\u0161iavimo ir filtravimo pavir\u0161ius. Med\u017eiaga: Ner\u016bdijantis plienas Kameros matmenys: \u00a0<span class=\"excerpt-hellip\"> [\u2026]<\/span><\/p>\n","protected":false},"author":1,"featured_media":0,"parent":0,"menu_order":0,"comment_status":"closed","ping_status":"closed","template":"","meta":{"footnotes":""},"class_list":["post-348","page","type-page","status-publish","hentry"],"_links":{"self":[{"href":"https:\/\/narvasteel.com\/lt\/wp-json\/wp\/v2\/pages\/348","targetHints":{"allow":["GET"]}}],"collection":[{"href":"https:\/\/narvasteel.com\/lt\/wp-json\/wp\/v2\/pages"}],"about":[{"href":"https:\/\/narvasteel.com\/lt\/wp-json\/wp\/v2\/types\/page"}],"author":[{"embeddable":true,"href":"https:\/\/narvasteel.com\/lt\/wp-json\/wp\/v2\/users\/1"}],"replies":[{"embeddable":true,"href":"https:\/\/narvasteel.com\/lt\/wp-json\/wp\/v2\/comments?post=348"}],"version-history":[{"count":1,"href":"https:\/\/narvasteel.com\/lt\/wp-json\/wp\/v2\/pages\/348\/revisions"}],"predecessor-version":[{"id":349,"href":"https:\/\/narvasteel.com\/lt\/wp-json\/wp\/v2\/pages\/348\/revisions\/349"}],"wp:attachment":[{"href":"https:\/\/narvasteel.com\/lt\/wp-json\/wp\/v2\/media?parent=348"}],"curies":[{"name":"wp","href":"https:\/\/api.w.org\/{rel}","templated":true}]}}