{"id":369,"date":"2019-05-01T22:59:57","date_gmt":"2019-05-01T19:59:57","guid":{"rendered":"http:\/\/narvasteel.com\/%d1%82%d1%80%d1%83%d0%b1%d1%8b-%d0%b8-%d1%84%d0%b8%d1%82%d0%b8%d0%bd%d0%b3%d0%b8\/"},"modified":"2019-05-07T22:04:53","modified_gmt":"2019-05-07T19:04:53","slug":"%d1%82%d1%80%d1%83%d0%b1%d1%8b-%d0%b8-%d1%84%d0%b8%d1%82%d0%b8%d0%bd%d0%b3%d0%b8","status":"publish","type":"page","link":"https:\/\/narvasteel.com\/lt\/%d1%82%d1%80%d1%83%d0%b1%d1%8b-%d0%b8-%d1%84%d0%b8%d1%82%d0%b8%d0%bd%d0%b3%d0%b8\/","title":{"rendered":"VAMZD\u017dIAI IR JUNGIAMOSIOS DETAL\u0116S"},"content":{"rendered":"\r\n<div class=\"wp-block-image\">\r\n<figure class=\"alignright\"><img loading=\"lazy\" decoding=\"async\" width=\"347\" height=\"347\" class=\"wp-image-71\" src=\"http:\/\/narvasteel.com\/wp-content\/uploads\/2019\/04\/pipes-fittings.1_347x347-c.jpg\" alt=\"\" srcset=\"https:\/\/narvasteel.com\/wp-content\/uploads\/2019\/04\/pipes-fittings.1_347x347-c.jpg 347w, https:\/\/narvasteel.com\/wp-content\/uploads\/2019\/04\/pipes-fittings.1_347x347-c-150x150.jpg 150w, https:\/\/narvasteel.com\/wp-content\/uploads\/2019\/04\/pipes-fittings.1_347x347-c-300x300.jpg 300w, https:\/\/narvasteel.com\/wp-content\/uploads\/2019\/04\/pipes-fittings.1_347x347-c-146x146.jpg 146w, https:\/\/narvasteel.com\/wp-content\/uploads\/2019\/04\/pipes-fittings.1_347x347-c-50x50.jpg 50w, https:\/\/narvasteel.com\/wp-content\/uploads\/2019\/04\/pipes-fittings.1_347x347-c-75x75.jpg 75w, https:\/\/narvasteel.com\/wp-content\/uploads\/2019\/04\/pipes-fittings.1_347x347-c-85x85.jpg 85w, https:\/\/narvasteel.com\/wp-content\/uploads\/2019\/04\/pipes-fittings.1_347x347-c-80x80.jpg 80w\" sizes=\"auto, (max-width: 347px) 100vw, 347px\" \/><\/figure>\r\n<\/div>\r\n\r\n\r\n\r\n<p><span><span class=\"\">\u0160iandien metaliniai vamzd\u017eiai da\u017eniausiai naudojamas \u012fvairiose srityse. <\/span>J\u0117ga ir ilgaam\u017ei\u0161kum\u0105, puikus atsparumas deformacijai u\u017etikrina patikimum\u0105 strukt\u016br\u0173. Gamyba ir statyba, kur naudojami vamzd\u017eiai, yra gana \u012fvairi. Plieno vamzdis su reikiama technine vamzdyn\u0173 transportavimo \u012fvairi\u0173 skys\u010diams ir dujoms. kvadratini\u0173 vamzd\u017ei\u0173 turi stipresnius sutvirtinimo \u0161onkaulius ir praktinius statant skerden\u0173.<\/span><\/p>\r\n<p><span>Mes si\u016blome plat\u0173 vamzd\u017eiai ir jungiamosios detal\u0117s.<\/span><\/p>\r\n<p><span>Paauksuoti vamzd\u017eiai<\/span><\/p>\r\n<p><span>vamzd\u017eiai elektros<\/span><\/p>\r\n<p><span>katil\u0173 vamzd\u017eiai<\/span><\/p>\r\n<p><span>vamzdyn\u0173 priedai<\/span><\/p>\r\n<p><span>U\u017edaromoji armat\u016bra<\/span><\/p>\r\n","protected":false},"excerpt":{"rendered":"<p>\u0160iandien metaliniai vamzd\u017eiai da\u017eniausiai naudojamas \u012fvairiose srityse. J\u0117ga ir ilgaam\u017ei\u0161kum\u0105, puikus atsparumas deformacijai u\u017etikrina patikimum\u0105 strukt\u016br\u0173. Gamyba ir statyba, kur naudojami vamzd\u017eiai, yra gana \u012fvairi. Plieno<span class=\"excerpt-hellip\"> [\u2026]<\/span><\/p>\n","protected":false},"author":1,"featured_media":0,"parent":0,"menu_order":0,"comment_status":"closed","ping_status":"closed","template":"","meta":{"footnotes":""},"class_list":["post-369","page","type-page","status-publish","hentry"],"_links":{"self":[{"href":"https:\/\/narvasteel.com\/lt\/wp-json\/wp\/v2\/pages\/369","targetHints":{"allow":["GET"]}}],"collection":[{"href":"https:\/\/narvasteel.com\/lt\/wp-json\/wp\/v2\/pages"}],"about":[{"href":"https:\/\/narvasteel.com\/lt\/wp-json\/wp\/v2\/types\/page"}],"author":[{"embeddable":true,"href":"https:\/\/narvasteel.com\/lt\/wp-json\/wp\/v2\/users\/1"}],"replies":[{"embeddable":true,"href":"https:\/\/narvasteel.com\/lt\/wp-json\/wp\/v2\/comments?post=369"}],"version-history":[{"count":1,"href":"https:\/\/narvasteel.com\/lt\/wp-json\/wp\/v2\/pages\/369\/revisions"}],"predecessor-version":[{"id":370,"href":"https:\/\/narvasteel.com\/lt\/wp-json\/wp\/v2\/pages\/369\/revisions\/370"}],"wp:attachment":[{"href":"https:\/\/narvasteel.com\/lt\/wp-json\/wp\/v2\/media?parent=369"}],"curies":[{"name":"wp","href":"https:\/\/api.w.org\/{rel}","templated":true}]}}