{"id":170,"date":"2019-05-02T16:17:37","date_gmt":"2019-05-02T13:17:37","guid":{"rendered":"http:\/\/narvasteel.com\/%d0%ba%d1%80%d0%be%d0%b2%d0%b5%d0%bb%d1%8c%d0%bd%d1%8b%d0%b9-%d0%bc%d0%b0%d1%82%d0%b5%d1%80%d0%b8%d0%b0%d0%bb\/"},"modified":"2019-05-07T18:04:17","modified_gmt":"2019-05-07T15:04:17","slug":"%d0%ba%d1%80%d0%be%d0%b2%d0%b5%d0%bb%d1%8c%d0%bd%d1%8b%d0%b9-%d0%bc%d0%b0%d1%82%d0%b5%d1%80%d0%b8%d0%b0%d0%bb","status":"publish","type":"page","link":"https:\/\/narvasteel.com\/lv\/%d0%ba%d1%80%d0%be%d0%b2%d0%b5%d0%bb%d1%8c%d0%bd%d1%8b%d0%b9-%d0%bc%d0%b0%d1%82%d0%b5%d1%80%d0%b8%d0%b0%d0%bb\/","title":{"rendered":"JUMTA SEGUMS"},"content":{"rendered":"\n<div class=\"wp-block-image\"><figure class=\"alignright\"><img loading=\"lazy\" decoding=\"async\" width=\"347\" height=\"347\" src=\"http:\/\/narvasteel.com\/wp-content\/uploads\/2019\/04\/roofing-material_347x347-c.jpg\" alt=\"\" class=\"wp-image-80\" srcset=\"https:\/\/narvasteel.com\/wp-content\/uploads\/2019\/04\/roofing-material_347x347-c.jpg 347w, https:\/\/narvasteel.com\/wp-content\/uploads\/2019\/04\/roofing-material_347x347-c-150x150.jpg 150w, https:\/\/narvasteel.com\/wp-content\/uploads\/2019\/04\/roofing-material_347x347-c-300x300.jpg 300w, https:\/\/narvasteel.com\/wp-content\/uploads\/2019\/04\/roofing-material_347x347-c-146x146.jpg 146w, https:\/\/narvasteel.com\/wp-content\/uploads\/2019\/04\/roofing-material_347x347-c-50x50.jpg 50w, https:\/\/narvasteel.com\/wp-content\/uploads\/2019\/04\/roofing-material_347x347-c-75x75.jpg 75w, https:\/\/narvasteel.com\/wp-content\/uploads\/2019\/04\/roofing-material_347x347-c-85x85.jpg 85w, https:\/\/narvasteel.com\/wp-content\/uploads\/2019\/04\/roofing-material_347x347-c-80x80.jpg 80w\" sizes=\"auto, (max-width: 347px) 100vw, 347px\" \/><\/figure><\/div>\n\n\n\n<p>Jumtu un priek\u0161\u0113j\u0101 met\u0101la profili tiek izmantoti, lai segtu jumtiem un sien\u0101m \u0113ku.&nbsp;M\u0113s pied\u0101v\u0101jam m\u016bsu klientiem visbie\u017e\u0101k profilus: fl\u012bzes, trapecveida un samalta.<\/p>\n\n\n\n<p><strong>KIVIPROFIIL<\/strong><\/p>\n\n\n\n<p><strong>TP20<\/strong><\/p>\n\n\n\n<p><strong>KLASSIK<\/strong><\/p>\n\n\n\n<p><strong>VALTS<\/strong><\/p>\n\n\n\n<p>notekas sist\u0113mu un aksesu\u0101rus jumtiem pabeig\u0161ana.&nbsp;Notekcaurules ir izgatavoti no galvaniz\u0113ta t\u0113rauda, \u200b\u200bar v\u0113l divpus\u0113js p\u0101rkl\u0101jumu.<\/p>\n\n\n\n<p>Form notekas ir divu veidu: apa\u013cas un taisnst\u016brveida.<\/p>\n\n\n\n<p>Papildu elementi alva (kores, end, savienojo\u0161ie elementi), kuras nosaka ar sare\u017e\u0123\u012bt\u012bba formas jumta un ko nevar iztikt.<\/p>\n\n\n\n<p>Kvalit\u0101tes garantiju no 20 l\u012bdz 50 gadiem.&nbsp;<\/p>\n\n\n\n<p><strong>Varianti segumiem:<\/strong>&nbsp;PE, PUR<\/p>\n\n\n\n<p><strong>Kr\u0101su diapazons:<\/strong>&nbsp;RR11, RR20, RR21, RR23, RR25, RR29, RR32, RR33, RR35, RR36, RR37<\/p>\n","protected":false},"excerpt":{"rendered":"<p>Jumtu un priek\u0161\u0113j\u0101 met\u0101la profili tiek izmantoti, lai segtu jumtiem un sien\u0101m \u0113ku.&nbsp;M\u0113s pied\u0101v\u0101jam m\u016bsu klientiem visbie\u017e\u0101k profilus: fl\u012bzes, trapecveida un samalta. KIVIPROFIIL TP20 KLASSIK VALTS<span class=\"excerpt-hellip\"> [\u2026]<\/span><\/p>\n","protected":false},"author":1,"featured_media":0,"parent":0,"menu_order":0,"comment_status":"closed","ping_status":"closed","template":"","meta":{"footnotes":""},"class_list":["post-170","page","type-page","status-publish","hentry"],"_links":{"self":[{"href":"https:\/\/narvasteel.com\/lv\/wp-json\/wp\/v2\/pages\/170","targetHints":{"allow":["GET"]}}],"collection":[{"href":"https:\/\/narvasteel.com\/lv\/wp-json\/wp\/v2\/pages"}],"about":[{"href":"https:\/\/narvasteel.com\/lv\/wp-json\/wp\/v2\/types\/page"}],"author":[{"embeddable":true,"href":"https:\/\/narvasteel.com\/lv\/wp-json\/wp\/v2\/users\/1"}],"replies":[{"embeddable":true,"href":"https:\/\/narvasteel.com\/lv\/wp-json\/wp\/v2\/comments?post=170"}],"version-history":[{"count":2,"href":"https:\/\/narvasteel.com\/lv\/wp-json\/wp\/v2\/pages\/170\/revisions"}],"predecessor-version":[{"id":172,"href":"https:\/\/narvasteel.com\/lv\/wp-json\/wp\/v2\/pages\/170\/revisions\/172"}],"wp:attachment":[{"href":"https:\/\/narvasteel.com\/lv\/wp-json\/wp\/v2\/media?parent=170"}],"curies":[{"name":"wp","href":"https:\/\/api.w.org\/{rel}","templated":true}]}}