{"id":192,"date":"2019-05-02T16:10:41","date_gmt":"2019-05-02T13:10:41","guid":{"rendered":"http:\/\/narvasteel.com\/%d0%bd%d0%b5%d1%80%d0%b6%d0%b0%d0%b2%d0%b5%d1%8e%d1%89%d0%b0%d1%8f-%d1%81%d1%82%d0%b0%d0%bb%d1%8c\/"},"modified":"2019-05-07T20:35:16","modified_gmt":"2019-05-07T17:35:16","slug":"%d0%bd%d0%b5%d1%80%d0%b6%d0%b0%d0%b2%d0%b5%d1%8e%d1%89%d0%b0%d1%8f-%d1%81%d1%82%d0%b0%d0%bb%d1%8c","status":"publish","type":"page","link":"https:\/\/narvasteel.com\/lv\/%d0%bd%d0%b5%d1%80%d0%b6%d0%b0%d0%b2%d0%b5%d1%8e%d1%89%d0%b0%d1%8f-%d1%81%d1%82%d0%b0%d0%bb%d1%8c\/","title":{"rendered":"NER\u016aS\u0112JO\u0160\u0100 T\u0112RAUDA"},"content":{"rendered":"\r\n<div class=\"wp-block-image\">\r\n<figure class=\"alignright\"><img loading=\"lazy\" decoding=\"async\" width=\"347\" height=\"347\" class=\"wp-image-79\" src=\"http:\/\/narvasteel.com\/wp-content\/uploads\/2019\/04\/stainless-steel_347x347-c.jpg\" alt=\"\" srcset=\"https:\/\/narvasteel.com\/wp-content\/uploads\/2019\/04\/stainless-steel_347x347-c.jpg 347w, https:\/\/narvasteel.com\/wp-content\/uploads\/2019\/04\/stainless-steel_347x347-c-150x150.jpg 150w, https:\/\/narvasteel.com\/wp-content\/uploads\/2019\/04\/stainless-steel_347x347-c-300x300.jpg 300w, https:\/\/narvasteel.com\/wp-content\/uploads\/2019\/04\/stainless-steel_347x347-c-146x146.jpg 146w, https:\/\/narvasteel.com\/wp-content\/uploads\/2019\/04\/stainless-steel_347x347-c-50x50.jpg 50w, https:\/\/narvasteel.com\/wp-content\/uploads\/2019\/04\/stainless-steel_347x347-c-75x75.jpg 75w, https:\/\/narvasteel.com\/wp-content\/uploads\/2019\/04\/stainless-steel_347x347-c-85x85.jpg 85w, https:\/\/narvasteel.com\/wp-content\/uploads\/2019\/04\/stainless-steel_347x347-c-80x80.jpg 80w\" sizes=\"auto, (max-width: 347px) 100vw, 347px\" \/><\/figure>\r\n<\/div>\r\n\r\n\r\n\r\n<p><span>Ner\u016bs\u0113jo\u0161\u0101 t\u0113rauda met\u0101ls &#8211; tas ir iztur\u012bgs pret koroziju, iztur\u012bgs un univers\u0101ls materi\u0101ls, kas tiek izmantots r\u016bpniec\u012bb\u0101 un b\u016bvniec\u012bb\u0101. Sortiments met\u0101la ir simtiem priek\u0161metu. M\u016bsu komp\u0101nija pied\u0101v\u0101 pla\u0161u plakaniem un gariem produktiem ner\u016bs\u0113jo\u0161\u0101 t\u0113rauda pas\u016bt\u012bjuma.<\/span><\/p>\r\n<p><strong><span>Produktu kl\u0101sts:<\/span><\/strong><\/p>\r\n<p><span>velm\u0113tas loksnes (karsti velm\u0113tas, auksti, dekorat\u012bvie);<\/span><\/p>\r\n<p><span>caurule (bez\u0161uvju, apa\u013cas un profil\u0113tas elektriski);<\/span><\/p>\r\n<p><span>velm\u0113tas sekcija (kvadr\u0101ts, aplis, stieple, st\u016bra no se\u0161st\u016bri.);<\/span><\/p>\r\n<p><span>blo\u0137\u0113\u0161anas un savieno armat\u016bra<\/span><\/p>\r\n<p><strong><span>T\u0113rauds AISI:<\/span><\/strong><span> 304, 304L, 310S, 316, 316L, 316Ti, 321, 409L, 430, 430Ti<\/span><\/p>\r\n","protected":false},"excerpt":{"rendered":"<p>Ner\u016bs\u0113jo\u0161\u0101 t\u0113rauda met\u0101ls &#8211; tas ir iztur\u012bgs pret koroziju, iztur\u012bgs un univers\u0101ls materi\u0101ls, kas tiek izmantots r\u016bpniec\u012bb\u0101 un b\u016bvniec\u012bb\u0101. Sortiments met\u0101la ir simtiem priek\u0161metu. M\u016bsu komp\u0101nija<span class=\"excerpt-hellip\"> [\u2026]<\/span><\/p>\n","protected":false},"author":1,"featured_media":0,"parent":0,"menu_order":0,"comment_status":"closed","ping_status":"closed","template":"","meta":{"footnotes":""},"class_list":["post-192","page","type-page","status-publish","hentry"],"_links":{"self":[{"href":"https:\/\/narvasteel.com\/lv\/wp-json\/wp\/v2\/pages\/192","targetHints":{"allow":["GET"]}}],"collection":[{"href":"https:\/\/narvasteel.com\/lv\/wp-json\/wp\/v2\/pages"}],"about":[{"href":"https:\/\/narvasteel.com\/lv\/wp-json\/wp\/v2\/types\/page"}],"author":[{"embeddable":true,"href":"https:\/\/narvasteel.com\/lv\/wp-json\/wp\/v2\/users\/1"}],"replies":[{"embeddable":true,"href":"https:\/\/narvasteel.com\/lv\/wp-json\/wp\/v2\/comments?post=192"}],"version-history":[{"count":1,"href":"https:\/\/narvasteel.com\/lv\/wp-json\/wp\/v2\/pages\/192\/revisions"}],"predecessor-version":[{"id":193,"href":"https:\/\/narvasteel.com\/lv\/wp-json\/wp\/v2\/pages\/192\/revisions\/193"}],"wp:attachment":[{"href":"https:\/\/narvasteel.com\/lv\/wp-json\/wp\/v2\/media?parent=192"}],"curies":[{"name":"wp","href":"https:\/\/api.w.org\/{rel}","templated":true}]}}