{"id":213,"date":"2019-05-02T16:05:06","date_gmt":"2019-05-02T13:05:06","guid":{"rendered":"http:\/\/narvasteel.com\/%d0%bf%d0%b0%d0%bd%d0%b5%d0%bb%d1%8c%d0%bd%d1%8b%d0%b5-3d-%d0%be%d0%b3%d1%80%d0%b0%d0%b6%d0%b4%d0%b5%d0%bd%d0%b8%d1%8f\/"},"modified":"2019-05-07T20:43:47","modified_gmt":"2019-05-07T17:43:47","slug":"%d0%bf%d0%b0%d0%bd%d0%b5%d0%bb%d1%8c%d0%bd%d1%8b%d0%b5-3d-%d0%be%d0%b3%d1%80%d0%b0%d0%b6%d0%b4%d0%b5%d0%bd%d0%b8%d1%8f","status":"publish","type":"page","link":"https:\/\/narvasteel.com\/lv\/%d0%bf%d0%b0%d0%bd%d0%b5%d0%bb%d1%8c%d0%bd%d1%8b%d0%b5-3d-%d0%be%d0%b3%d1%80%d0%b0%d0%b6%d0%b4%d0%b5%d0%bd%d0%b8%d1%8f\/","title":{"rendered":"3D PANE\u013bU \u017dOGI"},"content":{"rendered":"\r\n<div class=\"wp-block-image\">\r\n<figure class=\"alignright\"><img loading=\"lazy\" decoding=\"async\" width=\"347\" height=\"347\" class=\"wp-image-78\" src=\"http:\/\/narvasteel.com\/wp-content\/uploads\/2019\/04\/panel-fencing_347x347-c.jpg\" alt=\"\" srcset=\"https:\/\/narvasteel.com\/wp-content\/uploads\/2019\/04\/panel-fencing_347x347-c.jpg 347w, https:\/\/narvasteel.com\/wp-content\/uploads\/2019\/04\/panel-fencing_347x347-c-150x150.jpg 150w, https:\/\/narvasteel.com\/wp-content\/uploads\/2019\/04\/panel-fencing_347x347-c-300x300.jpg 300w, https:\/\/narvasteel.com\/wp-content\/uploads\/2019\/04\/panel-fencing_347x347-c-146x146.jpg 146w, https:\/\/narvasteel.com\/wp-content\/uploads\/2019\/04\/panel-fencing_347x347-c-50x50.jpg 50w, https:\/\/narvasteel.com\/wp-content\/uploads\/2019\/04\/panel-fencing_347x347-c-75x75.jpg 75w, https:\/\/narvasteel.com\/wp-content\/uploads\/2019\/04\/panel-fencing_347x347-c-85x85.jpg 85w, https:\/\/narvasteel.com\/wp-content\/uploads\/2019\/04\/panel-fencing_347x347-c-80x80.jpg 80w\" sizes=\"auto, (max-width: 347px) 100vw, 347px\" \/><\/figure>\r\n<\/div>\r\n\r\n\r\n\r\n<p><span>3d \u017eogs sist\u0113ma sast\u0101v no pane\u013ciem un p\u012bl\u0101riem da\u017e\u0101du augstuma, komplekt\u0101 ar stiprin\u0101jumiem, un lielu kl\u0101stu spar\u0101, un b\u012bd\u0101mie v\u0101rti piel\u0101gots autom\u0101tiski noved un barjeras. Horizont\u0101l\u0101s b\u0101ri pane\u013ci ir V-veida l\u012bkumus, kas sniedz liel\u0101ku stingr\u012bbu uz pane\u013ca. Ends paneli 30 milimetru projekcijas pins. Tas ir ieteicams \u017eogu sabiedrisko iest\u0101\u017eu, noliktav\u0101s, skol\u0101s, parkos, sporta un rota\u013cu laukumi, r\u016bpniecisko un priv\u0101to jom\u0101s. Augstas kvalit\u0101tes, \u013coti iztur\u012bgs ar ilgu dz\u012bves paneli un amatiem tiek izgatavoti no cinkota t\u0113rauda un p\u0101rkl\u0101ti ar polim\u0113ra saska\u0146\u0101 ar EN ISO 1461.<\/span><\/p>\r\n<p><strong><span>POLES un fiks\u0101cijas<\/span><\/strong><\/p>\r\n<p><span>Pane\u013ci ir apr\u012bkoti ar balstiem profils 60&#215;40 mm sekciju. Aizmugure p\u012bl\u0101ri ir blo\u0137\u0113\u0161anas savienojums, kas pie\u0161\u0137ir papildu stingr\u012bbu, priek\u0161\u0113jie s\u0101nu balsti ir caurumi ar v\u012btni kr\u016bmiem piestiprin\u0101jumu iek\u0161pus\u0113 pane\u013ciem ar skavu un M6h40 skr\u016bve ar iek\u0161\u0113jo se\u0161st\u016bri. Par p\u012bl\u0101ri tiek pieg\u0101d\u0101ti ar plastmasas v\u0101ci\u0146u.<\/span><\/p>\r\n<p><strong><span>V\u0101rti<\/span><\/strong><\/p>\r\n<p><span>\u0160\u016bpo\u0161anos un b\u012bd\u0101m\u0101s durvis, v\u0101rti, vai ir 60h40mm 80h60mm r\u0101mis un centr\u0101lo r\u0101mi pievienoto iztur\u012bbu. Iepakoti produkti ir piln\u012bgi ar balstiem 80&#215;80 \/ \u200b\u200b100&#215;100, un visu nepiecie\u0161amo inform\u0101ciju.<\/span><\/p>\r\n<p><strong><span>Pane\u013ca augstums:<\/span><\/strong><span> \u00a0 1230MM, 1530mm, 1730mm, 2030mm<\/span><\/p>\r\n<p><strong><span>Panelis platums:<\/span><\/strong><span> \u00a02500 mm<\/span><\/p>\r\n<p><strong><span>Acs izm\u0113rs: \u00a0<\/span><\/strong><span> \u00a050&#215;200 mm<\/span><\/p>\r\n<p><strong><span>Stieples diametrs:<\/span><\/strong><span> \u00a04 mm, 5 mm<\/span><\/p>\r\n<p><strong><span>P\u0101rkl\u0101jums:<\/span><\/strong><span> ZN + RAL6005 (za\u013c\u0101 kr\u0101s\u0101), RAL8017 (Brown)<\/span><\/p>\r\n","protected":false},"excerpt":{"rendered":"<p>3d \u017eogs sist\u0113ma sast\u0101v no pane\u013ciem un p\u012bl\u0101riem da\u017e\u0101du augstuma, komplekt\u0101 ar stiprin\u0101jumiem, un lielu kl\u0101stu spar\u0101, un b\u012bd\u0101mie v\u0101rti piel\u0101gots autom\u0101tiski noved un barjeras. Horizont\u0101l\u0101s<span class=\"excerpt-hellip\"> [\u2026]<\/span><\/p>\n","protected":false},"author":1,"featured_media":0,"parent":0,"menu_order":0,"comment_status":"closed","ping_status":"closed","template":"","meta":{"footnotes":""},"class_list":["post-213","page","type-page","status-publish","hentry"],"_links":{"self":[{"href":"https:\/\/narvasteel.com\/lv\/wp-json\/wp\/v2\/pages\/213","targetHints":{"allow":["GET"]}}],"collection":[{"href":"https:\/\/narvasteel.com\/lv\/wp-json\/wp\/v2\/pages"}],"about":[{"href":"https:\/\/narvasteel.com\/lv\/wp-json\/wp\/v2\/types\/page"}],"author":[{"embeddable":true,"href":"https:\/\/narvasteel.com\/lv\/wp-json\/wp\/v2\/users\/1"}],"replies":[{"embeddable":true,"href":"https:\/\/narvasteel.com\/lv\/wp-json\/wp\/v2\/comments?post=213"}],"version-history":[{"count":1,"href":"https:\/\/narvasteel.com\/lv\/wp-json\/wp\/v2\/pages\/213\/revisions"}],"predecessor-version":[{"id":214,"href":"https:\/\/narvasteel.com\/lv\/wp-json\/wp\/v2\/pages\/213\/revisions\/214"}],"wp:attachment":[{"href":"https:\/\/narvasteel.com\/lv\/wp-json\/wp\/v2\/media?parent=213"}],"curies":[{"name":"wp","href":"https:\/\/api.w.org\/{rel}","templated":true}]}}