{"id":234,"date":"2019-05-02T16:02:43","date_gmt":"2019-05-02T13:02:43","guid":{"rendered":"http:\/\/narvasteel.com\/%d0%bf%d0%b5%d1%80%d1%84%d0%be%d1%80%d0%b8%d1%80%d0%be%d0%b2%d0%b0%d0%bd%d0%bd%d1%8b%d0%b5-%d0%bb%d0%b8%d1%81%d1%82%d1%8b\/"},"modified":"2019-05-07T20:50:22","modified_gmt":"2019-05-07T17:50:22","slug":"%d0%bf%d0%b5%d1%80%d1%84%d0%be%d1%80%d0%b8%d1%80%d0%be%d0%b2%d0%b0%d0%bd%d0%bd%d1%8b%d0%b5-%d0%bb%d0%b8%d1%81%d1%82%d1%8b","status":"publish","type":"page","link":"https:\/\/narvasteel.com\/lv\/%d0%bf%d0%b5%d1%80%d1%84%d0%be%d1%80%d0%b8%d1%80%d0%be%d0%b2%d0%b0%d0%bd%d0%bd%d1%8b%d0%b5-%d0%bb%d0%b8%d1%81%d1%82%d1%8b\/","title":{"rendered":"PERFOR\u0112TAS LOKSNES"},"content":{"rendered":"\r\n<div class=\"wp-block-image\">\r\n<figure class=\"alignright\"><img loading=\"lazy\" decoding=\"async\" width=\"347\" height=\"347\" class=\"wp-image-77\" src=\"http:\/\/narvasteel.com\/wp-content\/uploads\/2019\/04\/perforated-sheet_347x347-c.jpg\" alt=\"\" srcset=\"https:\/\/narvasteel.com\/wp-content\/uploads\/2019\/04\/perforated-sheet_347x347-c.jpg 347w, https:\/\/narvasteel.com\/wp-content\/uploads\/2019\/04\/perforated-sheet_347x347-c-150x150.jpg 150w, https:\/\/narvasteel.com\/wp-content\/uploads\/2019\/04\/perforated-sheet_347x347-c-300x300.jpg 300w, https:\/\/narvasteel.com\/wp-content\/uploads\/2019\/04\/perforated-sheet_347x347-c-146x146.jpg 146w, https:\/\/narvasteel.com\/wp-content\/uploads\/2019\/04\/perforated-sheet_347x347-c-50x50.jpg 50w, https:\/\/narvasteel.com\/wp-content\/uploads\/2019\/04\/perforated-sheet_347x347-c-75x75.jpg 75w, https:\/\/narvasteel.com\/wp-content\/uploads\/2019\/04\/perforated-sheet_347x347-c-85x85.jpg 85w, https:\/\/narvasteel.com\/wp-content\/uploads\/2019\/04\/perforated-sheet_347x347-c-80x80.jpg 80w\" sizes=\"auto, (max-width: 347px) 100vw, 347px\" \/><\/figure>\r\n<\/div>\r\n\r\n\r\n\r\n<p><span>Perfor\u0113tas loksnes tiek pla\u0161i izmantotas ventil\u0101cijas ier\u012bces, m\u0113beles, dizaina elementus, ar ier\u012bces apkures sist\u0113m\u0101m, lauksaimniec\u012bbas ma\u0161\u012bnu, uc<\/span><\/p>\r\n<p><strong><span>Materi\u0101li:<\/span><\/strong><span> T\u0113rauda un cinkota t\u0113rauda, ner\u016bs\u0113jo\u0161\u0101 t\u0113rauda, alum\u012bnija.<\/span><\/p>\r\n<p><strong><span>Biezums:<\/span><\/strong><span> 0.5 &#8211; 10.0 mm<\/span><\/p>\r\n<p><strong><span>Form\u0101ts:<\/span><\/strong><span> 1000 x 2000 mm, 1250 x 2500 mm, 1500 x 3000 mm<\/span><\/p>\r\n<p><strong><span>P\u0101rkl\u0101jums:<\/span><\/strong><span> RAL glezna, brauktuves, PVC pl\u0113ve.<\/span><\/p>\r\n<p><span>perfor\u0101cija veidi:<\/span><\/p>\r\n<p><span>&#8211; Round: trijst\u016bris \/ kvadr\u0101ts vieno\u0161an\u0101s<\/span><\/p>\r\n<p><span>&#8211; \u010detrst\u016brains: trijst\u016bris \/ kvadr\u0101ts vieno\u0161an\u0101s<\/span><\/p>\r\n<p><span>&#8211; se\u0161st\u016bra, spraugas piem\u0113ram: intermit\u0113jo\u0161s vietu<\/span><\/p>\r\n","protected":false},"excerpt":{"rendered":"<p>Perfor\u0113tas loksnes tiek pla\u0161i izmantotas ventil\u0101cijas ier\u012bces, m\u0113beles, dizaina elementus, ar ier\u012bces apkures sist\u0113m\u0101m, lauksaimniec\u012bbas ma\u0161\u012bnu, uc Materi\u0101li: T\u0113rauda un cinkota t\u0113rauda, ner\u016bs\u0113jo\u0161\u0101 t\u0113rauda, alum\u012bnija. Biezums:<span class=\"excerpt-hellip\"> [\u2026]<\/span><\/p>\n","protected":false},"author":1,"featured_media":0,"parent":0,"menu_order":0,"comment_status":"closed","ping_status":"closed","template":"","meta":{"footnotes":""},"class_list":["post-234","page","type-page","status-publish","hentry"],"_links":{"self":[{"href":"https:\/\/narvasteel.com\/lv\/wp-json\/wp\/v2\/pages\/234","targetHints":{"allow":["GET"]}}],"collection":[{"href":"https:\/\/narvasteel.com\/lv\/wp-json\/wp\/v2\/pages"}],"about":[{"href":"https:\/\/narvasteel.com\/lv\/wp-json\/wp\/v2\/types\/page"}],"author":[{"embeddable":true,"href":"https:\/\/narvasteel.com\/lv\/wp-json\/wp\/v2\/users\/1"}],"replies":[{"embeddable":true,"href":"https:\/\/narvasteel.com\/lv\/wp-json\/wp\/v2\/comments?post=234"}],"version-history":[{"count":1,"href":"https:\/\/narvasteel.com\/lv\/wp-json\/wp\/v2\/pages\/234\/revisions"}],"predecessor-version":[{"id":235,"href":"https:\/\/narvasteel.com\/lv\/wp-json\/wp\/v2\/pages\/234\/revisions\/235"}],"wp:attachment":[{"href":"https:\/\/narvasteel.com\/lv\/wp-json\/wp\/v2\/media?parent=234"}],"curies":[{"name":"wp","href":"https:\/\/api.w.org\/{rel}","templated":true}]}}