{"id":256,"date":"2019-05-02T15:57:03","date_gmt":"2019-05-02T12:57:03","guid":{"rendered":"http:\/\/narvasteel.com\/%d0%bf%d1%80%d0%be%d1%81%d0%b5%d1%87%d0%bd%d0%be-%d0%b2%d1%8b%d1%82%d1%8f%d0%b6%d0%bd%d1%8b%d0%b5-%d1%81%d0%b5%d1%82%d0%ba%d0%b8\/"},"modified":"2019-05-07T20:56:50","modified_gmt":"2019-05-07T17:56:50","slug":"%d0%bf%d1%80%d0%be%d1%81%d0%b5%d1%87%d0%bd%d0%be-%d0%b2%d1%8b%d1%82%d1%8f%d0%b6%d0%bd%d1%8b%d0%b5-%d1%81%d0%b5%d1%82%d0%ba%d0%b8","status":"publish","type":"page","link":"https:\/\/narvasteel.com\/lv\/%d0%bf%d1%80%d0%be%d1%81%d0%b5%d1%87%d0%bd%d0%be-%d0%b2%d1%8b%d1%82%d1%8f%d0%b6%d0%bd%d1%8b%d0%b5-%d1%81%d0%b5%d1%82%d0%ba%d0%b8\/","title":{"rendered":"VILKTAS ACS"},"content":{"rendered":"\r\n<div class=\"wp-block-image\">\r\n<figure class=\"alignright\"><img loading=\"lazy\" decoding=\"async\" width=\"347\" height=\"347\" class=\"wp-image-76\" src=\"http:\/\/narvasteel.com\/wp-content\/uploads\/2019\/04\/expanded-drawn_347x347-c.jpg\" alt=\"\" srcset=\"https:\/\/narvasteel.com\/wp-content\/uploads\/2019\/04\/expanded-drawn_347x347-c.jpg 347w, https:\/\/narvasteel.com\/wp-content\/uploads\/2019\/04\/expanded-drawn_347x347-c-150x150.jpg 150w, https:\/\/narvasteel.com\/wp-content\/uploads\/2019\/04\/expanded-drawn_347x347-c-300x300.jpg 300w, https:\/\/narvasteel.com\/wp-content\/uploads\/2019\/04\/expanded-drawn_347x347-c-146x146.jpg 146w, https:\/\/narvasteel.com\/wp-content\/uploads\/2019\/04\/expanded-drawn_347x347-c-50x50.jpg 50w, https:\/\/narvasteel.com\/wp-content\/uploads\/2019\/04\/expanded-drawn_347x347-c-75x75.jpg 75w, https:\/\/narvasteel.com\/wp-content\/uploads\/2019\/04\/expanded-drawn_347x347-c-85x85.jpg 85w, https:\/\/narvasteel.com\/wp-content\/uploads\/2019\/04\/expanded-drawn_347x347-c-80x80.jpg 80w\" sizes=\"auto, (max-width: 347px) 100vw, 347px\" \/><\/figure>\r\n<\/div>\r\n\r\n\r\n\r\n<p><span>Vilktas acs ir \u0113rts materi\u0101ls no b\u016bvniec\u012bbas.<\/span><\/p>\r\n<p><span>Priek\u0161roc\u012bbas rievotas re\u017e\u0123i ir t\u0101s vieglumu un pretsl\u012bdes virsmu. Prosechnye acs ir da\u017e\u0101das lietojumprogrammas: marg\u0101m, aizsardz\u012bbas un dekorat\u012bvie restes, piekaramie griesti, celi\u0146iem, k\u0101pnes, rampas.<\/span><\/p>\r\n<p><strong><span>Materi\u0101ls:<\/span><\/strong><span> T\u0113rauds melna, ner\u016bs\u0113jo\u0161ais t\u0113rauds, alum\u012bnijs<\/span><\/p>\r\n<p><strong><span>Ap\u0161uvuma:<\/span><\/strong><span> Cinkots<\/span><\/p>\r\n<p><strong><span>\u0160\u016bnu izm\u0113rs:<\/span><\/strong><span> \u00a02.0 M\u0113s &#8211; 147.0 mm<\/span><\/p>\r\n<p><strong><span>Materi\u0101la biezums:<\/span><\/strong><span> \u00a00,5 &#8211; 4,0 mm<\/span><\/p>\r\n<p><strong><span>Standarta lapa izm\u0113ri:<\/span><\/strong><span> 1000h2000 mm, 1250h2500 mm, mm 1500h3000<\/span><\/p>\r\n<p><span>* Veicam pas\u016bt\u012bjumus uz re\u017e\u0123a, nav standarta izm\u0113ri.<\/span><\/p>\r\n","protected":false},"excerpt":{"rendered":"<p>Vilktas acs ir \u0113rts materi\u0101ls no b\u016bvniec\u012bbas. Priek\u0161roc\u012bbas rievotas re\u017e\u0123i ir t\u0101s vieglumu un pretsl\u012bdes virsmu. Prosechnye acs ir da\u017e\u0101das lietojumprogrammas: marg\u0101m, aizsardz\u012bbas un dekorat\u012bvie restes,<span class=\"excerpt-hellip\"> [\u2026]<\/span><\/p>\n","protected":false},"author":1,"featured_media":0,"parent":0,"menu_order":0,"comment_status":"closed","ping_status":"closed","template":"","meta":{"footnotes":""},"class_list":["post-256","page","type-page","status-publish","hentry"],"_links":{"self":[{"href":"https:\/\/narvasteel.com\/lv\/wp-json\/wp\/v2\/pages\/256","targetHints":{"allow":["GET"]}}],"collection":[{"href":"https:\/\/narvasteel.com\/lv\/wp-json\/wp\/v2\/pages"}],"about":[{"href":"https:\/\/narvasteel.com\/lv\/wp-json\/wp\/v2\/types\/page"}],"author":[{"embeddable":true,"href":"https:\/\/narvasteel.com\/lv\/wp-json\/wp\/v2\/users\/1"}],"replies":[{"embeddable":true,"href":"https:\/\/narvasteel.com\/lv\/wp-json\/wp\/v2\/comments?post=256"}],"version-history":[{"count":1,"href":"https:\/\/narvasteel.com\/lv\/wp-json\/wp\/v2\/pages\/256\/revisions"}],"predecessor-version":[{"id":257,"href":"https:\/\/narvasteel.com\/lv\/wp-json\/wp\/v2\/pages\/256\/revisions\/257"}],"wp:attachment":[{"href":"https:\/\/narvasteel.com\/lv\/wp-json\/wp\/v2\/media?parent=256"}],"curies":[{"name":"wp","href":"https:\/\/api.w.org\/{rel}","templated":true}]}}