{"id":277,"date":"2019-05-02T15:52:56","date_gmt":"2019-05-02T12:52:56","guid":{"rendered":"http:\/\/narvasteel.com\/%d1%80%d0%b0%d0%b1%d0%b8%d1%86%d0%b0-%d0%b8-%d0%ba%d0%be%d0%bb%d1%8e%d1%87%d0%b0%d1%8f-%d0%bf%d1%80%d0%be%d0%b2%d0%be%d0%bb%d0%be%d0%ba%d0%b0\/"},"modified":"2019-05-07T21:03:03","modified_gmt":"2019-05-07T18:03:03","slug":"%d1%80%d0%b0%d0%b1%d0%b8%d1%86%d0%b0-%d0%b8-%d0%ba%d0%be%d0%bb%d1%8e%d1%87%d0%b0%d1%8f-%d0%bf%d1%80%d0%be%d0%b2%d0%be%d0%bb%d0%be%d0%ba%d0%b0","status":"publish","type":"page","link":"https:\/\/narvasteel.com\/lv\/%d1%80%d0%b0%d0%b1%d0%b8%d1%86%d0%b0-%d0%b8-%d0%ba%d0%be%d0%bb%d1%8e%d1%87%d0%b0%d1%8f-%d0%bf%d1%80%d0%be%d0%b2%d0%be%d0%bb%d0%be%d0%ba%d0%b0\/","title":{"rendered":"SIETI UN DZELO\u0145STIEPLES"},"content":{"rendered":"\r\n<div class=\"wp-block-image\">\r\n<figure class=\"alignright\"><img loading=\"lazy\" decoding=\"async\" width=\"347\" height=\"347\" class=\"wp-image-75\" src=\"http:\/\/narvasteel.com\/wp-content\/uploads\/2019\/04\/rabitz-barbed-wire_347x347-c.jpg\" alt=\"\" srcset=\"https:\/\/narvasteel.com\/wp-content\/uploads\/2019\/04\/rabitz-barbed-wire_347x347-c.jpg 347w, https:\/\/narvasteel.com\/wp-content\/uploads\/2019\/04\/rabitz-barbed-wire_347x347-c-150x150.jpg 150w, https:\/\/narvasteel.com\/wp-content\/uploads\/2019\/04\/rabitz-barbed-wire_347x347-c-300x300.jpg 300w, https:\/\/narvasteel.com\/wp-content\/uploads\/2019\/04\/rabitz-barbed-wire_347x347-c-146x146.jpg 146w, https:\/\/narvasteel.com\/wp-content\/uploads\/2019\/04\/rabitz-barbed-wire_347x347-c-50x50.jpg 50w, https:\/\/narvasteel.com\/wp-content\/uploads\/2019\/04\/rabitz-barbed-wire_347x347-c-75x75.jpg 75w, https:\/\/narvasteel.com\/wp-content\/uploads\/2019\/04\/rabitz-barbed-wire_347x347-c-85x85.jpg 85w, https:\/\/narvasteel.com\/wp-content\/uploads\/2019\/04\/rabitz-barbed-wire_347x347-c-80x80.jpg 80w\" sizes=\"auto, (max-width: 347px) 100vw, 347px\" \/><\/figure>\r\n<\/div>\r\n\r\n\r\n\r\n<p><span>P\u012bts \u017eogs vai ieskaita to ir l\u0113t\u0101kais un \u0113rts risin\u0101jums, lai aizsarg\u0101tu priv\u0101to m\u0101ju, gan\u012bbas, skol\u0101m, ra\u017eo\u0161anas teritorij\u0101m. Re\u017e\u0123is ir izgatavots no termiski apstr\u0101d\u0101ta cinkota t\u0113rauda stieples vai cinkota t\u0113rauda stieples, kas p\u0101rkl\u0101tas ar PVC.<\/span><\/p>\r\n<p><span>Bez tam, j\u016bs varat ieg\u0101d\u0101ties stabi un stiprin\u0101jumi elementus re\u017e\u0123a.<\/span><\/p>\r\n<p><span>\u2022 <\/span><strong><span>re\u017e\u0123a augstums:<\/span><\/strong><span> 1200 mm, 1500 mm<\/span><\/p>\r\n<p><span>\u2022 <\/span><strong><span>Mesh izm\u0113rs<\/span><\/strong><span> 50&#215;50 mm<\/span><\/p>\r\n<p><span>\u2022 <\/span><strong><span>Stieples diametrs:<\/span><\/strong><span> 2 mm, 2.8 mm<\/span><\/p>\r\n<p><span>\u2022 <\/span><strong><span>P\u0101rkl\u0101jums:<\/span><\/strong><span> ZN, ZN + PVC (za\u013c\u0161)<\/span><\/p>\r\n<p><span>\u2022 <\/span><strong><span>Ru\u013c\u013ca garums:<\/span><\/strong><span> 25 m<\/span><\/p>\r\n<p><strong><span>dzelo\u0146stieple<\/span><\/strong><\/p>\r\n<p><span>Dzelo\u0146stieples &#8211; tas ir liels papildin\u0101jums jebkura veida no\u017eogojumu.<\/span><\/p>\r\n<p><span>Izv\u0113loties dzelo\u0146stieples, j\u016bs paaugstin\u0101t 80% uzticam\u012bbu \u017eogs.<\/span><\/p>\r\n<p><span>\u2022\u00a0 <\/span><strong><span>skaits muguri\u0146as:<\/span><\/strong><span> 4<\/span><\/p>\r\n<p><span>\u2022\u00a0 <\/span><strong><span>Stieples diametrs:<\/span><\/strong><span> 2.0 M\u0113s mm<\/span><\/p>\r\n<p><span>\u2022\u00a0 <\/span><strong><span>apstr\u0101de \/ P\u0101rkl\u0101jums:<\/span><\/strong><span> ZN<\/span><\/p>\r\n<p><span>\u2022\u00a0 <\/span><strong><span>Ru\u013c\u013ca garums:<\/span><\/strong><span> 250 m<\/span><\/p>\r\n","protected":false},"excerpt":{"rendered":"<p>P\u012bts \u017eogs vai ieskaita to ir l\u0113t\u0101kais un \u0113rts risin\u0101jums, lai aizsarg\u0101tu priv\u0101to m\u0101ju, gan\u012bbas, skol\u0101m, ra\u017eo\u0161anas teritorij\u0101m. Re\u017e\u0123is ir izgatavots no termiski apstr\u0101d\u0101ta cinkota t\u0113rauda<span class=\"excerpt-hellip\"> [\u2026]<\/span><\/p>\n","protected":false},"author":1,"featured_media":0,"parent":0,"menu_order":0,"comment_status":"closed","ping_status":"closed","template":"","meta":{"footnotes":""},"class_list":["post-277","page","type-page","status-publish","hentry"],"_links":{"self":[{"href":"https:\/\/narvasteel.com\/lv\/wp-json\/wp\/v2\/pages\/277","targetHints":{"allow":["GET"]}}],"collection":[{"href":"https:\/\/narvasteel.com\/lv\/wp-json\/wp\/v2\/pages"}],"about":[{"href":"https:\/\/narvasteel.com\/lv\/wp-json\/wp\/v2\/types\/page"}],"author":[{"embeddable":true,"href":"https:\/\/narvasteel.com\/lv\/wp-json\/wp\/v2\/users\/1"}],"replies":[{"embeddable":true,"href":"https:\/\/narvasteel.com\/lv\/wp-json\/wp\/v2\/comments?post=277"}],"version-history":[{"count":1,"href":"https:\/\/narvasteel.com\/lv\/wp-json\/wp\/v2\/pages\/277\/revisions"}],"predecessor-version":[{"id":278,"href":"https:\/\/narvasteel.com\/lv\/wp-json\/wp\/v2\/pages\/277\/revisions\/278"}],"wp:attachment":[{"href":"https:\/\/narvasteel.com\/lv\/wp-json\/wp\/v2\/media?parent=277"}],"curies":[{"name":"wp","href":"https:\/\/api.w.org\/{rel}","templated":true}]}}