{"id":298,"date":"2019-05-02T14:56:26","date_gmt":"2019-05-02T11:56:26","guid":{"rendered":"http:\/\/narvasteel.com\/%d1%80%d0%b5%d1%88%d0%b5%d1%82%d0%ba%d0%b8-%d0%b8-%d1%81%d1%82%d1%83%d0%bf%d0%b5%d0%bd%d0%b8\/"},"modified":"2019-05-07T21:09:02","modified_gmt":"2019-05-07T18:09:02","slug":"%d1%80%d0%b5%d1%88%d0%b5%d1%82%d0%ba%d0%b8-%d0%b8-%d1%81%d1%82%d1%83%d0%bf%d0%b5%d0%bd%d0%b8","status":"publish","type":"page","link":"https:\/\/narvasteel.com\/lv\/%d1%80%d0%b5%d1%88%d0%b5%d1%82%d0%ba%d0%b8-%d0%b8-%d1%81%d1%82%d1%83%d0%bf%d0%b5%d0%bd%d0%b8\/","title":{"rendered":"R\u012aV\u0112\u0160ANAI UN PAK\u0100PIENI"},"content":{"rendered":"\r\n<div class=\"wp-block-image\">\r\n<figure class=\"alignright\"><img loading=\"lazy\" decoding=\"async\" width=\"347\" height=\"347\" class=\"wp-image-74\" src=\"http:\/\/narvasteel.com\/wp-content\/uploads\/2019\/04\/lattices-steps_347x347-c.jpg\" alt=\"\" srcset=\"https:\/\/narvasteel.com\/wp-content\/uploads\/2019\/04\/lattices-steps_347x347-c.jpg 347w, https:\/\/narvasteel.com\/wp-content\/uploads\/2019\/04\/lattices-steps_347x347-c-150x150.jpg 150w, https:\/\/narvasteel.com\/wp-content\/uploads\/2019\/04\/lattices-steps_347x347-c-300x300.jpg 300w, https:\/\/narvasteel.com\/wp-content\/uploads\/2019\/04\/lattices-steps_347x347-c-146x146.jpg 146w, https:\/\/narvasteel.com\/wp-content\/uploads\/2019\/04\/lattices-steps_347x347-c-50x50.jpg 50w, https:\/\/narvasteel.com\/wp-content\/uploads\/2019\/04\/lattices-steps_347x347-c-75x75.jpg 75w, https:\/\/narvasteel.com\/wp-content\/uploads\/2019\/04\/lattices-steps_347x347-c-85x85.jpg 85w, https:\/\/narvasteel.com\/wp-content\/uploads\/2019\/04\/lattices-steps_347x347-c-80x80.jpg 80w\" sizes=\"auto, (max-width: 347px) 100vw, 347px\" \/><\/figure>\r\n<\/div>\r\n\r\n\r\n\r\n<p><strong><span><span class=\"\">&#8211; Metin\u0101tie un Pres\u0113tas restes<\/span><\/span><\/strong><\/p>\r\n<p><span>Re\u017e\u0123is t\u0113rauda gr\u012bdas ir moderna, iztur\u012bgs materi\u0101ls, kas tiek pla\u0161i izmantots r\u016bpniec\u012bb\u0101 un b\u016bvniec\u012bb\u0101. Galven\u0101 iez\u012bme metin\u0101tu re\u017e\u0123is ir neliels svars un augsta iztur\u012bba pret liel\u0101m slodz\u0113m. Re\u017e\u0123i ar zobainu pretsl\u012bdes virsmas tiek izmantotas viet\u0101s, kur past\u0101v risks ar b\u012bd\u0101mo kust\u012bbu.\u00a0<\/span><\/p>\r\n<p><span>Metin\u0101ti restes ir paredz\u0113tas lieljaudas Transport\u0113\u0161anas iekrau\u0161anas.<\/span><\/p>\r\n<p><span>Darb\u012bbas joma: k\u0101j\u0101mg\u0101j\u0113ju celi\u0146u un apkopes platformas p\u0101rkl\u0101jums k\u0101jslau\u0137is ar ieejas pane\u013cu piek\u0101rtiem sienas vien\u012bbu un \u0113ku fas\u0101\u017eu un p\u0101rvadi glab\u0101\u0161anas plaukti\u00a0<\/span><\/p>\r\n<p><strong><span>Materi\u0101ls:<\/span><\/strong><span> T\u0113rauds melna<\/span><\/p>\r\n<p><strong><span>Ap\u0161uvuma:<\/span><\/strong><span> Cinkots<\/span><\/p>\r\n<p><strong><span>Cell izm\u0113rs:<\/span><\/strong><span> \u00a019h50 mm, 34h11 mm, mm 34h76<\/span><\/p>\r\n<p><strong><span>Materi\u0101la biezums:<\/span><\/strong><span> \u00a02.0 M\u0113s &#8211; 5.0 mm<\/span><\/p>\r\n<p><strong><span>Standarta izm\u0113ri:<\/span><\/strong><span> \u00a06100h1000 mm<\/span><\/p>\r\n<p><span>\u0160eit J\u016bs varat pas\u016bt\u012bt kl\u0101jiem nav standarta izm\u0113ri.<\/span><\/p>\r\n<p><strong><span>&#8211; Met\u0101la posms<\/span><\/strong><\/p>\r\n<p><span>M\u0113s pied\u0101v\u0101jam gatavu posmu, kas izgatavoti saska\u0146\u0101 ar DIN 24531 standartam, un apstr\u0101d\u0101ta ar karst\u0101s cinko\u0161anas. Nomin\u0101lie izm\u0113ri so\u013ciem nor\u0101d\u012bts tabul\u0101, bet ar\u012b var tikt izgatavoti atbilsto\u0161i klienta piepras\u012bto so\u013ca lielumu. Posms ir \u0113rts risin\u0101jums, lai izveidotu standarta k\u0101pnes visas formas un izm\u0113riem.<\/span><\/p>\r\n<p><img loading=\"lazy\" decoding=\"async\" width=\"459\" height=\"360\" class=\"wp-image-97\" src=\"http:\/\/narvasteel.com\/wp-content\/uploads\/2019\/05\/555.jpg\" alt=\"\" srcset=\"https:\/\/narvasteel.com\/wp-content\/uploads\/2019\/05\/555.jpg 459w, https:\/\/narvasteel.com\/wp-content\/uploads\/2019\/05\/555-300x235.jpg 300w, https:\/\/narvasteel.com\/wp-content\/uploads\/2019\/05\/555-186x146.jpg 186w, https:\/\/narvasteel.com\/wp-content\/uploads\/2019\/05\/555-50x39.jpg 50w, https:\/\/narvasteel.com\/wp-content\/uploads\/2019\/05\/555-96x75.jpg 96w\" sizes=\"auto, (max-width: 459px) 100vw, 459px\" \/><\/p>\r\n","protected":false},"excerpt":{"rendered":"<p>&#8211; Metin\u0101tie un Pres\u0113tas restes Re\u017e\u0123is t\u0113rauda gr\u012bdas ir moderna, iztur\u012bgs materi\u0101ls, kas tiek pla\u0161i izmantots r\u016bpniec\u012bb\u0101 un b\u016bvniec\u012bb\u0101. Galven\u0101 iez\u012bme metin\u0101tu re\u017e\u0123is ir neliels svars<span class=\"excerpt-hellip\"> [\u2026]<\/span><\/p>\n","protected":false},"author":1,"featured_media":0,"parent":0,"menu_order":0,"comment_status":"closed","ping_status":"closed","template":"","meta":{"footnotes":""},"class_list":["post-298","page","type-page","status-publish","hentry"],"_links":{"self":[{"href":"https:\/\/narvasteel.com\/lv\/wp-json\/wp\/v2\/pages\/298","targetHints":{"allow":["GET"]}}],"collection":[{"href":"https:\/\/narvasteel.com\/lv\/wp-json\/wp\/v2\/pages"}],"about":[{"href":"https:\/\/narvasteel.com\/lv\/wp-json\/wp\/v2\/types\/page"}],"author":[{"embeddable":true,"href":"https:\/\/narvasteel.com\/lv\/wp-json\/wp\/v2\/users\/1"}],"replies":[{"embeddable":true,"href":"https:\/\/narvasteel.com\/lv\/wp-json\/wp\/v2\/comments?post=298"}],"version-history":[{"count":1,"href":"https:\/\/narvasteel.com\/lv\/wp-json\/wp\/v2\/pages\/298\/revisions"}],"predecessor-version":[{"id":299,"href":"https:\/\/narvasteel.com\/lv\/wp-json\/wp\/v2\/pages\/298\/revisions\/299"}],"wp:attachment":[{"href":"https:\/\/narvasteel.com\/lv\/wp-json\/wp\/v2\/media?parent=298"}],"curies":[{"name":"wp","href":"https:\/\/api.w.org\/{rel}","templated":true}]}}