{"id":321,"date":"2019-05-02T14:51:09","date_gmt":"2019-05-02T11:51:09","guid":{"rendered":"http:\/\/narvasteel.com\/%d1%81%d0%b2%d0%b0%d1%80%d0%bd%d1%8b%d0%b5-%d1%81%d0%b5%d1%82%d0%ba%d0%b8\/"},"modified":"2019-05-07T21:20:40","modified_gmt":"2019-05-07T18:20:40","slug":"%d1%81%d0%b2%d0%b0%d1%80%d0%bd%d1%8b%d0%b5-%d1%81%d0%b5%d1%82%d0%ba%d0%b8","status":"publish","type":"page","link":"https:\/\/narvasteel.com\/lv\/%d1%81%d0%b2%d0%b0%d1%80%d0%bd%d1%8b%d0%b5-%d1%81%d0%b5%d1%82%d0%ba%d0%b8\/","title":{"rendered":"METIN\u0100TU STIEP\u013bU SIETU"},"content":{"rendered":"\r\n<p><img loading=\"lazy\" decoding=\"async\" class=\"alignright wp-image-73 size-medium\" src=\"http:\/\/narvasteel.com\/wp-content\/uploads\/2019\/04\/welded-nets_347x347-c-300x300.jpg\" alt=\"\" width=\"300\" height=\"300\" srcset=\"https:\/\/narvasteel.com\/wp-content\/uploads\/2019\/04\/welded-nets_347x347-c-300x300.jpg 300w, https:\/\/narvasteel.com\/wp-content\/uploads\/2019\/04\/welded-nets_347x347-c-150x150.jpg 150w, https:\/\/narvasteel.com\/wp-content\/uploads\/2019\/04\/welded-nets_347x347-c-146x146.jpg 146w, https:\/\/narvasteel.com\/wp-content\/uploads\/2019\/04\/welded-nets_347x347-c-50x50.jpg 50w, https:\/\/narvasteel.com\/wp-content\/uploads\/2019\/04\/welded-nets_347x347-c-75x75.jpg 75w, https:\/\/narvasteel.com\/wp-content\/uploads\/2019\/04\/welded-nets_347x347-c-85x85.jpg 85w, https:\/\/narvasteel.com\/wp-content\/uploads\/2019\/04\/welded-nets_347x347-c-80x80.jpg 80w, https:\/\/narvasteel.com\/wp-content\/uploads\/2019\/04\/welded-nets_347x347-c.jpg 347w\" sizes=\"auto, (max-width: 300px) 100vw, 300px\" \/><\/p>\r\n<p><span>Metin\u0101ta t\u012bkla \u017eogi ir popul\u0101rs materi\u0101ls ner\u016bs\u0113jo\u0161ais t\u0113rauds, ko izmanto b\u016bvniec\u012bb\u0101 un r\u016bpniec\u012bb\u0101. Metin\u0101to sietu ir \u0113rti uzst\u0101d\u012bt, jo t\u0101 ir zema bl\u012bvumam. Metin\u0101to re\u017e\u0123u ir praktisks risin\u0101jums nostiprin\u0101\u0161anai \u017eogi, v\u0101rti, durvis, starpsienas, griestiem un citu dekorat\u012bvo dizainu, kas ir svar\u012bgi, vieglumu, p\u0101rredzam\u012bbas un sp\u0113ks.<\/span><\/p>\r\n<p><strong><span>Materi\u0101ls:<\/span><\/strong><span> T\u0113rauds melna, ner\u016bs\u0113jo\u0161ais t\u0113rauds<\/span><\/p>\r\n<p><strong><span>Ap\u0161uvuma:<\/span><\/strong><span> Cinkots<\/span><\/p>\r\n<p><strong><span>\u0160\u016bnas izm\u0113ri:<\/span><\/strong><span> \u00a020 &#8211; 50 mm<\/span><\/p>\r\n<p><strong><span>Stieples diametrs:<\/span><\/strong><span> \u00a02,0-4,0 mm<\/span><\/p>\r\n<p><strong><span>Standarta lapa izm\u0113ri:<\/span><\/strong><span> 1000h2000 mm, 1250h2500 mm, mm 1500h3000<\/span><\/p>\r\n<p><span>* Veicam pas\u016bt\u012bjumus uz re\u017e\u0123a, nav standarta izm\u0113ri.<\/span><\/p>\r\n","protected":false},"excerpt":{"rendered":"<p>Metin\u0101ta t\u012bkla \u017eogi ir popul\u0101rs materi\u0101ls ner\u016bs\u0113jo\u0161ais t\u0113rauds, ko izmanto b\u016bvniec\u012bb\u0101 un r\u016bpniec\u012bb\u0101. Metin\u0101to sietu ir \u0113rti uzst\u0101d\u012bt, jo t\u0101 ir zema bl\u012bvumam. Metin\u0101to re\u017e\u0123u ir<span class=\"excerpt-hellip\"> [\u2026]<\/span><\/p>\n","protected":false},"author":1,"featured_media":0,"parent":0,"menu_order":0,"comment_status":"closed","ping_status":"closed","template":"","meta":{"footnotes":""},"class_list":["post-321","page","type-page","status-publish","hentry"],"_links":{"self":[{"href":"https:\/\/narvasteel.com\/lv\/wp-json\/wp\/v2\/pages\/321","targetHints":{"allow":["GET"]}}],"collection":[{"href":"https:\/\/narvasteel.com\/lv\/wp-json\/wp\/v2\/pages"}],"about":[{"href":"https:\/\/narvasteel.com\/lv\/wp-json\/wp\/v2\/types\/page"}],"author":[{"embeddable":true,"href":"https:\/\/narvasteel.com\/lv\/wp-json\/wp\/v2\/users\/1"}],"replies":[{"embeddable":true,"href":"https:\/\/narvasteel.com\/lv\/wp-json\/wp\/v2\/comments?post=321"}],"version-history":[{"count":1,"href":"https:\/\/narvasteel.com\/lv\/wp-json\/wp\/v2\/pages\/321\/revisions"}],"predecessor-version":[{"id":322,"href":"https:\/\/narvasteel.com\/lv\/wp-json\/wp\/v2\/pages\/321\/revisions\/322"}],"wp:attachment":[{"href":"https:\/\/narvasteel.com\/lv\/wp-json\/wp\/v2\/media?parent=321"}],"curies":[{"name":"wp","href":"https:\/\/api.w.org\/{rel}","templated":true}]}}