{"id":345,"date":"2019-05-02T14:44:42","date_gmt":"2019-05-02T11:44:42","guid":{"rendered":"http:\/\/narvasteel.com\/%d1%82%d0%b5%d1%85%d0%bd%d0%b8%d1%87%d0%b5%d1%81%d0%ba%d0%b0%d1%8f-%d1%82%d0%ba%d0%b0%d0%bd%d1%8c\/"},"modified":"2019-05-07T21:57:17","modified_gmt":"2019-05-07T18:57:17","slug":"%d1%82%d0%b5%d1%85%d0%bd%d0%b8%d1%87%d0%b5%d1%81%d0%ba%d0%b0%d1%8f-%d1%82%d0%ba%d0%b0%d0%bd%d1%8c","status":"publish","type":"page","link":"https:\/\/narvasteel.com\/lv\/%d1%82%d0%b5%d1%85%d0%bd%d0%b8%d1%87%d0%b5%d1%81%d0%ba%d0%b0%d1%8f-%d1%82%d0%ba%d0%b0%d0%bd%d1%8c\/","title":{"rendered":"INDUSTRIAL AUDUMS"},"content":{"rendered":"\r\n<div class=\"wp-block-image\">\r\n<figure class=\"alignright\"><img loading=\"lazy\" decoding=\"async\" width=\"347\" height=\"347\" class=\"wp-image-72\" src=\"http:\/\/narvasteel.com\/wp-content\/uploads\/2019\/04\/technical-fabric_347x347-c.jpg\" alt=\"\" srcset=\"https:\/\/narvasteel.com\/wp-content\/uploads\/2019\/04\/technical-fabric_347x347-c.jpg 347w, https:\/\/narvasteel.com\/wp-content\/uploads\/2019\/04\/technical-fabric_347x347-c-150x150.jpg 150w, https:\/\/narvasteel.com\/wp-content\/uploads\/2019\/04\/technical-fabric_347x347-c-300x300.jpg 300w, https:\/\/narvasteel.com\/wp-content\/uploads\/2019\/04\/technical-fabric_347x347-c-146x146.jpg 146w, https:\/\/narvasteel.com\/wp-content\/uploads\/2019\/04\/technical-fabric_347x347-c-50x50.jpg 50w, https:\/\/narvasteel.com\/wp-content\/uploads\/2019\/04\/technical-fabric_347x347-c-75x75.jpg 75w, https:\/\/narvasteel.com\/wp-content\/uploads\/2019\/04\/technical-fabric_347x347-c-85x85.jpg 85w, https:\/\/narvasteel.com\/wp-content\/uploads\/2019\/04\/technical-fabric_347x347-c-80x80.jpg 80w\" sizes=\"auto, (max-width: 347px) 100vw, 347px\" \/><\/figure>\r\n<\/div>\r\n\r\n<p><span>M\u0113s sniegt tehnisko audums, kas izgatavots no ner\u016bs\u0113jo\u0161\u0101 t\u0113rauda.<\/span><\/p>\r\n<p><span>T\u0113rauda audums n\u0101k da\u017e\u0101du veidu un kalpo galvenok\u0101rt par \u0161\u0137iro\u0161anas un filtr\u0113\u0161anas virsmu.<\/span><\/p>\r\n<p><strong><span>Materi\u0101ls:<\/span><\/strong><span> Ner\u016bs\u0113jo\u0161ais t\u0113rauds<\/span><\/p>\r\n<p><strong><span>\u0160\u016bnas izm\u0113ri: \u00a0<\/span><\/strong><span> 0.1 &#8211; 3.2 mm<\/span><\/p>\r\n<p><strong><span>Stieples diametrs:<\/span><\/strong><span> 0.063 &#8211; 1.2 mm<\/span><\/p>\r\n<p><strong><span>Ru\u013c\u013ca platums:<\/span><\/strong><span> \u00a01000 mm<\/span><\/p>\r\n<p><strong><span>Ru\u013c\u013ca garums:<\/span><\/strong><span> 30 m<\/span><\/p>\r\n<p><span>* \u0160eit J\u016bs varat pas\u016bt\u012bt tos. audums ir ne tipizm\u0113rus.<\/span><\/p>\r\n<!-- \/wp:post-content -->","protected":false},"excerpt":{"rendered":"<p>M\u0113s sniegt tehnisko audums, kas izgatavots no ner\u016bs\u0113jo\u0161\u0101 t\u0113rauda. T\u0113rauda audums n\u0101k da\u017e\u0101du veidu un kalpo galvenok\u0101rt par \u0161\u0137iro\u0161anas un filtr\u0113\u0161anas virsmu. Materi\u0101ls: Ner\u016bs\u0113jo\u0161ais t\u0113rauds \u0160\u016bnas<span class=\"excerpt-hellip\"> [\u2026]<\/span><\/p>\n","protected":false},"author":1,"featured_media":0,"parent":0,"menu_order":0,"comment_status":"closed","ping_status":"closed","template":"","meta":{"footnotes":""},"class_list":["post-345","page","type-page","status-publish","hentry"],"_links":{"self":[{"href":"https:\/\/narvasteel.com\/lv\/wp-json\/wp\/v2\/pages\/345","targetHints":{"allow":["GET"]}}],"collection":[{"href":"https:\/\/narvasteel.com\/lv\/wp-json\/wp\/v2\/pages"}],"about":[{"href":"https:\/\/narvasteel.com\/lv\/wp-json\/wp\/v2\/types\/page"}],"author":[{"embeddable":true,"href":"https:\/\/narvasteel.com\/lv\/wp-json\/wp\/v2\/users\/1"}],"replies":[{"embeddable":true,"href":"https:\/\/narvasteel.com\/lv\/wp-json\/wp\/v2\/comments?post=345"}],"version-history":[{"count":1,"href":"https:\/\/narvasteel.com\/lv\/wp-json\/wp\/v2\/pages\/345\/revisions"}],"predecessor-version":[{"id":346,"href":"https:\/\/narvasteel.com\/lv\/wp-json\/wp\/v2\/pages\/345\/revisions\/346"}],"wp:attachment":[{"href":"https:\/\/narvasteel.com\/lv\/wp-json\/wp\/v2\/media?parent=345"}],"curies":[{"name":"wp","href":"https:\/\/api.w.org\/{rel}","templated":true}]}}