{"id":366,"date":"2019-05-01T22:59:57","date_gmt":"2019-05-01T19:59:57","guid":{"rendered":"http:\/\/narvasteel.com\/%d1%82%d1%80%d1%83%d0%b1%d1%8b-%d0%b8-%d1%84%d0%b8%d1%82%d0%b8%d0%bd%d0%b3%d0%b8\/"},"modified":"2019-05-07T22:04:05","modified_gmt":"2019-05-07T19:04:05","slug":"%d1%82%d1%80%d1%83%d0%b1%d1%8b-%d0%b8-%d1%84%d0%b8%d1%82%d0%b8%d0%bd%d0%b3%d0%b8","status":"publish","type":"page","link":"https:\/\/narvasteel.com\/lv\/%d1%82%d1%80%d1%83%d0%b1%d1%8b-%d0%b8-%d1%84%d0%b8%d1%82%d0%b8%d0%bd%d0%b3%d0%b8\/","title":{"rendered":"CAURULES UN VEIDGABALI"},"content":{"rendered":"\r\n<div class=\"wp-block-image\">\r\n<figure class=\"alignright\"><img loading=\"lazy\" decoding=\"async\" width=\"347\" height=\"347\" class=\"wp-image-71\" src=\"http:\/\/narvasteel.com\/wp-content\/uploads\/2019\/04\/pipes-fittings.1_347x347-c.jpg\" alt=\"\" srcset=\"https:\/\/narvasteel.com\/wp-content\/uploads\/2019\/04\/pipes-fittings.1_347x347-c.jpg 347w, https:\/\/narvasteel.com\/wp-content\/uploads\/2019\/04\/pipes-fittings.1_347x347-c-150x150.jpg 150w, https:\/\/narvasteel.com\/wp-content\/uploads\/2019\/04\/pipes-fittings.1_347x347-c-300x300.jpg 300w, https:\/\/narvasteel.com\/wp-content\/uploads\/2019\/04\/pipes-fittings.1_347x347-c-146x146.jpg 146w, https:\/\/narvasteel.com\/wp-content\/uploads\/2019\/04\/pipes-fittings.1_347x347-c-50x50.jpg 50w, https:\/\/narvasteel.com\/wp-content\/uploads\/2019\/04\/pipes-fittings.1_347x347-c-75x75.jpg 75w, https:\/\/narvasteel.com\/wp-content\/uploads\/2019\/04\/pipes-fittings.1_347x347-c-85x85.jpg 85w, https:\/\/narvasteel.com\/wp-content\/uploads\/2019\/04\/pipes-fittings.1_347x347-c-80x80.jpg 80w\" sizes=\"auto, (max-width: 347px) 100vw, 347px\" \/><\/figure>\r\n<\/div>\r\n\r\n\r\n\r\n<p><span>\u0160odien, met\u0101la caurules parasti izmanto da\u017e\u0101d\u0101s jom\u0101s. Sp\u0113ks un iztur\u012bba, lieliska iztur\u012bba pret deform\u0101ciju nodro\u0161ina uzticam\u012bbu strukt\u016bru. Ra\u017eo\u0161ana un celtniec\u012bba, kur\u0101 tiek izmantotas caurules, ir diezgan at\u0161\u0137ir\u012bga. T\u0113rauda caurule ar nepiecie\u0161amo aparat\u016bru cauru\u013cvadu transports par da\u017e\u0101du \u0161\u0137idrumu un g\u0101zes. kvadr\u0101tveida caurules ir sp\u0113c\u012bg\u0101ki pastiprino\u0161\u0101s ribas un praktiskas kad \u0113ka l\u012b\u0137iem.<\/span><\/p>\r\n<p><span>M\u0113s pied\u0101v\u0101jam pla\u0161u caurules un veidgabali.<\/span><\/p>\r\n<p><span>p\u0101rkl\u0101jumu caurules<\/span><\/p>\r\n<p><span>caurules elektrisk\u0101<\/span><\/p>\r\n<p><span>katlu caurules<\/span><\/p>\r\n<p><span>cauru\u013cvadu piederumi<\/span><\/p>\r\n<p><span>valving<\/span><\/p>\r\n","protected":false},"excerpt":{"rendered":"<p>\u0160odien, met\u0101la caurules parasti izmanto da\u017e\u0101d\u0101s jom\u0101s. Sp\u0113ks un iztur\u012bba, lieliska iztur\u012bba pret deform\u0101ciju nodro\u0161ina uzticam\u012bbu strukt\u016bru. Ra\u017eo\u0161ana un celtniec\u012bba, kur\u0101 tiek izmantotas caurules, ir diezgan<span class=\"excerpt-hellip\"> [\u2026]<\/span><\/p>\n","protected":false},"author":1,"featured_media":0,"parent":0,"menu_order":0,"comment_status":"closed","ping_status":"closed","template":"","meta":{"footnotes":""},"class_list":["post-366","page","type-page","status-publish","hentry"],"_links":{"self":[{"href":"https:\/\/narvasteel.com\/lv\/wp-json\/wp\/v2\/pages\/366","targetHints":{"allow":["GET"]}}],"collection":[{"href":"https:\/\/narvasteel.com\/lv\/wp-json\/wp\/v2\/pages"}],"about":[{"href":"https:\/\/narvasteel.com\/lv\/wp-json\/wp\/v2\/types\/page"}],"author":[{"embeddable":true,"href":"https:\/\/narvasteel.com\/lv\/wp-json\/wp\/v2\/users\/1"}],"replies":[{"embeddable":true,"href":"https:\/\/narvasteel.com\/lv\/wp-json\/wp\/v2\/comments?post=366"}],"version-history":[{"count":1,"href":"https:\/\/narvasteel.com\/lv\/wp-json\/wp\/v2\/pages\/366\/revisions"}],"predecessor-version":[{"id":367,"href":"https:\/\/narvasteel.com\/lv\/wp-json\/wp\/v2\/pages\/366\/revisions\/367"}],"wp:attachment":[{"href":"https:\/\/narvasteel.com\/lv\/wp-json\/wp\/v2\/media?parent=366"}],"curies":[{"name":"wp","href":"https:\/\/api.w.org\/{rel}","templated":true}]}}