{"id":387,"date":"2019-05-01T22:44:30","date_gmt":"2019-05-01T19:44:30","guid":{"rendered":"http:\/\/narvasteel.com\/%d1%86%d0%b2%d0%b5%d1%82%d0%bd%d0%be%d0%b9-%d0%bc%d0%b5%d1%82%d0%b0%d0%bb%d0%bb\/"},"modified":"2019-05-07T22:10:38","modified_gmt":"2019-05-07T19:10:38","slug":"%d1%86%d0%b2%d0%b5%d1%82%d0%bd%d0%be%d0%b9-%d0%bc%d0%b5%d1%82%d0%b0%d0%bb%d0%bb","status":"publish","type":"page","link":"https:\/\/narvasteel.com\/lv\/%d1%86%d0%b2%d0%b5%d1%82%d0%bd%d0%be%d0%b9-%d0%bc%d0%b5%d1%82%d0%b0%d0%bb%d0%bb\/","title":{"rendered":"KR\u0100SAINS MET\u0100LS"},"content":{"rendered":"\r\n<div class=\"wp-block-image\">\r\n<figure class=\"alignright\"><img loading=\"lazy\" decoding=\"async\" width=\"347\" height=\"347\" class=\"wp-image-70\" src=\"http:\/\/narvasteel.com\/wp-content\/uploads\/2019\/04\/non-ferrous-metal_347x347-c.jpg\" alt=\"\" srcset=\"https:\/\/narvasteel.com\/wp-content\/uploads\/2019\/04\/non-ferrous-metal_347x347-c.jpg 347w, https:\/\/narvasteel.com\/wp-content\/uploads\/2019\/04\/non-ferrous-metal_347x347-c-150x150.jpg 150w, https:\/\/narvasteel.com\/wp-content\/uploads\/2019\/04\/non-ferrous-metal_347x347-c-300x300.jpg 300w, https:\/\/narvasteel.com\/wp-content\/uploads\/2019\/04\/non-ferrous-metal_347x347-c-146x146.jpg 146w, https:\/\/narvasteel.com\/wp-content\/uploads\/2019\/04\/non-ferrous-metal_347x347-c-50x50.jpg 50w, https:\/\/narvasteel.com\/wp-content\/uploads\/2019\/04\/non-ferrous-metal_347x347-c-75x75.jpg 75w, https:\/\/narvasteel.com\/wp-content\/uploads\/2019\/04\/non-ferrous-metal_347x347-c-85x85.jpg 85w, https:\/\/narvasteel.com\/wp-content\/uploads\/2019\/04\/non-ferrous-metal_347x347-c-80x80.jpg 80w\" sizes=\"auto, (max-width: 347px) 100vw, 347px\" \/><\/figure>\r\n<\/div>\r\n\r\n\r\n\r\n<p><span>Viens no galvenajiem virzieniem, m\u016bsu komp\u0101nija realiz\u0101cija izstr\u0101d\u0101jumu alum\u012bnija, vara un sakaus\u0113jumiem, pamatojoties uz \u0161iem met\u0101liem. Kr\u0101saino met\u0101lu pla\u0161i izmanto da\u017e\u0101d\u0101s r\u016bpniec\u012bbas nozar\u0113s un b\u016bvniec\u012bb\u0101. Pateicoties sav\u0101m \u012bpa\u0161\u012bb\u0101m, kr\u0101saino met\u0101lu nav alternat\u012bvas. M\u0113s str\u0101d\u0101jam tikai ar uzticamiem, uzticamiem pieg\u0101d\u0101t\u0101jiem, kas pied\u0101v\u0101 augstas kvalit\u0101tes produktus.<\/span><\/p>\r\n<p><span>alum\u012bnijs<\/span><\/p>\r\n<p><span>var\u0161<\/span><\/p>\r\n<p><span>bronza<\/span><\/p>\r\n<p><span>misi\u0146\u0161<\/span><\/p>\r\n<p><span>tit\u0101ns<\/span><\/p>\r\n<p><span>cinks<\/span><\/p>\r\n<p><span>Babbitt<\/span><\/p>\r\n<p><span>alva<\/span><\/p>\r\n<p><span>ni\u0137elis<\/span><\/p>\r\n","protected":false},"excerpt":{"rendered":"<p>Viens no galvenajiem virzieniem, m\u016bsu komp\u0101nija realiz\u0101cija izstr\u0101d\u0101jumu alum\u012bnija, vara un sakaus\u0113jumiem, pamatojoties uz \u0161iem met\u0101liem. Kr\u0101saino met\u0101lu pla\u0161i izmanto da\u017e\u0101d\u0101s r\u016bpniec\u012bbas nozar\u0113s un b\u016bvniec\u012bb\u0101. Pateicoties<span class=\"excerpt-hellip\"> [\u2026]<\/span><\/p>\n","protected":false},"author":1,"featured_media":0,"parent":0,"menu_order":0,"comment_status":"closed","ping_status":"closed","template":"","meta":{"footnotes":""},"class_list":["post-387","page","type-page","status-publish","hentry"],"_links":{"self":[{"href":"https:\/\/narvasteel.com\/lv\/wp-json\/wp\/v2\/pages\/387","targetHints":{"allow":["GET"]}}],"collection":[{"href":"https:\/\/narvasteel.com\/lv\/wp-json\/wp\/v2\/pages"}],"about":[{"href":"https:\/\/narvasteel.com\/lv\/wp-json\/wp\/v2\/types\/page"}],"author":[{"embeddable":true,"href":"https:\/\/narvasteel.com\/lv\/wp-json\/wp\/v2\/users\/1"}],"replies":[{"embeddable":true,"href":"https:\/\/narvasteel.com\/lv\/wp-json\/wp\/v2\/comments?post=387"}],"version-history":[{"count":1,"href":"https:\/\/narvasteel.com\/lv\/wp-json\/wp\/v2\/pages\/387\/revisions"}],"predecessor-version":[{"id":388,"href":"https:\/\/narvasteel.com\/lv\/wp-json\/wp\/v2\/pages\/387\/revisions\/388"}],"wp:attachment":[{"href":"https:\/\/narvasteel.com\/lv\/wp-json\/wp\/v2\/media?parent=387"}],"curies":[{"name":"wp","href":"https:\/\/api.w.org\/{rel}","templated":true}]}}