{"id":198,"date":"2019-05-02T16:10:41","date_gmt":"2019-05-02T13:10:41","guid":{"rendered":"http:\/\/narvasteel.com\/%d0%bd%d0%b5%d1%80%d0%b6%d0%b0%d0%b2%d0%b5%d1%8e%d1%89%d0%b0%d1%8f-%d1%81%d1%82%d0%b0%d0%bb%d1%8c\/"},"modified":"2019-05-07T20:36:47","modified_gmt":"2019-05-07T17:36:47","slug":"%d0%bd%d0%b5%d1%80%d0%b6%d0%b0%d0%b2%d0%b5%d1%8e%d1%89%d0%b0%d1%8f-%d1%81%d1%82%d0%b0%d0%bb%d1%8c","status":"publish","type":"page","link":"https:\/\/narvasteel.com\/nb\/%d0%bd%d0%b5%d1%80%d0%b6%d0%b0%d0%b2%d0%b5%d1%8e%d1%89%d0%b0%d1%8f-%d1%81%d1%82%d0%b0%d0%bb%d1%8c\/","title":{"rendered":"RUSTFRITT ST\u00c5L"},"content":{"rendered":"\r\n<div class=\"wp-block-image\">\r\n<figure class=\"alignright\"><img loading=\"lazy\" decoding=\"async\" width=\"347\" height=\"347\" class=\"wp-image-79\" src=\"http:\/\/narvasteel.com\/wp-content\/uploads\/2019\/04\/stainless-steel_347x347-c.jpg\" alt=\"\" srcset=\"https:\/\/narvasteel.com\/wp-content\/uploads\/2019\/04\/stainless-steel_347x347-c.jpg 347w, https:\/\/narvasteel.com\/wp-content\/uploads\/2019\/04\/stainless-steel_347x347-c-150x150.jpg 150w, https:\/\/narvasteel.com\/wp-content\/uploads\/2019\/04\/stainless-steel_347x347-c-300x300.jpg 300w, https:\/\/narvasteel.com\/wp-content\/uploads\/2019\/04\/stainless-steel_347x347-c-146x146.jpg 146w, https:\/\/narvasteel.com\/wp-content\/uploads\/2019\/04\/stainless-steel_347x347-c-50x50.jpg 50w, https:\/\/narvasteel.com\/wp-content\/uploads\/2019\/04\/stainless-steel_347x347-c-75x75.jpg 75w, https:\/\/narvasteel.com\/wp-content\/uploads\/2019\/04\/stainless-steel_347x347-c-85x85.jpg 85w, https:\/\/narvasteel.com\/wp-content\/uploads\/2019\/04\/stainless-steel_347x347-c-80x80.jpg 80w\" sizes=\"auto, (max-width: 347px) 100vw, 347px\" \/><\/figure>\r\n<\/div>\r\n\r\n\r\n\r\n<p><span>Rustfritt st\u00e5l, metall, &#8211; det er korrosjonsresistent, holdbar og allsidig materiale, som brukes i industrien og konstruksjon. Utvalg av metall har hundrevis av elementer. V\u00e5rt firma tilbyr et bredt spekter av flate og lange produkter av rustfritt st\u00e5l for \u00e5 bestille.<\/span><\/p>\r\n<p><strong><span>Produktspekter:<\/span><\/strong><\/p>\r\n<p><span>valset ark (varmvalset, kald, dekorativ);<\/span><\/p>\r\n<p><span>r\u00f8r (s\u00f8ml\u00f8s, rund og profilert elektrisk);<\/span><\/p>\r\n<p><span>valset profil (kvadrat, sirkel, wire, hj\u00f8rne av sekskanten.);<\/span><\/p>\r\n<p><span>l\u00e5sing og forbinde armaturen<\/span><\/p>\r\n<p><strong><span>St\u00e5l AISI:<\/span><\/strong><span> 304, 304L, 310S, 316, 316, 316Ti, 321, 409L, 430, 430Ti<\/span><\/p>\r\n","protected":false},"excerpt":{"rendered":"<p>Rustfritt st\u00e5l, metall, &#8211; det er korrosjonsresistent, holdbar og allsidig materiale, som brukes i industrien og konstruksjon. Utvalg av metall har hundrevis av elementer. V\u00e5rt firma<span class=\"excerpt-hellip\"> [\u2026]<\/span><\/p>\n","protected":false},"author":1,"featured_media":0,"parent":0,"menu_order":0,"comment_status":"closed","ping_status":"closed","template":"","meta":{"footnotes":""},"class_list":["post-198","page","type-page","status-publish","hentry"],"_links":{"self":[{"href":"https:\/\/narvasteel.com\/nb\/wp-json\/wp\/v2\/pages\/198","targetHints":{"allow":["GET"]}}],"collection":[{"href":"https:\/\/narvasteel.com\/nb\/wp-json\/wp\/v2\/pages"}],"about":[{"href":"https:\/\/narvasteel.com\/nb\/wp-json\/wp\/v2\/types\/page"}],"author":[{"embeddable":true,"href":"https:\/\/narvasteel.com\/nb\/wp-json\/wp\/v2\/users\/1"}],"replies":[{"embeddable":true,"href":"https:\/\/narvasteel.com\/nb\/wp-json\/wp\/v2\/comments?post=198"}],"version-history":[{"count":1,"href":"https:\/\/narvasteel.com\/nb\/wp-json\/wp\/v2\/pages\/198\/revisions"}],"predecessor-version":[{"id":199,"href":"https:\/\/narvasteel.com\/nb\/wp-json\/wp\/v2\/pages\/198\/revisions\/199"}],"wp:attachment":[{"href":"https:\/\/narvasteel.com\/nb\/wp-json\/wp\/v2\/media?parent=198"}],"curies":[{"name":"wp","href":"https:\/\/api.w.org\/{rel}","templated":true}]}}