{"id":219,"date":"2019-05-02T16:05:06","date_gmt":"2019-05-02T13:05:06","guid":{"rendered":"http:\/\/narvasteel.com\/%d0%bf%d0%b0%d0%bd%d0%b5%d0%bb%d1%8c%d0%bd%d1%8b%d0%b5-3d-%d0%be%d0%b3%d1%80%d0%b0%d0%b6%d0%b4%d0%b5%d0%bd%d0%b8%d1%8f\/"},"modified":"2019-05-07T20:45:28","modified_gmt":"2019-05-07T17:45:28","slug":"%d0%bf%d0%b0%d0%bd%d0%b5%d0%bb%d1%8c%d0%bd%d1%8b%d0%b5-3d-%d0%be%d0%b3%d1%80%d0%b0%d0%b6%d0%b4%d0%b5%d0%bd%d0%b8%d1%8f","status":"publish","type":"page","link":"https:\/\/narvasteel.com\/nb\/%d0%bf%d0%b0%d0%bd%d0%b5%d0%bb%d1%8c%d0%bd%d1%8b%d0%b5-3d-%d0%be%d0%b3%d1%80%d0%b0%d0%b6%d0%b4%d0%b5%d0%bd%d0%b8%d1%8f\/","title":{"rendered":"3D-PANELET GJERDER"},"content":{"rendered":"\r\n<div class=\"wp-block-image\">\r\n<figure class=\"alignright\"><img loading=\"lazy\" decoding=\"async\" width=\"347\" height=\"347\" class=\"wp-image-78\" src=\"http:\/\/narvasteel.com\/wp-content\/uploads\/2019\/04\/panel-fencing_347x347-c.jpg\" alt=\"\" srcset=\"https:\/\/narvasteel.com\/wp-content\/uploads\/2019\/04\/panel-fencing_347x347-c.jpg 347w, https:\/\/narvasteel.com\/wp-content\/uploads\/2019\/04\/panel-fencing_347x347-c-150x150.jpg 150w, https:\/\/narvasteel.com\/wp-content\/uploads\/2019\/04\/panel-fencing_347x347-c-300x300.jpg 300w, https:\/\/narvasteel.com\/wp-content\/uploads\/2019\/04\/panel-fencing_347x347-c-146x146.jpg 146w, https:\/\/narvasteel.com\/wp-content\/uploads\/2019\/04\/panel-fencing_347x347-c-50x50.jpg 50w, https:\/\/narvasteel.com\/wp-content\/uploads\/2019\/04\/panel-fencing_347x347-c-75x75.jpg 75w, https:\/\/narvasteel.com\/wp-content\/uploads\/2019\/04\/panel-fencing_347x347-c-85x85.jpg 85w, https:\/\/narvasteel.com\/wp-content\/uploads\/2019\/04\/panel-fencing_347x347-c-80x80.jpg 80w\" sizes=\"auto, (max-width: 347px) 100vw, 347px\" \/><\/figure>\r\n<\/div>\r\n\r\n\r\n\r\n<p><span>3d gjerder system best\u00e5r av paneler og s\u00f8yler av forskjellige h\u00f8yder, komplett med fester, og et stort utvalg av sving og skyveporter innrettet til f\u00f8rer og barrierer automatisk. Vannrette streker paneler har V-formede b\u00f8yninger som gir st\u00f8rre stivhet til panelet. Ender panel 30 millimeter utstikkende pinner. Det anbefales for inngjerding av offentlige institusjoner, lagerbygninger, skoler, parker, sport og lekeplasser, industri og private omr\u00e5der. H\u00f8y kvalitet, ekstremt slitesterk med lang levetid panel og innleggene er laget av galvanisert st\u00e5l og belagt med en polymer i henhold til EN ISO 1461.<\/span><\/p>\r\n<p><strong><span>Polakker og FESTE<\/span><\/strong><\/p>\r\n<p><span>De er utstyrt med s\u00f8yler paneler profil 60&#215;40 mm seksjon. Baksiden pilarene har l\u00e5seforbindelse, som gir ytterligere stivhet, de fremre sidebjelkene har hull med gjenger foringer for feste p\u00e5 innsiden av panelene med klemmen og M6h40 skrue med innvendig sekskant. S\u00f8ylene er utstyrt med en plasthette.<\/span><\/p>\r\n<p><strong><span>Gates<\/span><\/strong><\/p>\r\n<p><span>Svingeskyved\u00f8r, gate eller ha 60h40mm 80h60mm ramme og den midtre ramme for ekstra styrke. Pakkede produkter er helt med s\u00f8yler 80&#215;80 \/ \u200b\u200b100&#215;100 og alle n\u00f8dvendige detaljer.<\/span><\/p>\r\n<p><strong><span>Panel H\u00f8yde:<\/span><\/strong><span> \u00a0 1230mm, 1530mm, 1730mm, 2030mm<\/span><\/p>\r\n<p><strong><span>Panel Bredde:<\/span><\/strong><span> \u00a02,500 mm<\/span><\/p>\r\n<p><strong><span>Maskevidde: \u00a0<\/span><\/strong><span> \u00a050&#215;200 mm<\/span><\/p>\r\n<p><strong><span>Tr\u00e5ddiameter:<\/span><\/strong><span> \u00a04 mm, 5 mm<\/span><\/p>\r\n<p><strong><span>Belegg:<\/span><\/strong><span> ZN + RAL6005 (gr\u00f8nn), RAL8017 (Brown)<\/span><\/p>\r\n","protected":false},"excerpt":{"rendered":"<p>3d gjerder system best\u00e5r av paneler og s\u00f8yler av forskjellige h\u00f8yder, komplett med fester, og et stort utvalg av sving og skyveporter innrettet til f\u00f8rer og<span class=\"excerpt-hellip\"> [\u2026]<\/span><\/p>\n","protected":false},"author":1,"featured_media":0,"parent":0,"menu_order":0,"comment_status":"closed","ping_status":"closed","template":"","meta":{"footnotes":""},"class_list":["post-219","page","type-page","status-publish","hentry"],"_links":{"self":[{"href":"https:\/\/narvasteel.com\/nb\/wp-json\/wp\/v2\/pages\/219","targetHints":{"allow":["GET"]}}],"collection":[{"href":"https:\/\/narvasteel.com\/nb\/wp-json\/wp\/v2\/pages"}],"about":[{"href":"https:\/\/narvasteel.com\/nb\/wp-json\/wp\/v2\/types\/page"}],"author":[{"embeddable":true,"href":"https:\/\/narvasteel.com\/nb\/wp-json\/wp\/v2\/users\/1"}],"replies":[{"embeddable":true,"href":"https:\/\/narvasteel.com\/nb\/wp-json\/wp\/v2\/comments?post=219"}],"version-history":[{"count":1,"href":"https:\/\/narvasteel.com\/nb\/wp-json\/wp\/v2\/pages\/219\/revisions"}],"predecessor-version":[{"id":220,"href":"https:\/\/narvasteel.com\/nb\/wp-json\/wp\/v2\/pages\/219\/revisions\/220"}],"wp:attachment":[{"href":"https:\/\/narvasteel.com\/nb\/wp-json\/wp\/v2\/media?parent=219"}],"curies":[{"name":"wp","href":"https:\/\/api.w.org\/{rel}","templated":true}]}}