{"id":240,"date":"2019-05-02T16:02:43","date_gmt":"2019-05-02T13:02:43","guid":{"rendered":"http:\/\/narvasteel.com\/%d0%bf%d0%b5%d1%80%d1%84%d0%be%d1%80%d0%b8%d1%80%d0%be%d0%b2%d0%b0%d0%bd%d0%bd%d1%8b%d0%b5-%d0%bb%d0%b8%d1%81%d1%82%d1%8b\/"},"modified":"2019-05-07T20:51:59","modified_gmt":"2019-05-07T17:51:59","slug":"%d0%bf%d0%b5%d1%80%d1%84%d0%be%d1%80%d0%b8%d1%80%d0%be%d0%b2%d0%b0%d0%bd%d0%bd%d1%8b%d0%b5-%d0%bb%d0%b8%d1%81%d1%82%d1%8b","status":"publish","type":"page","link":"https:\/\/narvasteel.com\/nb\/%d0%bf%d0%b5%d1%80%d1%84%d0%be%d1%80%d0%b8%d1%80%d0%be%d0%b2%d0%b0%d0%bd%d0%bd%d1%8b%d0%b5-%d0%bb%d0%b8%d1%81%d1%82%d1%8b\/","title":{"rendered":"PERFORERTE PLATER"},"content":{"rendered":"\r\n<div class=\"wp-block-image\">\r\n<figure class=\"alignright\"><img loading=\"lazy\" decoding=\"async\" width=\"347\" height=\"347\" class=\"wp-image-77\" src=\"http:\/\/narvasteel.com\/wp-content\/uploads\/2019\/04\/perforated-sheet_347x347-c.jpg\" alt=\"\" srcset=\"https:\/\/narvasteel.com\/wp-content\/uploads\/2019\/04\/perforated-sheet_347x347-c.jpg 347w, https:\/\/narvasteel.com\/wp-content\/uploads\/2019\/04\/perforated-sheet_347x347-c-150x150.jpg 150w, https:\/\/narvasteel.com\/wp-content\/uploads\/2019\/04\/perforated-sheet_347x347-c-300x300.jpg 300w, https:\/\/narvasteel.com\/wp-content\/uploads\/2019\/04\/perforated-sheet_347x347-c-146x146.jpg 146w, https:\/\/narvasteel.com\/wp-content\/uploads\/2019\/04\/perforated-sheet_347x347-c-50x50.jpg 50w, https:\/\/narvasteel.com\/wp-content\/uploads\/2019\/04\/perforated-sheet_347x347-c-75x75.jpg 75w, https:\/\/narvasteel.com\/wp-content\/uploads\/2019\/04\/perforated-sheet_347x347-c-85x85.jpg 85w, https:\/\/narvasteel.com\/wp-content\/uploads\/2019\/04\/perforated-sheet_347x347-c-80x80.jpg 80w\" sizes=\"auto, (max-width: 347px) 100vw, 347px\" \/><\/figure>\r\n<\/div>\r\n\r\n\r\n\r\n<p><span>Perforerte plater er mye brukt i ventilasjonsanordningen, for m\u00f8bler, designelementer, med enheten varmesystemer, landbruksmaskiner, etc.<\/span><\/p>\r\n<p><strong><span>Materialer:<\/span><\/strong><span> St\u00e5l og galvanisert st\u00e5l, rustfritt st\u00e5l, aluminium.<\/span><\/p>\r\n<p><strong><span>Tykkelse:<\/span><\/strong><span> 0,5 &#8211; 10,0 mm<\/span><\/p>\r\n<p><strong><span>Format:<\/span><\/strong><span> 1000 x 2000 mm, 1250 x 2500 mm, 1500 x 3000 mm<\/span><\/p>\r\n<p><strong><span>Belegg:<\/span><\/strong><span> RAL maleri, resurfacing, PVC film.<\/span><\/p>\r\n<p><span>perforering typer:<\/span><\/p>\r\n<p><span>&#8211; Round: trekant \/ firkant ordning<\/span><\/p>\r\n<p><span>&#8211; firkantet: trekant \/ firkant ordning<\/span><\/p>\r\n<p><span>&#8211; sekskantede, slit-like: intermitterende plassering<\/span><\/p>\r\n","protected":false},"excerpt":{"rendered":"<p>Perforerte plater er mye brukt i ventilasjonsanordningen, for m\u00f8bler, designelementer, med enheten varmesystemer, landbruksmaskiner, etc. Materialer: St\u00e5l og galvanisert st\u00e5l, rustfritt st\u00e5l, aluminium. Tykkelse: 0,5 &#8211;<span class=\"excerpt-hellip\"> [\u2026]<\/span><\/p>\n","protected":false},"author":1,"featured_media":0,"parent":0,"menu_order":0,"comment_status":"closed","ping_status":"closed","template":"","meta":{"footnotes":""},"class_list":["post-240","page","type-page","status-publish","hentry"],"_links":{"self":[{"href":"https:\/\/narvasteel.com\/nb\/wp-json\/wp\/v2\/pages\/240","targetHints":{"allow":["GET"]}}],"collection":[{"href":"https:\/\/narvasteel.com\/nb\/wp-json\/wp\/v2\/pages"}],"about":[{"href":"https:\/\/narvasteel.com\/nb\/wp-json\/wp\/v2\/types\/page"}],"author":[{"embeddable":true,"href":"https:\/\/narvasteel.com\/nb\/wp-json\/wp\/v2\/users\/1"}],"replies":[{"embeddable":true,"href":"https:\/\/narvasteel.com\/nb\/wp-json\/wp\/v2\/comments?post=240"}],"version-history":[{"count":1,"href":"https:\/\/narvasteel.com\/nb\/wp-json\/wp\/v2\/pages\/240\/revisions"}],"predecessor-version":[{"id":241,"href":"https:\/\/narvasteel.com\/nb\/wp-json\/wp\/v2\/pages\/240\/revisions\/241"}],"wp:attachment":[{"href":"https:\/\/narvasteel.com\/nb\/wp-json\/wp\/v2\/media?parent=240"}],"curies":[{"name":"wp","href":"https:\/\/api.w.org\/{rel}","templated":true}]}}