{"id":262,"date":"2019-05-02T15:57:03","date_gmt":"2019-05-02T12:57:03","guid":{"rendered":"http:\/\/narvasteel.com\/%d0%bf%d1%80%d0%be%d1%81%d0%b5%d1%87%d0%bd%d0%be-%d0%b2%d1%8b%d1%82%d1%8f%d0%b6%d0%bd%d1%8b%d0%b5-%d1%81%d0%b5%d1%82%d0%ba%d0%b8\/"},"modified":"2019-05-07T20:58:14","modified_gmt":"2019-05-07T17:58:14","slug":"%d0%bf%d1%80%d0%be%d1%81%d0%b5%d1%87%d0%bd%d0%be-%d0%b2%d1%8b%d1%82%d1%8f%d0%b6%d0%bd%d1%8b%d0%b5-%d1%81%d0%b5%d1%82%d0%ba%d0%b8","status":"publish","type":"page","link":"https:\/\/narvasteel.com\/nb\/%d0%bf%d1%80%d0%be%d1%81%d0%b5%d1%87%d0%bd%d0%be-%d0%b2%d1%8b%d1%82%d1%8f%d0%b6%d0%bd%d1%8b%d0%b5-%d1%81%d0%b5%d1%82%d0%ba%d0%b8\/","title":{"rendered":"STREKKMETALLMASKENETT"},"content":{"rendered":"\r\n<div class=\"wp-block-image\">\r\n<figure class=\"alignright\"><img loading=\"lazy\" decoding=\"async\" width=\"347\" height=\"347\" class=\"wp-image-76\" src=\"http:\/\/narvasteel.com\/wp-content\/uploads\/2019\/04\/expanded-drawn_347x347-c.jpg\" alt=\"\" srcset=\"https:\/\/narvasteel.com\/wp-content\/uploads\/2019\/04\/expanded-drawn_347x347-c.jpg 347w, https:\/\/narvasteel.com\/wp-content\/uploads\/2019\/04\/expanded-drawn_347x347-c-150x150.jpg 150w, https:\/\/narvasteel.com\/wp-content\/uploads\/2019\/04\/expanded-drawn_347x347-c-300x300.jpg 300w, https:\/\/narvasteel.com\/wp-content\/uploads\/2019\/04\/expanded-drawn_347x347-c-146x146.jpg 146w, https:\/\/narvasteel.com\/wp-content\/uploads\/2019\/04\/expanded-drawn_347x347-c-50x50.jpg 50w, https:\/\/narvasteel.com\/wp-content\/uploads\/2019\/04\/expanded-drawn_347x347-c-75x75.jpg 75w, https:\/\/narvasteel.com\/wp-content\/uploads\/2019\/04\/expanded-drawn_347x347-c-85x85.jpg 85w, https:\/\/narvasteel.com\/wp-content\/uploads\/2019\/04\/expanded-drawn_347x347-c-80x80.jpg 80w\" sizes=\"auto, (max-width: 347px) 100vw, 347px\" \/><\/figure>\r\n<\/div>\r\n\r\n\r\n\r\n<p><span>Ekspandert metallnett er en praktisk konstruksjonsmateriale.<\/span><\/p>\r\n<p><span>Fordelene rillede gitter er dens enkelhet og anti-skli overflate. Prosechnye mesh har en rekke bruksomr\u00e5der: rekkverk, beskyttende og dekorative gitre, himlinger, gangveier, trapper, ramper.<\/span><\/p>\r\n<p><strong><span>Materiale:<\/span><\/strong><span> St\u00e5l svart, rustfritt st\u00e5l, aluminium<\/span><\/p>\r\n<p><strong><span>Plating:<\/span><\/strong><span> Galvanisert<\/span><\/p>\r\n<p><strong><span>Cellest\u00f8rrelse:<\/span><\/strong><span> \u00a02,0 Vi gj\u00f8r &#8211; 147,0 mm<\/span><\/p>\r\n<p><strong><span>Materialtykkelse:<\/span><\/strong><span> \u00a00,5 &#8211; 4,0 mm<\/span><\/p>\r\n<p><strong><span>Standard arkst\u00f8rrelser:<\/span><\/strong><span> 1000h2000 mm, 1250h2500 mm, mm 1500h3000<\/span><\/p>\r\n<p><span>* Vi utf\u00f8rer ordre p\u00e5 nettet er ikke standardst\u00f8rrelser.<\/span><\/p>\r\n","protected":false},"excerpt":{"rendered":"<p>Ekspandert metallnett er en praktisk konstruksjonsmateriale. Fordelene rillede gitter er dens enkelhet og anti-skli overflate. Prosechnye mesh har en rekke bruksomr\u00e5der: rekkverk, beskyttende og dekorative gitre,<span class=\"excerpt-hellip\"> [\u2026]<\/span><\/p>\n","protected":false},"author":1,"featured_media":0,"parent":0,"menu_order":0,"comment_status":"closed","ping_status":"closed","template":"","meta":{"footnotes":""},"class_list":["post-262","page","type-page","status-publish","hentry"],"_links":{"self":[{"href":"https:\/\/narvasteel.com\/nb\/wp-json\/wp\/v2\/pages\/262","targetHints":{"allow":["GET"]}}],"collection":[{"href":"https:\/\/narvasteel.com\/nb\/wp-json\/wp\/v2\/pages"}],"about":[{"href":"https:\/\/narvasteel.com\/nb\/wp-json\/wp\/v2\/types\/page"}],"author":[{"embeddable":true,"href":"https:\/\/narvasteel.com\/nb\/wp-json\/wp\/v2\/users\/1"}],"replies":[{"embeddable":true,"href":"https:\/\/narvasteel.com\/nb\/wp-json\/wp\/v2\/comments?post=262"}],"version-history":[{"count":1,"href":"https:\/\/narvasteel.com\/nb\/wp-json\/wp\/v2\/pages\/262\/revisions"}],"predecessor-version":[{"id":263,"href":"https:\/\/narvasteel.com\/nb\/wp-json\/wp\/v2\/pages\/262\/revisions\/263"}],"wp:attachment":[{"href":"https:\/\/narvasteel.com\/nb\/wp-json\/wp\/v2\/media?parent=262"}],"curies":[{"name":"wp","href":"https:\/\/api.w.org\/{rel}","templated":true}]}}