{"id":283,"date":"2019-05-02T15:52:56","date_gmt":"2019-05-02T12:52:56","guid":{"rendered":"http:\/\/narvasteel.com\/%d1%80%d0%b0%d0%b1%d0%b8%d1%86%d0%b0-%d0%b8-%d0%ba%d0%be%d0%bb%d1%8e%d1%87%d0%b0%d1%8f-%d0%bf%d1%80%d0%be%d0%b2%d0%be%d0%bb%d0%be%d0%ba%d0%b0\/"},"modified":"2019-05-07T21:04:33","modified_gmt":"2019-05-07T18:04:33","slug":"%d1%80%d0%b0%d0%b1%d0%b8%d1%86%d0%b0-%d0%b8-%d0%ba%d0%be%d0%bb%d1%8e%d1%87%d0%b0%d1%8f-%d0%bf%d1%80%d0%be%d0%b2%d0%be%d0%bb%d0%be%d0%ba%d0%b0","status":"publish","type":"page","link":"https:\/\/narvasteel.com\/nb\/%d1%80%d0%b0%d0%b1%d0%b8%d1%86%d0%b0-%d0%b8-%d0%ba%d0%be%d0%bb%d1%8e%d1%87%d0%b0%d1%8f-%d0%bf%d1%80%d0%be%d0%b2%d0%be%d0%bb%d0%be%d0%ba%d0%b0\/","title":{"rendered":"NETTING OG PIGGTR\u00c5D"},"content":{"rendered":"\r\n<div class=\"wp-block-image\">\r\n<figure class=\"alignright\"><img loading=\"lazy\" decoding=\"async\" width=\"347\" height=\"347\" class=\"wp-image-75\" src=\"http:\/\/narvasteel.com\/wp-content\/uploads\/2019\/04\/rabitz-barbed-wire_347x347-c.jpg\" alt=\"\" srcset=\"https:\/\/narvasteel.com\/wp-content\/uploads\/2019\/04\/rabitz-barbed-wire_347x347-c.jpg 347w, https:\/\/narvasteel.com\/wp-content\/uploads\/2019\/04\/rabitz-barbed-wire_347x347-c-150x150.jpg 150w, https:\/\/narvasteel.com\/wp-content\/uploads\/2019\/04\/rabitz-barbed-wire_347x347-c-300x300.jpg 300w, https:\/\/narvasteel.com\/wp-content\/uploads\/2019\/04\/rabitz-barbed-wire_347x347-c-146x146.jpg 146w, https:\/\/narvasteel.com\/wp-content\/uploads\/2019\/04\/rabitz-barbed-wire_347x347-c-50x50.jpg 50w, https:\/\/narvasteel.com\/wp-content\/uploads\/2019\/04\/rabitz-barbed-wire_347x347-c-75x75.jpg 75w, https:\/\/narvasteel.com\/wp-content\/uploads\/2019\/04\/rabitz-barbed-wire_347x347-c-85x85.jpg 85w, https:\/\/narvasteel.com\/wp-content\/uploads\/2019\/04\/rabitz-barbed-wire_347x347-c-80x80.jpg 80w\" sizes=\"auto, (max-width: 347px) 100vw, 347px\" \/><\/figure>\r\n<\/div>\r\n\r\n\r\n\r\n<p><span>Wicker gjerde eller netting det er den billigste og komfortabel l\u00f8sning for beskyttelse av private hus, beitemarker, skoler, industriomr\u00e5der. Gitteret er laget av varmebehandlet galvanisert st\u00e5ltr\u00e5d eller galvanisert st\u00e5ltr\u00e5d belagt med PVC.<\/span><\/p>\r\n<p><span>I tillegg kan du kj\u00f8pe staver og festene elementer for rutenettet.<\/span><\/p>\r\n<p><span>\u2022 <\/span><strong><span>gitterh\u00f8yde:<\/span><\/strong><span> 1200 mm, 1500 mm<\/span><\/p>\r\n<p><span>\u2022 <\/span><strong><span>maskevidde<\/span><\/strong><span> 50&#215;50 mm<\/span><\/p>\r\n<p><span>\u2022 <\/span><strong><span>Tr\u00e5ddiameter:<\/span><\/strong><span> 2 mm, 2,8 mm<\/span><\/p>\r\n<p><span>\u2022 <\/span><strong><span>Belegg:<\/span><\/strong><span> ZN, Zn + PVC (gr\u00f8nn)<\/span><\/p>\r\n<p><span>\u2022 <\/span><strong><span>Rull lengde:<\/span><\/strong><span> 25 m<\/span><\/p>\r\n<p><strong><span>piggtr\u00e5d<\/span><\/strong><\/p>\r\n<p><span>Piggtr\u00e5d &#8211; dette er et flott tillegg til noen form for gjerde.<\/span><\/p>\r\n<p><span>Velge piggtr\u00e5d, heve deg 80% p\u00e5litelighet gjerdet.<\/span><\/p>\r\n<p><span>\u2022\u00a0 <\/span><strong><span>Antall pigger:<\/span><\/strong><span> 4<\/span><\/p>\r\n<p><span>\u2022\u00a0 <\/span><strong><span>Tr\u00e5ddiameter:<\/span><\/strong><span> 2,0 Vi gj\u00f8r mm<\/span><\/p>\r\n<p><span>\u2022\u00a0 <\/span><strong><span>Behandling \/ Coating:<\/span><\/strong><span> ZN<\/span><\/p>\r\n<p><span>\u2022\u00a0 <\/span><strong><span>Rull lengde:<\/span><\/strong><span> 250 m<\/span><\/p>\r\n","protected":false},"excerpt":{"rendered":"<p>Wicker gjerde eller netting det er den billigste og komfortabel l\u00f8sning for beskyttelse av private hus, beitemarker, skoler, industriomr\u00e5der. Gitteret er laget av varmebehandlet galvanisert st\u00e5ltr\u00e5d<span class=\"excerpt-hellip\"> [\u2026]<\/span><\/p>\n","protected":false},"author":1,"featured_media":0,"parent":0,"menu_order":0,"comment_status":"closed","ping_status":"closed","template":"","meta":{"footnotes":""},"class_list":["post-283","page","type-page","status-publish","hentry"],"_links":{"self":[{"href":"https:\/\/narvasteel.com\/nb\/wp-json\/wp\/v2\/pages\/283","targetHints":{"allow":["GET"]}}],"collection":[{"href":"https:\/\/narvasteel.com\/nb\/wp-json\/wp\/v2\/pages"}],"about":[{"href":"https:\/\/narvasteel.com\/nb\/wp-json\/wp\/v2\/types\/page"}],"author":[{"embeddable":true,"href":"https:\/\/narvasteel.com\/nb\/wp-json\/wp\/v2\/users\/1"}],"replies":[{"embeddable":true,"href":"https:\/\/narvasteel.com\/nb\/wp-json\/wp\/v2\/comments?post=283"}],"version-history":[{"count":1,"href":"https:\/\/narvasteel.com\/nb\/wp-json\/wp\/v2\/pages\/283\/revisions"}],"predecessor-version":[{"id":284,"href":"https:\/\/narvasteel.com\/nb\/wp-json\/wp\/v2\/pages\/283\/revisions\/284"}],"wp:attachment":[{"href":"https:\/\/narvasteel.com\/nb\/wp-json\/wp\/v2\/media?parent=283"}],"curies":[{"name":"wp","href":"https:\/\/api.w.org\/{rel}","templated":true}]}}