{"id":304,"date":"2019-05-02T14:56:26","date_gmt":"2019-05-02T11:56:26","guid":{"rendered":"http:\/\/narvasteel.com\/%d1%80%d0%b5%d1%88%d0%b5%d1%82%d0%ba%d0%b8-%d0%b8-%d1%81%d1%82%d1%83%d0%bf%d0%b5%d0%bd%d0%b8\/"},"modified":"2019-05-07T21:10:48","modified_gmt":"2019-05-07T18:10:48","slug":"%d1%80%d0%b5%d1%88%d0%b5%d1%82%d0%ba%d0%b8-%d0%b8-%d1%81%d1%82%d1%83%d0%bf%d0%b5%d0%bd%d0%b8","status":"publish","type":"page","link":"https:\/\/narvasteel.com\/nb\/%d1%80%d0%b5%d1%88%d0%b5%d1%82%d0%ba%d0%b8-%d0%b8-%d1%81%d1%82%d1%83%d0%bf%d0%b5%d0%bd%d0%b8\/","title":{"rendered":"RIST OG TRINN"},"content":{"rendered":"\r\n<div class=\"wp-block-image\">\r\n<figure class=\"alignright\"><img loading=\"lazy\" decoding=\"async\" width=\"347\" height=\"347\" class=\"wp-image-74\" src=\"http:\/\/narvasteel.com\/wp-content\/uploads\/2019\/04\/lattices-steps_347x347-c.jpg\" alt=\"\" srcset=\"https:\/\/narvasteel.com\/wp-content\/uploads\/2019\/04\/lattices-steps_347x347-c.jpg 347w, https:\/\/narvasteel.com\/wp-content\/uploads\/2019\/04\/lattices-steps_347x347-c-150x150.jpg 150w, https:\/\/narvasteel.com\/wp-content\/uploads\/2019\/04\/lattices-steps_347x347-c-300x300.jpg 300w, https:\/\/narvasteel.com\/wp-content\/uploads\/2019\/04\/lattices-steps_347x347-c-146x146.jpg 146w, https:\/\/narvasteel.com\/wp-content\/uploads\/2019\/04\/lattices-steps_347x347-c-50x50.jpg 50w, https:\/\/narvasteel.com\/wp-content\/uploads\/2019\/04\/lattices-steps_347x347-c-75x75.jpg 75w, https:\/\/narvasteel.com\/wp-content\/uploads\/2019\/04\/lattices-steps_347x347-c-85x85.jpg 85w, https:\/\/narvasteel.com\/wp-content\/uploads\/2019\/04\/lattices-steps_347x347-c-80x80.jpg 80w\" sizes=\"auto, (max-width: 347px) 100vw, 347px\" \/><\/figure>\r\n<\/div>\r\n\r\n\r\n\r\n<p><strong><span>&#8211; Sveiset og presset rister<\/span><\/strong><\/p>\r\n<p><span>St\u00e5l gulv er en moderne, slitesterkt materiale, som er mye brukt i industri og anlegg. Den viktigste funksjonen av sveiset gitter er en lett vekt og h\u00f8y motstand mot h\u00f8ye belastninger. Gitre med tann anti-skli overflate benyttes i omr\u00e5der hvor det er en fare med den glidende bevegelse.\u00a0<\/span><\/p>\r\n<p><span>Sveiset gitter er laget for heavy-duty lastebiler lasting.<\/span><\/p>\r\n<p><span>Omfang: gang- og utskiftbare plattformer belegg d\u00f8rmatte ved inngangen panel hengende veggenheter og bygningsfasader og passes hyllestativ\u00a0<\/span><\/p>\r\n<p><strong><span>Materiale:<\/span><\/strong><span> St\u00e5l svart<\/span><\/p>\r\n<p><strong><span>Plating:<\/span><\/strong><span> Galvanisert<\/span><\/p>\r\n<p><strong><span>Cellest\u00f8rrelse:<\/span><\/strong><span> \u00a019h50 mm, 34h11 mm, mm 34h76<\/span><\/p>\r\n<p><strong><span>Materialtykkelse:<\/span><\/strong><span> \u00a02,0 Vi gj\u00f8r &#8211; 5,0 mm<\/span><\/p>\r\n<p><strong><span>Standardst\u00f8rrelser:<\/span><\/strong><span> \u00a06100h1000 mm<\/span><\/p>\r\n<p><span>Her kan du bestille dekk er ikke standardst\u00f8rrelser.<\/span><\/p>\r\n<p><strong><span>&#8211; Metal scenen<\/span><\/strong><\/p>\r\n<p><span>Vi har klar stadium, konstruert i henhold til DIN 24531-standarden, og behandlet ved varmforsinking. Nominelle st\u00f8rrelser av fremgangsm\u00e5ten er angitt i tabellen, men kan ogs\u00e5 fremstilles i overensstemmelse med trinnst\u00f8rrelse \u00f8nsket av kunden. Stage er en praktisk l\u00f8sning for \u00e5 bygge standard trapper i alle fasonger og st\u00f8rrelser.<\/span><\/p>\r\n<p><img loading=\"lazy\" decoding=\"async\" width=\"459\" height=\"360\" class=\"wp-image-97\" src=\"http:\/\/narvasteel.com\/wp-content\/uploads\/2019\/05\/555.jpg\" alt=\"\" srcset=\"https:\/\/narvasteel.com\/wp-content\/uploads\/2019\/05\/555.jpg 459w, https:\/\/narvasteel.com\/wp-content\/uploads\/2019\/05\/555-300x235.jpg 300w, https:\/\/narvasteel.com\/wp-content\/uploads\/2019\/05\/555-186x146.jpg 186w, https:\/\/narvasteel.com\/wp-content\/uploads\/2019\/05\/555-50x39.jpg 50w, https:\/\/narvasteel.com\/wp-content\/uploads\/2019\/05\/555-96x75.jpg 96w\" sizes=\"auto, (max-width: 459px) 100vw, 459px\" \/><\/p>\r\n","protected":false},"excerpt":{"rendered":"<p>&#8211; Sveiset og presset rister St\u00e5l gulv er en moderne, slitesterkt materiale, som er mye brukt i industri og anlegg. Den viktigste funksjonen av sveiset gitter<span class=\"excerpt-hellip\"> [\u2026]<\/span><\/p>\n","protected":false},"author":1,"featured_media":0,"parent":0,"menu_order":0,"comment_status":"closed","ping_status":"closed","template":"","meta":{"footnotes":""},"class_list":["post-304","page","type-page","status-publish","hentry"],"_links":{"self":[{"href":"https:\/\/narvasteel.com\/nb\/wp-json\/wp\/v2\/pages\/304","targetHints":{"allow":["GET"]}}],"collection":[{"href":"https:\/\/narvasteel.com\/nb\/wp-json\/wp\/v2\/pages"}],"about":[{"href":"https:\/\/narvasteel.com\/nb\/wp-json\/wp\/v2\/types\/page"}],"author":[{"embeddable":true,"href":"https:\/\/narvasteel.com\/nb\/wp-json\/wp\/v2\/users\/1"}],"replies":[{"embeddable":true,"href":"https:\/\/narvasteel.com\/nb\/wp-json\/wp\/v2\/comments?post=304"}],"version-history":[{"count":1,"href":"https:\/\/narvasteel.com\/nb\/wp-json\/wp\/v2\/pages\/304\/revisions"}],"predecessor-version":[{"id":305,"href":"https:\/\/narvasteel.com\/nb\/wp-json\/wp\/v2\/pages\/304\/revisions\/305"}],"wp:attachment":[{"href":"https:\/\/narvasteel.com\/nb\/wp-json\/wp\/v2\/media?parent=304"}],"curies":[{"name":"wp","href":"https:\/\/api.w.org\/{rel}","templated":true}]}}