{"id":372,"date":"2019-05-01T22:59:57","date_gmt":"2019-05-01T19:59:57","guid":{"rendered":"http:\/\/narvasteel.com\/%d1%82%d1%80%d1%83%d0%b1%d1%8b-%d0%b8-%d1%84%d0%b8%d1%82%d0%b8%d0%bd%d0%b3%d0%b8\/"},"modified":"2019-05-07T22:05:35","modified_gmt":"2019-05-07T19:05:35","slug":"%d1%82%d1%80%d1%83%d0%b1%d1%8b-%d0%b8-%d1%84%d0%b8%d1%82%d0%b8%d0%bd%d0%b3%d0%b8","status":"publish","type":"page","link":"https:\/\/narvasteel.com\/nb\/%d1%82%d1%80%d1%83%d0%b1%d1%8b-%d0%b8-%d1%84%d0%b8%d1%82%d0%b8%d0%bd%d0%b3%d0%b8\/","title":{"rendered":"R\u00d8R OG FITTINGS"},"content":{"rendered":"\r\n<div class=\"wp-block-image\">\r\n<figure class=\"alignright\"><img loading=\"lazy\" decoding=\"async\" width=\"347\" height=\"347\" class=\"wp-image-71\" src=\"http:\/\/narvasteel.com\/wp-content\/uploads\/2019\/04\/pipes-fittings.1_347x347-c.jpg\" alt=\"\" srcset=\"https:\/\/narvasteel.com\/wp-content\/uploads\/2019\/04\/pipes-fittings.1_347x347-c.jpg 347w, https:\/\/narvasteel.com\/wp-content\/uploads\/2019\/04\/pipes-fittings.1_347x347-c-150x150.jpg 150w, https:\/\/narvasteel.com\/wp-content\/uploads\/2019\/04\/pipes-fittings.1_347x347-c-300x300.jpg 300w, https:\/\/narvasteel.com\/wp-content\/uploads\/2019\/04\/pipes-fittings.1_347x347-c-146x146.jpg 146w, https:\/\/narvasteel.com\/wp-content\/uploads\/2019\/04\/pipes-fittings.1_347x347-c-50x50.jpg 50w, https:\/\/narvasteel.com\/wp-content\/uploads\/2019\/04\/pipes-fittings.1_347x347-c-75x75.jpg 75w, https:\/\/narvasteel.com\/wp-content\/uploads\/2019\/04\/pipes-fittings.1_347x347-c-85x85.jpg 85w, https:\/\/narvasteel.com\/wp-content\/uploads\/2019\/04\/pipes-fittings.1_347x347-c-80x80.jpg 80w\" sizes=\"auto, (max-width: 347px) 100vw, 347px\" \/><\/figure>\r\n<\/div>\r\n\r\n\r\n\r\n<p><span>I dag, metallr\u00f8r som vanligvis brukes i ulike felt. Styrke og slitestyrke, sikrer utmerket motstand mot deformasjon p\u00e5liteligheten av strukturer. Produksjon og konstruksjon, hvor r\u00f8rene er brukt, er ganske forskjellige. St\u00e5lr\u00f8r med n\u00f8dvendige hardware r\u00f8rledninger for transport av ulike v\u00e6sker og gasser. kvadratisk r\u00f8r har sterkere forsterkningsribber og praktiske n\u00e5r bygningsskrotter.<\/span><\/p>\r\n<p><span>Vi tilbyr et bredt spekter av r\u00f8r og r\u00f8rdeler.<\/span><\/p>\r\n<p><span>belagt r\u00f8rene<\/span><\/p>\r\n<p><span>r\u00f8r elektrisk<\/span><\/p>\r\n<p><span>kjele r\u00f8r<\/span><\/p>\r\n<p><span>r\u00f8rlednings tilbeh\u00f8r<\/span><\/p>\r\n<p><span>ventiler<\/span><\/p>\r\n","protected":false},"excerpt":{"rendered":"<p>I dag, metallr\u00f8r som vanligvis brukes i ulike felt. Styrke og slitestyrke, sikrer utmerket motstand mot deformasjon p\u00e5liteligheten av strukturer. Produksjon og konstruksjon, hvor r\u00f8rene er<span class=\"excerpt-hellip\"> [\u2026]<\/span><\/p>\n","protected":false},"author":1,"featured_media":0,"parent":0,"menu_order":0,"comment_status":"closed","ping_status":"closed","template":"","meta":{"footnotes":""},"class_list":["post-372","page","type-page","status-publish","hentry"],"_links":{"self":[{"href":"https:\/\/narvasteel.com\/nb\/wp-json\/wp\/v2\/pages\/372","targetHints":{"allow":["GET"]}}],"collection":[{"href":"https:\/\/narvasteel.com\/nb\/wp-json\/wp\/v2\/pages"}],"about":[{"href":"https:\/\/narvasteel.com\/nb\/wp-json\/wp\/v2\/types\/page"}],"author":[{"embeddable":true,"href":"https:\/\/narvasteel.com\/nb\/wp-json\/wp\/v2\/users\/1"}],"replies":[{"embeddable":true,"href":"https:\/\/narvasteel.com\/nb\/wp-json\/wp\/v2\/comments?post=372"}],"version-history":[{"count":1,"href":"https:\/\/narvasteel.com\/nb\/wp-json\/wp\/v2\/pages\/372\/revisions"}],"predecessor-version":[{"id":373,"href":"https:\/\/narvasteel.com\/nb\/wp-json\/wp\/v2\/pages\/372\/revisions\/373"}],"wp:attachment":[{"href":"https:\/\/narvasteel.com\/nb\/wp-json\/wp\/v2\/media?parent=372"}],"curies":[{"name":"wp","href":"https:\/\/api.w.org\/{rel}","templated":true}]}}