{"id":393,"date":"2019-05-01T22:44:30","date_gmt":"2019-05-01T19:44:30","guid":{"rendered":"http:\/\/narvasteel.com\/%d1%86%d0%b2%d0%b5%d1%82%d0%bd%d0%be%d0%b9-%d0%bc%d0%b5%d1%82%d0%b0%d0%bb%d0%bb\/"},"modified":"2019-05-07T22:12:38","modified_gmt":"2019-05-07T19:12:38","slug":"%d1%86%d0%b2%d0%b5%d1%82%d0%bd%d0%be%d0%b9-%d0%bc%d0%b5%d1%82%d0%b0%d0%bb%d0%bb","status":"publish","type":"page","link":"https:\/\/narvasteel.com\/nb\/%d1%86%d0%b2%d0%b5%d1%82%d0%bd%d0%be%d0%b9-%d0%bc%d0%b5%d1%82%d0%b0%d0%bb%d0%bb\/","title":{"rendered":"IKKE-JERNHOLDIGE METALLER"},"content":{"rendered":"\r\n<div class=\"wp-block-image\">\r\n<figure class=\"alignright\"><img loading=\"lazy\" decoding=\"async\" width=\"347\" height=\"347\" class=\"wp-image-70\" src=\"http:\/\/narvasteel.com\/wp-content\/uploads\/2019\/04\/non-ferrous-metal_347x347-c.jpg\" alt=\"\" srcset=\"https:\/\/narvasteel.com\/wp-content\/uploads\/2019\/04\/non-ferrous-metal_347x347-c.jpg 347w, https:\/\/narvasteel.com\/wp-content\/uploads\/2019\/04\/non-ferrous-metal_347x347-c-150x150.jpg 150w, https:\/\/narvasteel.com\/wp-content\/uploads\/2019\/04\/non-ferrous-metal_347x347-c-300x300.jpg 300w, https:\/\/narvasteel.com\/wp-content\/uploads\/2019\/04\/non-ferrous-metal_347x347-c-146x146.jpg 146w, https:\/\/narvasteel.com\/wp-content\/uploads\/2019\/04\/non-ferrous-metal_347x347-c-50x50.jpg 50w, https:\/\/narvasteel.com\/wp-content\/uploads\/2019\/04\/non-ferrous-metal_347x347-c-75x75.jpg 75w, https:\/\/narvasteel.com\/wp-content\/uploads\/2019\/04\/non-ferrous-metal_347x347-c-85x85.jpg 85w, https:\/\/narvasteel.com\/wp-content\/uploads\/2019\/04\/non-ferrous-metal_347x347-c-80x80.jpg 80w\" sizes=\"auto, (max-width: 347px) 100vw, 347px\" \/><\/figure>\r\n<\/div>\r\n\r\n\r\n\r\n<p><span>En av de viktigste retningene av selskapet v\u00e5rt er realiseringen av varer av aluminium, kobber og legeringer basert p\u00e5 disse metallene. Ikke-jernholdige metaller er mye brukt i ulike sektorer av industrien og i bygg og anlegg. P\u00e5 grunn av sine egenskaper, har ikke-jernholdig metall ingen alternativer. Vi jobber kun med troverdige og p\u00e5litelige leverand\u00f8rer som tilbyr produkter av h\u00f8y kvalitet.<\/span><\/p>\r\n<p><span>aluminium<\/span><\/p>\r\n<p><span>kobber<\/span><\/p>\r\n<p><span>bronse<\/span><\/p>\r\n<p><span>messing<\/span><\/p>\r\n<p><span>Titan<\/span><\/p>\r\n<p><span>sink<\/span><\/p>\r\n<p><span>Babbitt<\/span><\/p>\r\n<p><span>tinn<\/span><\/p>\r\n<p><span>nikkel<\/span><\/p>\r\n","protected":false},"excerpt":{"rendered":"<p>En av de viktigste retningene av selskapet v\u00e5rt er realiseringen av varer av aluminium, kobber og legeringer basert p\u00e5 disse metallene. Ikke-jernholdige metaller er mye brukt<span class=\"excerpt-hellip\"> [\u2026]<\/span><\/p>\n","protected":false},"author":1,"featured_media":0,"parent":0,"menu_order":0,"comment_status":"closed","ping_status":"closed","template":"","meta":{"footnotes":""},"class_list":["post-393","page","type-page","status-publish","hentry"],"_links":{"self":[{"href":"https:\/\/narvasteel.com\/nb\/wp-json\/wp\/v2\/pages\/393","targetHints":{"allow":["GET"]}}],"collection":[{"href":"https:\/\/narvasteel.com\/nb\/wp-json\/wp\/v2\/pages"}],"about":[{"href":"https:\/\/narvasteel.com\/nb\/wp-json\/wp\/v2\/types\/page"}],"author":[{"embeddable":true,"href":"https:\/\/narvasteel.com\/nb\/wp-json\/wp\/v2\/users\/1"}],"replies":[{"embeddable":true,"href":"https:\/\/narvasteel.com\/nb\/wp-json\/wp\/v2\/comments?post=393"}],"version-history":[{"count":1,"href":"https:\/\/narvasteel.com\/nb\/wp-json\/wp\/v2\/pages\/393\/revisions"}],"predecessor-version":[{"id":394,"href":"https:\/\/narvasteel.com\/nb\/wp-json\/wp\/v2\/pages\/393\/revisions\/394"}],"wp:attachment":[{"href":"https:\/\/narvasteel.com\/nb\/wp-json\/wp\/v2\/media?parent=393"}],"curies":[{"name":"wp","href":"https:\/\/api.w.org\/{rel}","templated":true}]}}