{"id":180,"date":"2019-05-02T16:17:37","date_gmt":"2019-05-02T13:17:37","guid":{"rendered":"http:\/\/narvasteel.com\/%d0%ba%d1%80%d0%be%d0%b2%d0%b5%d0%bb%d1%8c%d0%bd%d1%8b%d0%b9-%d0%bc%d0%b0%d1%82%d0%b5%d1%80%d0%b8%d0%b0%d0%bb\/"},"modified":"2019-05-07T18:09:49","modified_gmt":"2019-05-07T15:09:49","slug":"%d0%ba%d1%80%d0%be%d0%b2%d0%b5%d0%bb%d1%8c%d0%bd%d1%8b%d0%b9-%d0%bc%d0%b0%d1%82%d0%b5%d1%80%d0%b8%d0%b0%d0%bb","status":"publish","type":"page","link":"https:\/\/narvasteel.com\/sv\/%d0%ba%d1%80%d0%be%d0%b2%d0%b5%d0%bb%d1%8c%d0%bd%d1%8b%d0%b9-%d0%bc%d0%b0%d1%82%d0%b5%d1%80%d0%b8%d0%b0%d0%bb\/","title":{"rendered":"TAKL\u00c4GGNING"},"content":{"rendered":"\r\n<div class=\"wp-block-image\">\r\n<figure class=\"alignright\"><img loading=\"lazy\" decoding=\"async\" width=\"347\" height=\"347\" class=\"wp-image-80\" src=\"http:\/\/narvasteel.com\/wp-content\/uploads\/2019\/04\/roofing-material_347x347-c.jpg\" alt=\"\" srcset=\"https:\/\/narvasteel.com\/wp-content\/uploads\/2019\/04\/roofing-material_347x347-c.jpg 347w, https:\/\/narvasteel.com\/wp-content\/uploads\/2019\/04\/roofing-material_347x347-c-150x150.jpg 150w, https:\/\/narvasteel.com\/wp-content\/uploads\/2019\/04\/roofing-material_347x347-c-300x300.jpg 300w, https:\/\/narvasteel.com\/wp-content\/uploads\/2019\/04\/roofing-material_347x347-c-146x146.jpg 146w, https:\/\/narvasteel.com\/wp-content\/uploads\/2019\/04\/roofing-material_347x347-c-50x50.jpg 50w, https:\/\/narvasteel.com\/wp-content\/uploads\/2019\/04\/roofing-material_347x347-c-75x75.jpg 75w, https:\/\/narvasteel.com\/wp-content\/uploads\/2019\/04\/roofing-material_347x347-c-85x85.jpg 85w, https:\/\/narvasteel.com\/wp-content\/uploads\/2019\/04\/roofing-material_347x347-c-80x80.jpg 80w\" sizes=\"auto, (max-width: 347px) 100vw, 347px\" \/><\/figure>\r\n<\/div>\r\n\r\n\r\n\r\n<p><span><span class=\"\">T\u00e4ckmetallprofiler anv\u00e4nds f\u00f6r att t\u00e4cka tak och v\u00e4ggar i byggnader. <\/span>Vi erbjuder v\u00e5ra kunder de vanligaste profiler: kakel, trapetsformade och mals.<\/span><\/p>\r\n<p><strong><span>KIVIPROFIIL<\/span><\/strong><\/p>\r\n<p><strong><span>TP20<\/span><\/strong><\/p>\r\n<p><strong><span>KLASSIK<\/span><\/strong><\/p>\r\n<p><strong><span>Valts<\/span><\/strong><\/p>\r\n<p><span>Slutf\u00f6ra gutter systemet och tillbeh\u00f6r f\u00f6r tak. R\u00e4nnor \u00e4r tillverkade av galvaniserat st\u00e5l, med en ytterligare dubbelsidig belagd.<\/span><\/p>\r\n<p><span>Formul\u00e4r avloppet \u00e4r av tv\u00e5 typer: runda och rektangul\u00e4ra.<\/span><\/p>\r\n<p><span>Ytterligare element tenn (\u00e5s, slut, anslutningselement) kan som best\u00e4ms av komplexiteten av formen p\u00e5 taket och som inte undvaras.<\/span><\/p>\r\n<p><span>Kvalitetsgaranti 20 till 50 \u00e5r.<\/span>\u00a0<\/p>\r\n<p><strong><span>Varianter bet\u00e4ckningar:<\/span><\/strong><span> PE, PUR<\/span><\/p>\r\n<p><strong><span>F\u00e4rgskala:<\/span><\/strong><span> RR11, RR20, RR21, RR23, RR25, RR29, RR32, RR33, RR35, RR36, RR37<\/span><\/p>\r\n","protected":false},"excerpt":{"rendered":"<p>T\u00e4ckmetallprofiler anv\u00e4nds f\u00f6r att t\u00e4cka tak och v\u00e4ggar i byggnader. Vi erbjuder v\u00e5ra kunder de vanligaste profiler: kakel, trapetsformade och mals. KIVIPROFIIL TP20 KLASSIK Valts Slutf\u00f6ra<span class=\"excerpt-hellip\"> [\u2026]<\/span><\/p>\n","protected":false},"author":1,"featured_media":0,"parent":0,"menu_order":0,"comment_status":"closed","ping_status":"closed","template":"","meta":{"footnotes":""},"class_list":["post-180","page","type-page","status-publish","hentry"],"_links":{"self":[{"href":"https:\/\/narvasteel.com\/sv\/wp-json\/wp\/v2\/pages\/180","targetHints":{"allow":["GET"]}}],"collection":[{"href":"https:\/\/narvasteel.com\/sv\/wp-json\/wp\/v2\/pages"}],"about":[{"href":"https:\/\/narvasteel.com\/sv\/wp-json\/wp\/v2\/types\/page"}],"author":[{"embeddable":true,"href":"https:\/\/narvasteel.com\/sv\/wp-json\/wp\/v2\/users\/1"}],"replies":[{"embeddable":true,"href":"https:\/\/narvasteel.com\/sv\/wp-json\/wp\/v2\/comments?post=180"}],"version-history":[{"count":1,"href":"https:\/\/narvasteel.com\/sv\/wp-json\/wp\/v2\/pages\/180\/revisions"}],"predecessor-version":[{"id":181,"href":"https:\/\/narvasteel.com\/sv\/wp-json\/wp\/v2\/pages\/180\/revisions\/181"}],"wp:attachment":[{"href":"https:\/\/narvasteel.com\/sv\/wp-json\/wp\/v2\/media?parent=180"}],"curies":[{"name":"wp","href":"https:\/\/api.w.org\/{rel}","templated":true}]}}