{"id":201,"date":"2019-05-02T16:10:41","date_gmt":"2019-05-02T13:10:41","guid":{"rendered":"http:\/\/narvasteel.com\/%d0%bd%d0%b5%d1%80%d0%b6%d0%b0%d0%b2%d0%b5%d1%8e%d1%89%d0%b0%d1%8f-%d1%81%d1%82%d0%b0%d0%bb%d1%8c\/"},"modified":"2019-05-07T20:37:56","modified_gmt":"2019-05-07T17:37:56","slug":"%d0%bd%d0%b5%d1%80%d0%b6%d0%b0%d0%b2%d0%b5%d1%8e%d1%89%d0%b0%d1%8f-%d1%81%d1%82%d0%b0%d0%bb%d1%8c","status":"publish","type":"page","link":"https:\/\/narvasteel.com\/sv\/%d0%bd%d0%b5%d1%80%d0%b6%d0%b0%d0%b2%d0%b5%d1%8e%d1%89%d0%b0%d1%8f-%d1%81%d1%82%d0%b0%d0%bb%d1%8c\/","title":{"rendered":"ROSTFRITT ST\u00c5L"},"content":{"rendered":"\r\n<div class=\"wp-block-image\">\r\n<figure class=\"alignright\"><img loading=\"lazy\" decoding=\"async\" width=\"347\" height=\"347\" class=\"wp-image-79\" src=\"http:\/\/narvasteel.com\/wp-content\/uploads\/2019\/04\/stainless-steel_347x347-c.jpg\" alt=\"\" srcset=\"https:\/\/narvasteel.com\/wp-content\/uploads\/2019\/04\/stainless-steel_347x347-c.jpg 347w, https:\/\/narvasteel.com\/wp-content\/uploads\/2019\/04\/stainless-steel_347x347-c-150x150.jpg 150w, https:\/\/narvasteel.com\/wp-content\/uploads\/2019\/04\/stainless-steel_347x347-c-300x300.jpg 300w, https:\/\/narvasteel.com\/wp-content\/uploads\/2019\/04\/stainless-steel_347x347-c-146x146.jpg 146w, https:\/\/narvasteel.com\/wp-content\/uploads\/2019\/04\/stainless-steel_347x347-c-50x50.jpg 50w, https:\/\/narvasteel.com\/wp-content\/uploads\/2019\/04\/stainless-steel_347x347-c-75x75.jpg 75w, https:\/\/narvasteel.com\/wp-content\/uploads\/2019\/04\/stainless-steel_347x347-c-85x85.jpg 85w, https:\/\/narvasteel.com\/wp-content\/uploads\/2019\/04\/stainless-steel_347x347-c-80x80.jpg 80w\" sizes=\"auto, (max-width: 347px) 100vw, 347px\" \/><\/figure>\r\n<\/div>\r\n\r\n\r\n\r\n<p><span>Rostfritt st\u00e5l metall &#8211; det \u00e4r korrosionsbest\u00e4ndigt, h\u00e5llbart och m\u00e5ngsidigt material, som anv\u00e4nds inom industri och konstruktion. Sortiment av metall har hundratals objekt. V\u00e5rt f\u00f6retag erbjuder ett brett utbud av platta och l\u00e5nga produkter av rostfritt st\u00e5l p\u00e5 best\u00e4llning.<\/span><\/p>\r\n<p><strong><span>Sortiment:<\/span><\/strong><\/p>\r\n<p><span>pl\u00e5t (varmvalsade, f\u00f6rkylning, dekorativa);<\/span><\/p>\r\n<p><span>r\u00f6r (s\u00f6ml\u00f6s, rund och profilerad elektriskt);<\/span><\/p>\r\n<p><span>valsad sektion (kvadrat, cirkel, tr\u00e5d, h\u00f6rnet av hexagonen.);<\/span><\/p>\r\n<p><span>l\u00e5sning och ansluta ankaret<\/span><\/p>\r\n<p><strong><span>St\u00e5l AISI:<\/span><\/strong><span> 304, 304L, 310S, 316, 316L, 316Ti, 321, 409L, 430, 430Ti<\/span><\/p>\r\n","protected":false},"excerpt":{"rendered":"<p>Rostfritt st\u00e5l metall &#8211; det \u00e4r korrosionsbest\u00e4ndigt, h\u00e5llbart och m\u00e5ngsidigt material, som anv\u00e4nds inom industri och konstruktion. Sortiment av metall har hundratals objekt. V\u00e5rt f\u00f6retag erbjuder<span class=\"excerpt-hellip\"> [\u2026]<\/span><\/p>\n","protected":false},"author":1,"featured_media":0,"parent":0,"menu_order":0,"comment_status":"closed","ping_status":"closed","template":"","meta":{"footnotes":""},"class_list":["post-201","page","type-page","status-publish","hentry"],"_links":{"self":[{"href":"https:\/\/narvasteel.com\/sv\/wp-json\/wp\/v2\/pages\/201","targetHints":{"allow":["GET"]}}],"collection":[{"href":"https:\/\/narvasteel.com\/sv\/wp-json\/wp\/v2\/pages"}],"about":[{"href":"https:\/\/narvasteel.com\/sv\/wp-json\/wp\/v2\/types\/page"}],"author":[{"embeddable":true,"href":"https:\/\/narvasteel.com\/sv\/wp-json\/wp\/v2\/users\/1"}],"replies":[{"embeddable":true,"href":"https:\/\/narvasteel.com\/sv\/wp-json\/wp\/v2\/comments?post=201"}],"version-history":[{"count":1,"href":"https:\/\/narvasteel.com\/sv\/wp-json\/wp\/v2\/pages\/201\/revisions"}],"predecessor-version":[{"id":202,"href":"https:\/\/narvasteel.com\/sv\/wp-json\/wp\/v2\/pages\/201\/revisions\/202"}],"wp:attachment":[{"href":"https:\/\/narvasteel.com\/sv\/wp-json\/wp\/v2\/media?parent=201"}],"curies":[{"name":"wp","href":"https:\/\/api.w.org\/{rel}","templated":true}]}}