{"id":222,"date":"2019-05-02T16:05:06","date_gmt":"2019-05-02T13:05:06","guid":{"rendered":"http:\/\/narvasteel.com\/%d0%bf%d0%b0%d0%bd%d0%b5%d0%bb%d1%8c%d0%bd%d1%8b%d0%b5-3d-%d0%be%d0%b3%d1%80%d0%b0%d0%b6%d0%b4%d0%b5%d0%bd%d0%b8%d1%8f\/"},"modified":"2019-05-07T20:46:14","modified_gmt":"2019-05-07T17:46:14","slug":"%d0%bf%d0%b0%d0%bd%d0%b5%d0%bb%d1%8c%d0%bd%d1%8b%d0%b5-3d-%d0%be%d0%b3%d1%80%d0%b0%d0%b6%d0%b4%d0%b5%d0%bd%d0%b8%d1%8f","status":"publish","type":"page","link":"https:\/\/narvasteel.com\/sv\/%d0%bf%d0%b0%d0%bd%d0%b5%d0%bb%d1%8c%d0%bd%d1%8b%d0%b5-3d-%d0%be%d0%b3%d1%80%d0%b0%d0%b6%d0%b4%d0%b5%d0%bd%d0%b8%d1%8f\/","title":{"rendered":"3D PANEL STAKET"},"content":{"rendered":"\r\n<div class=\"wp-block-image\">\r\n<figure class=\"alignright\"><img loading=\"lazy\" decoding=\"async\" width=\"347\" height=\"347\" class=\"wp-image-78\" src=\"http:\/\/narvasteel.com\/wp-content\/uploads\/2019\/04\/panel-fencing_347x347-c.jpg\" alt=\"\" srcset=\"https:\/\/narvasteel.com\/wp-content\/uploads\/2019\/04\/panel-fencing_347x347-c.jpg 347w, https:\/\/narvasteel.com\/wp-content\/uploads\/2019\/04\/panel-fencing_347x347-c-150x150.jpg 150w, https:\/\/narvasteel.com\/wp-content\/uploads\/2019\/04\/panel-fencing_347x347-c-300x300.jpg 300w, https:\/\/narvasteel.com\/wp-content\/uploads\/2019\/04\/panel-fencing_347x347-c-146x146.jpg 146w, https:\/\/narvasteel.com\/wp-content\/uploads\/2019\/04\/panel-fencing_347x347-c-50x50.jpg 50w, https:\/\/narvasteel.com\/wp-content\/uploads\/2019\/04\/panel-fencing_347x347-c-75x75.jpg 75w, https:\/\/narvasteel.com\/wp-content\/uploads\/2019\/04\/panel-fencing_347x347-c-85x85.jpg 85w, https:\/\/narvasteel.com\/wp-content\/uploads\/2019\/04\/panel-fencing_347x347-c-80x80.jpg 80w\" sizes=\"auto, (max-width: 347px) 100vw, 347px\" \/><\/figure>\r\n<\/div>\r\n\r\n\r\n\r\n<p><span>3d staketsystem best\u00e5r av paneler och pelare av olika h\u00f6jder, komplett med inf\u00e4stningar, och ett stort urval av swing och skjutgrindar anordnat att automatiskt leder och hinder. Horisontella staplar paneler har V-formade bockningar som ger st\u00f6rre styvhet till panelen. Slutar panelen 30 millimeter utskjutande tappar. Det rekommenderas f\u00f6r st\u00e4ngsel av offentliga institutioner, lager, skolor, parker, sport och lekplatser, industri och privata omr\u00e5den. H\u00f6g kvalitet, extremt slitstark med l\u00e5ng livsl\u00e4ngd panel och stolparna \u00e4r tillverkade av galvaniserat st\u00e5l och belagd med en polymer i enlighet med EN ISO 1461.<\/span><\/p>\r\n<p><strong><span>POLER och fixering<\/span><\/strong><\/p>\r\n<p><span>Panelerna \u00e4r f\u00f6rsedda med pelare profil 60&#215;40 mm sektion. De bakre sidostolpar har l\u00e5s anslutning som ger ytterligare styvhet, de fr\u00e4mre sidopelarna har h\u00e5l med g\u00e4ngade bussningar f\u00f6r fasts\u00e4ttning inuti panelerna med kl\u00e4mman och M6h40 skruv med inv\u00e4ndig sexkant. Pelarna levereras med ett plastlock.<\/span><\/p>\r\n<p><strong><span>Gates<\/span><\/strong><\/p>\r\n<p><span>Sv\u00e4ngande och glidande d\u00f6rr, port eller har 60h40mm 80h60mm ramen och den centrala ramen f\u00f6r extra styrka. F\u00f6rpackade produkter \u00e4r helt med pelare 80&#215;80 \/ \u200b\u200b100&#215;100 och alla n\u00f6dv\u00e4ndiga uppgifter.<\/span><\/p>\r\n<p><strong><span>Panel L\u00e4ngd:<\/span><\/strong><span> \u00a0 1230MM, 1530mm, 1730mm, 2030mm<\/span><\/p>\r\n<p><strong><span>Panelbredd:<\/span><\/strong><span> \u00a02500 mm<\/span><\/p>\r\n<p><strong><span>Maskstorlek: \u00a0<\/span><\/strong><span> \u00a050&#215;200 mm<\/span><\/p>\r\n<p><strong><span>Tr\u00e5ddiameter:<\/span><\/strong><span> \u00a04 mm, 5 mm<\/span><\/p>\r\n<p><strong><span>Bel\u00e4ggning:<\/span><\/strong><span> ZN + RAL6005 (gr\u00f6n), RAL8017 (Brown)<\/span><\/p>\r\n","protected":false},"excerpt":{"rendered":"<p>3d staketsystem best\u00e5r av paneler och pelare av olika h\u00f6jder, komplett med inf\u00e4stningar, och ett stort urval av swing och skjutgrindar anordnat att automatiskt leder och<span class=\"excerpt-hellip\"> [\u2026]<\/span><\/p>\n","protected":false},"author":1,"featured_media":0,"parent":0,"menu_order":0,"comment_status":"closed","ping_status":"closed","template":"","meta":{"footnotes":""},"class_list":["post-222","page","type-page","status-publish","hentry"],"_links":{"self":[{"href":"https:\/\/narvasteel.com\/sv\/wp-json\/wp\/v2\/pages\/222","targetHints":{"allow":["GET"]}}],"collection":[{"href":"https:\/\/narvasteel.com\/sv\/wp-json\/wp\/v2\/pages"}],"about":[{"href":"https:\/\/narvasteel.com\/sv\/wp-json\/wp\/v2\/types\/page"}],"author":[{"embeddable":true,"href":"https:\/\/narvasteel.com\/sv\/wp-json\/wp\/v2\/users\/1"}],"replies":[{"embeddable":true,"href":"https:\/\/narvasteel.com\/sv\/wp-json\/wp\/v2\/comments?post=222"}],"version-history":[{"count":1,"href":"https:\/\/narvasteel.com\/sv\/wp-json\/wp\/v2\/pages\/222\/revisions"}],"predecessor-version":[{"id":223,"href":"https:\/\/narvasteel.com\/sv\/wp-json\/wp\/v2\/pages\/222\/revisions\/223"}],"wp:attachment":[{"href":"https:\/\/narvasteel.com\/sv\/wp-json\/wp\/v2\/media?parent=222"}],"curies":[{"name":"wp","href":"https:\/\/api.w.org\/{rel}","templated":true}]}}